{"id":621433,"date":"2025-08-09T19:49:55","date_gmt":"2025-08-09T17:49:55","guid":{"rendered":"https:\/\/lucacastelli.com\/prodotto\/milwaukee-packout-thermogeformtes-holzset-6-teile\/"},"modified":"2025-08-09T19:49:55","modified_gmt":"2025-08-09T17:49:55","slug":"milwaukee-packout-thermogeformtes-holzset-6-teile","status":"publish","type":"product","link":"https:\/\/lucacastelli.com\/de\/produkt\/milwaukee-packout-thermogeformtes-holzset-6-teile\/","title":{"rendered":"MILWAUKEE PACKOUT thermogeformtes Holzset &#8211; 6 Teile"},"content":{"rendered":"<p>THERMOFORMED HANDLE SET FOR PACKOUT<br \/>\nGanzmetallkern f\u00fcr maximale Langlebigkeit;Schlagteil aus schlagfestem Metall f\u00fcr eine l\u00e4ngere Lebensdauer des Griffs;SHOCKSHIELD\u2122-Griff reduziert Vibrationen, tr\u00e4gt zur Verringerung von Erm\u00fcdungserscheinungen bei und bietet eine verbesserte Haltbarkeit;PREMIUM-Schaumstoff f\u00fcr erh\u00f6hte Haltbarkeit. Lasergeschnittene Schablonen, roter Hintergrund zum schnellen Erkennen fehlender Werkzeuge.<\/p>\n<p>4932493641<br \/>\n4058546485122<\/p>\n","protected":false},"excerpt":{"rendered":"<p>TIEFGEZOGENES ZIMMERMANNS-SET F\u00dcR PACKOUT<\/p>\n","protected":false},"featured_media":563059,"template":"","meta":{"_seopress_robots_primary_cat":"","_seopress_titles_title":"","_seopress_titles_desc":"","_seopress_robots_index":""},"product_brand":[3407],"product_cat":[5416,33],"product_tag":[3270],"class_list":{"0":"post-621433","1":"product","2":"type-product","3":"status-publish","4":"has-post-thumbnail","6":"product_brand-milwaukee","7":"product_cat-utensili-per-officina","8":"product_cat-attrezzature","9":"product_tag-import-milwau","10":"sws-conto-ricavi-merci-rivendita-macchinari-de","11":"sws-gruppo-iva-iva81-de","13":"first","14":"onbackorder","15":"sale","16":"shipping-taxable","17":"purchasable","18":"product-type-simple"},"_links":{"self":[{"href":"https:\/\/lucacastelli.com\/de\/wp-json\/wp\/v2\/product\/621433","targetHints":{"allow":["GET"]}}],"collection":[{"href":"https:\/\/lucacastelli.com\/de\/wp-json\/wp\/v2\/product"}],"about":[{"href":"https:\/\/lucacastelli.com\/de\/wp-json\/wp\/v2\/types\/product"}],"wp:featuredmedia":[{"embeddable":true,"href":"https:\/\/lucacastelli.com\/de\/wp-json\/wp\/v2\/media\/563059"}],"wp:attachment":[{"href":"https:\/\/lucacastelli.com\/de\/wp-json\/wp\/v2\/media?parent=621433"}],"wp:term":[{"taxonomy":"product_brand","embeddable":true,"href":"https:\/\/lucacastelli.com\/de\/wp-json\/wp\/v2\/product_brand?post=621433"},{"taxonomy":"product_cat","embeddable":true,"href":"https:\/\/lucacastelli.com\/de\/wp-json\/wp\/v2\/product_cat?post=621433"},{"taxonomy":"product_tag","embeddable":true,"href":"https:\/\/lucacastelli.com\/de\/wp-json\/wp\/v2\/product_tag?post=621433"}],"curies":[{"name":"wp","href":"https:\/\/api.w.org\/{rel}","templated":true}]}}