{"id":621427,"date":"2025-08-09T19:49:54","date_gmt":"2025-08-09T17:49:54","guid":{"rendered":"https:\/\/lucacastelli.com\/prodotto\/milwaukee-packout-thermogeformte-zange-8-teilig\/"},"modified":"2025-08-09T19:49:54","modified_gmt":"2025-08-09T17:49:54","slug":"milwaukee-packout-thermogeformte-zange-8-teilig","status":"publish","type":"product","link":"https:\/\/lucacastelli.com\/de\/produkt\/milwaukee-packout-thermogeformte-zange-8-teilig\/","title":{"rendered":"MILWAUKEE PACKOUT thermogeformte Zange &#8211; 8-teilig"},"content":{"rendered":"<p>THERMOZANGE SET<br \/>\nMaximale Kraft\u00fcbertragung f\u00fcr eine optimale Hebelwirkung f\u00fcr leichtes, m\u00fcheloses Arbeiten; Soft-Touch-Kopfdesign mit abgerundeten Kanten zur Vermeidung von Handverletzungen; Doppelt gezahnte Backen f\u00fcr maximalen Grip. Induktionsgeh\u00e4rtete Z\u00e4hne;Gew\u00f6lbte Backen f\u00fcr mehr Greifkraft;PREMIUM Schaumstoff f\u00fcr lange Haltbarkeit. Lasergeschnittene Schablonen, roter Hintergrund zur schnellen Identifizierung von fehlenden Werkzeugen.<\/p>\n<p>4932493643<br \/>\n4058546485146<\/p>\n","protected":false},"excerpt":{"rendered":"<p>THERMOPAKET-ZANGENSATZ<\/p>\n","protected":false},"featured_media":563081,"template":"","meta":{"_seopress_robots_primary_cat":"","_seopress_titles_title":"","_seopress_titles_desc":"","_seopress_robots_index":""},"product_brand":[3407],"product_cat":[5416,33],"product_tag":[3270],"class_list":{"0":"post-621427","1":"product","2":"type-product","3":"status-publish","4":"has-post-thumbnail","6":"product_brand-milwaukee","7":"product_cat-utensili-per-officina","8":"product_cat-attrezzature","9":"product_tag-import-milwau","10":"sws-conto-ricavi-merci-rivendita-macchinari-de","11":"sws-gruppo-iva-iva81-de","13":"first","14":"onbackorder","15":"sale","16":"shipping-taxable","17":"purchasable","18":"product-type-simple"},"_links":{"self":[{"href":"https:\/\/lucacastelli.com\/de\/wp-json\/wp\/v2\/product\/621427","targetHints":{"allow":["GET"]}}],"collection":[{"href":"https:\/\/lucacastelli.com\/de\/wp-json\/wp\/v2\/product"}],"about":[{"href":"https:\/\/lucacastelli.com\/de\/wp-json\/wp\/v2\/types\/product"}],"wp:featuredmedia":[{"embeddable":true,"href":"https:\/\/lucacastelli.com\/de\/wp-json\/wp\/v2\/media\/563081"}],"wp:attachment":[{"href":"https:\/\/lucacastelli.com\/de\/wp-json\/wp\/v2\/media?parent=621427"}],"wp:term":[{"taxonomy":"product_brand","embeddable":true,"href":"https:\/\/lucacastelli.com\/de\/wp-json\/wp\/v2\/product_brand?post=621427"},{"taxonomy":"product_cat","embeddable":true,"href":"https:\/\/lucacastelli.com\/de\/wp-json\/wp\/v2\/product_cat?post=621427"},{"taxonomy":"product_tag","embeddable":true,"href":"https:\/\/lucacastelli.com\/de\/wp-json\/wp\/v2\/product_tag?post=621427"}],"curies":[{"name":"wp","href":"https:\/\/api.w.org\/{rel}","templated":true}]}}