{"id":621423,"date":"2025-08-09T19:49:52","date_gmt":"2025-08-09T17:49:52","guid":{"rendered":"https:\/\/lucacastelli.com\/prodotto\/milwaukee-packout-thermogeformtes-isoliertes-werkzeugset-1-000v-10tlg\/"},"modified":"2025-08-09T19:49:52","modified_gmt":"2025-08-09T17:49:52","slug":"milwaukee-packout-thermogeformtes-isoliertes-werkzeugset-1-000v-10tlg","status":"publish","type":"product","link":"https:\/\/lucacastelli.com\/de\/produkt\/milwaukee-packout-thermogeformtes-isoliertes-werkzeugset-1-000v-10tlg\/","title":{"rendered":"MILWAUKEE PACKOUT thermogeformtes isoliertes Werkzeugset 1.000V &#8211; 10tlg."},"content":{"rendered":"<p>1000V THERMOFPACKOUT INSULATED TOOL SET<br \/>\nGetestet mit 10.000 Volt und garantiert bis 1.000 Volt.;Optimaler Hebel f\u00fcr einfaches und m\u00fcheloses Arbeiten.;Bis zu 60% weniger Strom beim Schneiden.;D\u00fcnnes isoliertes Geh\u00e4use f\u00fcr Anwendungen in engen R\u00e4umen.;Dreilappiger Griff f\u00fcr maximale Drehkraft.;Anti-Roll-Griff.;Premium-Schaumstoff f\u00fcr Haltbarkeit. Lasergeschnittene Schablonen, roter Hintergrund zur schnellen Erkennung fehlender Werkzeuge.<\/p>\n<p>4932493637<br \/>\n4058546485085<\/p>\n","protected":false},"excerpt":{"rendered":"<p>ISOLIERTES WERKZEUGSET 1000V THERMOFPACKOUT<\/p>\n","protected":false},"featured_media":562999,"template":"","meta":{"_seopress_robots_primary_cat":"","_seopress_titles_title":"","_seopress_titles_desc":"","_seopress_robots_index":""},"product_brand":[3407],"product_cat":[5416,33],"product_tag":[3270],"class_list":{"0":"post-621423","1":"product","2":"type-product","3":"status-publish","4":"has-post-thumbnail","6":"product_brand-milwaukee","7":"product_cat-utensili-per-officina","8":"product_cat-attrezzature","9":"product_tag-import-milwau","10":"sws-conto-ricavi-merci-rivendita-macchinari-de","11":"sws-gruppo-iva-iva81-de","13":"first","14":"onbackorder","15":"sale","16":"shipping-taxable","17":"purchasable","18":"product-type-simple"},"_links":{"self":[{"href":"https:\/\/lucacastelli.com\/de\/wp-json\/wp\/v2\/product\/621423","targetHints":{"allow":["GET"]}}],"collection":[{"href":"https:\/\/lucacastelli.com\/de\/wp-json\/wp\/v2\/product"}],"about":[{"href":"https:\/\/lucacastelli.com\/de\/wp-json\/wp\/v2\/types\/product"}],"wp:featuredmedia":[{"embeddable":true,"href":"https:\/\/lucacastelli.com\/de\/wp-json\/wp\/v2\/media\/562999"}],"wp:attachment":[{"href":"https:\/\/lucacastelli.com\/de\/wp-json\/wp\/v2\/media?parent=621423"}],"wp:term":[{"taxonomy":"product_brand","embeddable":true,"href":"https:\/\/lucacastelli.com\/de\/wp-json\/wp\/v2\/product_brand?post=621423"},{"taxonomy":"product_cat","embeddable":true,"href":"https:\/\/lucacastelli.com\/de\/wp-json\/wp\/v2\/product_cat?post=621423"},{"taxonomy":"product_tag","embeddable":true,"href":"https:\/\/lucacastelli.com\/de\/wp-json\/wp\/v2\/product_tag?post=621423"}],"curies":[{"name":"wp","href":"https:\/\/api.w.org\/{rel}","templated":true}]}}