{"id":621422,"date":"2025-08-09T19:44:35","date_gmt":"2025-08-09T17:44:35","guid":{"rendered":"https:\/\/lucacastelli.com\/prodotto\/milwaukee-speaker-packout-m12-mit-power-bank\/"},"modified":"2025-08-09T19:44:35","modified_gmt":"2025-08-09T17:44:35","slug":"milwaukee-speaker-packout-m12-mit-power-bank","status":"publish","type":"product","link":"https:\/\/lucacastelli.com\/de\/produkt\/milwaukee-speaker-packout-m12-mit-power-bank\/","title":{"rendered":"MILWAUKEE Speaker PACKOUT M12\u2122 mit Power Bank"},"content":{"rendered":"<p>PACKOUT M12\u2122 Lautsprecher mit Power Bank<br \/>\nM12 SPEJSG2-0 \/ AUDIOGER\u00c4TE<br \/>\nBluetooth\u00ae -Lautsprecher f\u00fcr Baustellen, mit Powerbank-Funktion und PACKOUT -Kompatibilit\u00e4t; Bluetooth\u00ae 5-Konnektivit\u00e4t.3: Funktioniert in bis zu 60 m Entfernung von einem Smartphone, Computer oder Tablet;Klarer Klang bei jeder Lautst\u00e4rke;Premium-Lautsprecher mit Tieft\u00f6ner f\u00fcr hochwertige B\u00e4sse;Ideal f\u00fcr den Einsatz in kleinen Bereichen;Mit der Audio-Link-Funktion k\u00f6nnen mehr als 200 Milwaukee\u00ae Lautsprecher, die mit dieser Funktion ausgestattet sind, miteinander verbunden werden;Endlose Befestigungsm\u00f6glichkeiten dank integrierter Haken, Nagelhaken und Durchgangsl\u00f6chern sowie PACKOUT-Basis;Dreh- und Verriegelungsmechanismus zur Befestigung an allen PACKOUT-Geh\u00e4usen;Sichere USB-C-Steckdose erm\u00f6glicht das Aufladen elektronischer Ger\u00e4te;Volle Akkulaufzeit f\u00fcr einen ganzen Arbeitstag mit einem 5.0 Ah (M12 HB5);Funktioniert mit allen Milwaukee\u00ae M12\u2122-Akkus<\/p>\n<p>4933498433<br \/>\n4058546523022<\/p>\n","protected":false},"excerpt":{"rendered":"<p>M12 SPEJSG2-0 \/ AUDIOGER\u00c4TE<\/p>\n","protected":false},"featured_media":590261,"template":"","meta":{"_seopress_robots_primary_cat":"","_seopress_titles_title":"","_seopress_titles_desc":"","_seopress_robots_index":""},"product_brand":[3407],"product_cat":[5416,33],"product_tag":[3270],"class_list":{"0":"post-621422","1":"product","2":"type-product","3":"status-publish","4":"has-post-thumbnail","6":"product_brand-milwaukee","7":"product_cat-utensili-per-officina","8":"product_cat-attrezzature","9":"product_tag-import-milwau","10":"sws-conto-ricavi-merci-rivendita-macchinari-de","11":"sws-gruppo-iva-iva81-de","13":"first","14":"onbackorder","15":"sale","16":"shipping-taxable","17":"purchasable","18":"product-type-simple"},"_links":{"self":[{"href":"https:\/\/lucacastelli.com\/de\/wp-json\/wp\/v2\/product\/621422","targetHints":{"allow":["GET"]}}],"collection":[{"href":"https:\/\/lucacastelli.com\/de\/wp-json\/wp\/v2\/product"}],"about":[{"href":"https:\/\/lucacastelli.com\/de\/wp-json\/wp\/v2\/types\/product"}],"wp:featuredmedia":[{"embeddable":true,"href":"https:\/\/lucacastelli.com\/de\/wp-json\/wp\/v2\/media\/590261"}],"wp:attachment":[{"href":"https:\/\/lucacastelli.com\/de\/wp-json\/wp\/v2\/media?parent=621422"}],"wp:term":[{"taxonomy":"product_brand","embeddable":true,"href":"https:\/\/lucacastelli.com\/de\/wp-json\/wp\/v2\/product_brand?post=621422"},{"taxonomy":"product_cat","embeddable":true,"href":"https:\/\/lucacastelli.com\/de\/wp-json\/wp\/v2\/product_cat?post=621422"},{"taxonomy":"product_tag","embeddable":true,"href":"https:\/\/lucacastelli.com\/de\/wp-json\/wp\/v2\/product_tag?post=621422"}],"curies":[{"name":"wp","href":"https:\/\/api.w.org\/{rel}","templated":true}]}}