{"id":621411,"date":"2025-08-09T19:32:45","date_gmt":"2025-08-09T17:32:45","guid":{"rendered":"https:\/\/lucacastelli.com\/prodotto\/milwaukee-umkehrbare-sicherungsringzange-4\/"},"modified":"2025-08-09T19:32:45","modified_gmt":"2025-08-09T17:32:45","slug":"milwaukee-umkehrbare-sicherungsringzange-4","status":"publish","type":"product","link":"https:\/\/lucacastelli.com\/de\/produkt\/milwaukee-umkehrbare-sicherungsringzange-4\/","title":{"rendered":"Milwaukee Umkehrbare Sicherungsringzange"},"content":{"rendered":"<p>REVER RINGS ELAST MED &#8211; DIRIT 18<br \/>\nSkala mit rutschfestem Design f\u00fcr eine einfachere und schnellere Umstellung von innen nach au\u00dfen.;Ganzmetall-Umstellungsskala, um Verschlei\u00df zu widerstehen und eine Verringerung der Gelenkintegrit\u00e4t zu verhindern.;Rutschfeste Griffe mit Doppeltauchfunktion.<\/p>\n<p>4932492490<br \/>\n4058546418571<\/p>\n","protected":false},"excerpt":{"rendered":"<p>REVER RING ZANGE ELAST MED &#8211; DIRIT 18<\/p>\n","protected":false},"featured_media":556799,"template":"","meta":{"_seopress_robots_primary_cat":"","_seopress_titles_title":"","_seopress_titles_desc":"","_seopress_robots_index":""},"product_brand":[3407],"product_cat":[5416,33],"product_tag":[3270],"class_list":{"0":"post-621411","1":"product","2":"type-product","3":"status-publish","4":"has-post-thumbnail","6":"product_brand-milwaukee","7":"product_cat-utensili-per-officina","8":"product_cat-attrezzature","9":"product_tag-import-milwau","10":"sws-conto-ricavi-merci-rivendita-macchinari-de","11":"sws-gruppo-iva-iva81-de","13":"first","14":"onbackorder","15":"sale","16":"shipping-taxable","17":"purchasable","18":"product-type-simple"},"_links":{"self":[{"href":"https:\/\/lucacastelli.com\/de\/wp-json\/wp\/v2\/product\/621411","targetHints":{"allow":["GET"]}}],"collection":[{"href":"https:\/\/lucacastelli.com\/de\/wp-json\/wp\/v2\/product"}],"about":[{"href":"https:\/\/lucacastelli.com\/de\/wp-json\/wp\/v2\/types\/product"}],"wp:featuredmedia":[{"embeddable":true,"href":"https:\/\/lucacastelli.com\/de\/wp-json\/wp\/v2\/media\/556799"}],"wp:attachment":[{"href":"https:\/\/lucacastelli.com\/de\/wp-json\/wp\/v2\/media?parent=621411"}],"wp:term":[{"taxonomy":"product_brand","embeddable":true,"href":"https:\/\/lucacastelli.com\/de\/wp-json\/wp\/v2\/product_brand?post=621411"},{"taxonomy":"product_cat","embeddable":true,"href":"https:\/\/lucacastelli.com\/de\/wp-json\/wp\/v2\/product_cat?post=621411"},{"taxonomy":"product_tag","embeddable":true,"href":"https:\/\/lucacastelli.com\/de\/wp-json\/wp\/v2\/product_tag?post=621411"}],"curies":[{"name":"wp","href":"https:\/\/api.w.org\/{rel}","templated":true}]}}