{"id":621410,"date":"2025-08-09T19:32:41","date_gmt":"2025-08-09T17:32:41","guid":{"rendered":"https:\/\/lucacastelli.com\/prodotto\/milwaukee-universalzange-4\/"},"modified":"2025-08-09T19:32:41","modified_gmt":"2025-08-09T17:32:41","slug":"milwaukee-universalzange-4","status":"publish","type":"product","link":"https:\/\/lucacastelli.com\/de\/produkt\/milwaukee-universalzange-4\/","title":{"rendered":"Milwaukee Universalzange"},"content":{"rendered":"<p>UNIVERSAL PLIER 180 mm<br \/>\nHervorragende Hebelwirkung f\u00fcr leichtes und m\u00fcheloses Arbeiten;Integrierter Schraubenauszieher f\u00fcr Schrauben (M8 &#8211; M10);Abgerundete Kopfkanten;Reflektionsfreies Kopfdesign und maximale Korrosionsbest\u00e4ndigkeit;Weicher Bimaterial-Griff f\u00fcr komfortable Handhabung;Material am Ende verhindert den Verlust der Griffigkeit;Spitzen mit ger\u00e4ndelten Innenfl\u00e4chen und gezahnter Aussparung erm\u00f6glichen das Biegen von flachen und gebogenen Materialien und das Schneiden von weichen und harten Dr\u00e4hten;Loch f\u00fcr Schl\u00fcsselband<\/p>\n<p>4932492462<br \/>\n4058546418298<\/p>\n","protected":false},"excerpt":{"rendered":"<p>UNIVERSAL-KALIPER 180 mm<\/p>\n","protected":false},"featured_media":556649,"template":"","meta":{"_seopress_robots_primary_cat":"","_seopress_titles_title":"","_seopress_titles_desc":"","_seopress_robots_index":""},"product_brand":[3407],"product_cat":[5416,33],"product_tag":[3270],"class_list":{"0":"post-621410","1":"product","2":"type-product","3":"status-publish","4":"has-post-thumbnail","6":"product_brand-milwaukee","7":"product_cat-utensili-per-officina","8":"product_cat-attrezzature","9":"product_tag-import-milwau","10":"sws-conto-ricavi-merci-rivendita-macchinari-de","11":"sws-gruppo-iva-iva81-de","13":"first","14":"onbackorder","15":"sale","16":"shipping-taxable","17":"purchasable","18":"product-type-simple"},"_links":{"self":[{"href":"https:\/\/lucacastelli.com\/de\/wp-json\/wp\/v2\/product\/621410","targetHints":{"allow":["GET"]}}],"collection":[{"href":"https:\/\/lucacastelli.com\/de\/wp-json\/wp\/v2\/product"}],"about":[{"href":"https:\/\/lucacastelli.com\/de\/wp-json\/wp\/v2\/types\/product"}],"wp:featuredmedia":[{"embeddable":true,"href":"https:\/\/lucacastelli.com\/de\/wp-json\/wp\/v2\/media\/556649"}],"wp:attachment":[{"href":"https:\/\/lucacastelli.com\/de\/wp-json\/wp\/v2\/media?parent=621410"}],"wp:term":[{"taxonomy":"product_brand","embeddable":true,"href":"https:\/\/lucacastelli.com\/de\/wp-json\/wp\/v2\/product_brand?post=621410"},{"taxonomy":"product_cat","embeddable":true,"href":"https:\/\/lucacastelli.com\/de\/wp-json\/wp\/v2\/product_cat?post=621410"},{"taxonomy":"product_tag","embeddable":true,"href":"https:\/\/lucacastelli.com\/de\/wp-json\/wp\/v2\/product_tag?post=621410"}],"curies":[{"name":"wp","href":"https:\/\/api.w.org\/{rel}","templated":true}]}}