{"id":621402,"date":"2025-08-09T19:32:39","date_gmt":"2025-08-09T17:32:39","guid":{"rendered":"https:\/\/lucacastelli.com\/prodotto\/milwaukee-doppeldrehpunktzange-2\/"},"modified":"2025-08-09T19:32:39","modified_gmt":"2025-08-09T17:32:39","slug":"milwaukee-doppeldrehpunktzange-2","status":"publish","type":"product","link":"https:\/\/lucacastelli.com\/de\/produkt\/milwaukee-doppeldrehpunktzange-2\/","title":{"rendered":"Milwaukee Doppeldrehpunktzange"},"content":{"rendered":"<p>DOPPELGELENKZANGE LONG INCLIN<br \/>\nWeitwinklige Kreuzgriffe f\u00fcr bessere Reichweite in engen R\u00e4umen.;Verschiedene Griffzonen f\u00fcr das Greifen einer Vielzahl von Materialien wie Schrauben, Kabel und runde Werkst\u00fccke.;Einfaches Gelenk f\u00fcr mehr Kontrolle und besseren Halt als Doppelgelenk.;Hochgriffiges Enddesign, beh\u00e4lt die Kontrolle beim Greifen und Verdrehen.<\/p>\n<p>4932492498<br \/>\n4058546418656<\/p>\n","protected":false},"excerpt":{"rendered":"<p>DOPPELDREHPUNKTZANGE LANGE SCHN\u00c4BEL INKL.<\/p>\n","protected":false},"featured_media":556904,"template":"","meta":{"_seopress_robots_primary_cat":"","_seopress_titles_title":"","_seopress_titles_desc":"","_seopress_robots_index":""},"product_brand":[3407],"product_cat":[5416,33],"product_tag":[3270],"class_list":{"0":"post-621402","1":"product","2":"type-product","3":"status-publish","4":"has-post-thumbnail","6":"product_brand-milwaukee","7":"product_cat-utensili-per-officina","8":"product_cat-attrezzature","9":"product_tag-import-milwau","10":"sws-conto-ricavi-merci-rivendita-macchinari-de","11":"sws-gruppo-iva-iva81-de","13":"first","14":"onbackorder","15":"sale","16":"shipping-taxable","17":"purchasable","18":"product-type-simple"},"_links":{"self":[{"href":"https:\/\/lucacastelli.com\/de\/wp-json\/wp\/v2\/product\/621402","targetHints":{"allow":["GET"]}}],"collection":[{"href":"https:\/\/lucacastelli.com\/de\/wp-json\/wp\/v2\/product"}],"about":[{"href":"https:\/\/lucacastelli.com\/de\/wp-json\/wp\/v2\/types\/product"}],"wp:featuredmedia":[{"embeddable":true,"href":"https:\/\/lucacastelli.com\/de\/wp-json\/wp\/v2\/media\/556904"}],"wp:attachment":[{"href":"https:\/\/lucacastelli.com\/de\/wp-json\/wp\/v2\/media?parent=621402"}],"wp:term":[{"taxonomy":"product_brand","embeddable":true,"href":"https:\/\/lucacastelli.com\/de\/wp-json\/wp\/v2\/product_brand?post=621402"},{"taxonomy":"product_cat","embeddable":true,"href":"https:\/\/lucacastelli.com\/de\/wp-json\/wp\/v2\/product_cat?post=621402"},{"taxonomy":"product_tag","embeddable":true,"href":"https:\/\/lucacastelli.com\/de\/wp-json\/wp\/v2\/product_tag?post=621402"}],"curies":[{"name":"wp","href":"https:\/\/api.w.org\/{rel}","templated":true}]}}