{"id":621393,"date":"2025-08-09T19:32:35","date_gmt":"2025-08-09T17:32:35","guid":{"rendered":"https:\/\/lucacastelli.com\/prodotto\/milwaukee-doppeldrehpunktzange-fuer-zuendkerzenstecker-2\/"},"modified":"2025-08-09T19:32:35","modified_gmt":"2025-08-09T17:32:35","slug":"milwaukee-doppeldrehpunktzange-fuer-zuendkerzenstecker-2","status":"publish","type":"product","link":"https:\/\/lucacastelli.com\/de\/produkt\/milwaukee-doppeldrehpunktzange-fuer-zuendkerzenstecker-2\/","title":{"rendered":"Milwaukee Doppeldrehpunktzange f\u00fcr Z\u00fcndkerzenstecker"},"content":{"rendered":"<p>DOPPELTE FULCRUM-KAPPENKANNE 19mm<br \/>\nWeitwinklige Kreuzgriffe f\u00fcr bessere Reichweite in engen R\u00e4umen.;Verschiedene Griffzonen f\u00fcr das Greifen einer Vielzahl von Materialien wie Schrauben, Kabel und runde Werkst\u00fccke.;Einfaches Gelenk f\u00fcr mehr Kontrolle und besseren Halt als doppeltes Gelenk.;Hochgriffiges Enddesign, beh\u00e4lt die Kontrolle beim Greifen und Verdrehen.<\/p>\n<p>4932492502<br \/>\n4058546418694<\/p>\n","protected":false},"excerpt":{"rendered":"<p>DOPPELTE FULCRUM-KAPPENKERZEN 19mm<\/p>\n","protected":false},"featured_media":557008,"template":"","meta":{"_seopress_robots_primary_cat":"","_seopress_titles_title":"","_seopress_titles_desc":"","_seopress_robots_index":""},"product_brand":[3407],"product_cat":[5416,33],"product_tag":[3270],"class_list":{"0":"post-621393","1":"product","2":"type-product","3":"status-publish","4":"has-post-thumbnail","6":"product_brand-milwaukee","7":"product_cat-utensili-per-officina","8":"product_cat-attrezzature","9":"product_tag-import-milwau","10":"sws-conto-ricavi-merci-rivendita-macchinari-de","11":"sws-gruppo-iva-iva81-de","13":"first","14":"onbackorder","15":"sale","16":"shipping-taxable","17":"purchasable","18":"product-type-simple"},"_links":{"self":[{"href":"https:\/\/lucacastelli.com\/de\/wp-json\/wp\/v2\/product\/621393","targetHints":{"allow":["GET"]}}],"collection":[{"href":"https:\/\/lucacastelli.com\/de\/wp-json\/wp\/v2\/product"}],"about":[{"href":"https:\/\/lucacastelli.com\/de\/wp-json\/wp\/v2\/types\/product"}],"wp:featuredmedia":[{"embeddable":true,"href":"https:\/\/lucacastelli.com\/de\/wp-json\/wp\/v2\/media\/557008"}],"wp:attachment":[{"href":"https:\/\/lucacastelli.com\/de\/wp-json\/wp\/v2\/media?parent=621393"}],"wp:term":[{"taxonomy":"product_brand","embeddable":true,"href":"https:\/\/lucacastelli.com\/de\/wp-json\/wp\/v2\/product_brand?post=621393"},{"taxonomy":"product_cat","embeddable":true,"href":"https:\/\/lucacastelli.com\/de\/wp-json\/wp\/v2\/product_cat?post=621393"},{"taxonomy":"product_tag","embeddable":true,"href":"https:\/\/lucacastelli.com\/de\/wp-json\/wp\/v2\/product_tag?post=621393"}],"curies":[{"name":"wp","href":"https:\/\/api.w.org\/{rel}","templated":true}]}}