{"id":621387,"date":"2025-08-09T19:32:32","date_gmt":"2025-08-09T17:32:32","guid":{"rendered":"https:\/\/lucacastelli.com\/prodotto\/milwaukee-umkehrbare-sicherungsringzange-2\/"},"modified":"2025-08-09T19:32:32","modified_gmt":"2025-08-09T17:32:32","slug":"milwaukee-umkehrbare-sicherungsringzange-2","status":"publish","type":"product","link":"https:\/\/lucacastelli.com\/de\/produkt\/milwaukee-umkehrbare-sicherungsringzange-2\/","title":{"rendered":"Milwaukee Umkehrbare Sicherungsringzange"},"content":{"rendered":"<p>SET 9 UMWANDELBARE ELASTENRINGZANGE<br \/>\nSkala mit rutschfestem Design f\u00fcr eine einfachere und schnellere Umwandlung von innen nach au\u00dfen; Ganzmetall-Umwandlungsskala, die verschlei\u00dffest ist und eine Verringerung der Gelenkintegrit\u00e4t verhindert; rutschfeste Griffe mit doppelter Eintauchung.<\/p>\n<p>4932492496<br \/>\n4058546418632<\/p>\n","protected":false},"excerpt":{"rendered":"<p>SATZ MIT 9 UMKEHRBAREN SICHERUNGSRINGZANGEN<\/p>\n","protected":false},"featured_media":556841,"template":"","meta":{"_seopress_robots_primary_cat":"","_seopress_titles_title":"","_seopress_titles_desc":"","_seopress_robots_index":""},"product_brand":[3407],"product_cat":[5416,33],"product_tag":[3270],"class_list":{"0":"post-621387","1":"product","2":"type-product","3":"status-publish","4":"has-post-thumbnail","6":"product_brand-milwaukee","7":"product_cat-utensili-per-officina","8":"product_cat-attrezzature","9":"product_tag-import-milwau","10":"sws-conto-ricavi-merci-rivendita-macchinari-de","11":"sws-gruppo-iva-iva81-de","13":"first","14":"onbackorder","15":"sale","16":"shipping-taxable","17":"purchasable","18":"product-type-simple"},"_links":{"self":[{"href":"https:\/\/lucacastelli.com\/de\/wp-json\/wp\/v2\/product\/621387","targetHints":{"allow":["GET"]}}],"collection":[{"href":"https:\/\/lucacastelli.com\/de\/wp-json\/wp\/v2\/product"}],"about":[{"href":"https:\/\/lucacastelli.com\/de\/wp-json\/wp\/v2\/types\/product"}],"wp:featuredmedia":[{"embeddable":true,"href":"https:\/\/lucacastelli.com\/de\/wp-json\/wp\/v2\/media\/556841"}],"wp:attachment":[{"href":"https:\/\/lucacastelli.com\/de\/wp-json\/wp\/v2\/media?parent=621387"}],"wp:term":[{"taxonomy":"product_brand","embeddable":true,"href":"https:\/\/lucacastelli.com\/de\/wp-json\/wp\/v2\/product_brand?post=621387"},{"taxonomy":"product_cat","embeddable":true,"href":"https:\/\/lucacastelli.com\/de\/wp-json\/wp\/v2\/product_cat?post=621387"},{"taxonomy":"product_tag","embeddable":true,"href":"https:\/\/lucacastelli.com\/de\/wp-json\/wp\/v2\/product_tag?post=621387"}],"curies":[{"name":"wp","href":"https:\/\/api.w.org\/{rel}","templated":true}]}}