{"id":621386,"date":"2025-08-09T19:32:27","date_gmt":"2025-08-09T17:32:27","guid":{"rendered":"https:\/\/lucacastelli.com\/prodotto\/milwaukee-selbstsichernde-c-schellen\/"},"modified":"2025-08-09T19:32:27","modified_gmt":"2025-08-09T17:32:27","slug":"milwaukee-selbstsichernde-c-schellen","status":"publish","type":"product","link":"https:\/\/lucacastelli.com\/de\/produkt\/milwaukee-selbstsichernde-c-schellen\/","title":{"rendered":"Milwaukee Selbstsichernde C-Schellen"},"content":{"rendered":"<p>TORQUE LOCK PLIERS REG 480mm 1pcs<br \/>\nSelbstsichernde C-LOCKING TORQUE LOCK \u2122 Zange: schnelle und einfache Montage auf flachen und runden Oberfl\u00e4chen. Zus\u00e4tzliche Kraft kann aufgebracht werden. Kann auch zum Aufh\u00e4ngen und Lagern von Material verwendet werden;Geh\u00e4rtete Backen f\u00fcr besseren Griff und Halt am Material;Rostschutz: Verchromung erh\u00f6ht die Haltbarkeit durch Reduzierung der Korrosion;Traditionelles Hebeldesign  <\/p>\n<p>4932472260<br \/>\n4058546339067<\/p>\n","protected":false},"excerpt":{"rendered":"<p>CALIPER AUT HOOKS C.CIGNO REG 480mm 1pcs<\/p>\n","protected":false},"featured_media":539702,"template":"","meta":{"_seopress_robots_primary_cat":"","_seopress_titles_title":"","_seopress_titles_desc":"","_seopress_robots_index":""},"product_brand":[3407],"product_cat":[5416,33],"product_tag":[3270],"class_list":{"0":"post-621386","1":"product","2":"type-product","3":"status-publish","4":"has-post-thumbnail","6":"product_brand-milwaukee","7":"product_cat-utensili-per-officina","8":"product_cat-attrezzature","9":"product_tag-import-milwau","10":"sws-conto-ricavi-merci-rivendita-macchinari-de","11":"sws-gruppo-iva-iva81-de","13":"first","14":"onbackorder","15":"sale","16":"shipping-taxable","17":"purchasable","18":"product-type-simple"},"_links":{"self":[{"href":"https:\/\/lucacastelli.com\/de\/wp-json\/wp\/v2\/product\/621386","targetHints":{"allow":["GET"]}}],"collection":[{"href":"https:\/\/lucacastelli.com\/de\/wp-json\/wp\/v2\/product"}],"about":[{"href":"https:\/\/lucacastelli.com\/de\/wp-json\/wp\/v2\/types\/product"}],"wp:featuredmedia":[{"embeddable":true,"href":"https:\/\/lucacastelli.com\/de\/wp-json\/wp\/v2\/media\/539702"}],"wp:attachment":[{"href":"https:\/\/lucacastelli.com\/de\/wp-json\/wp\/v2\/media?parent=621386"}],"wp:term":[{"taxonomy":"product_brand","embeddable":true,"href":"https:\/\/lucacastelli.com\/de\/wp-json\/wp\/v2\/product_brand?post=621386"},{"taxonomy":"product_cat","embeddable":true,"href":"https:\/\/lucacastelli.com\/de\/wp-json\/wp\/v2\/product_cat?post=621386"},{"taxonomy":"product_tag","embeddable":true,"href":"https:\/\/lucacastelli.com\/de\/wp-json\/wp\/v2\/product_tag?post=621386"}],"curies":[{"name":"wp","href":"https:\/\/api.w.org\/{rel}","templated":true}]}}