{"id":621379,"date":"2025-08-09T19:32:02","date_gmt":"2025-08-09T17:32:02","guid":{"rendered":"https:\/\/lucacastelli.com\/prodotto\/milwaukee-papageienzange-2\/"},"modified":"2025-08-09T19:32:02","modified_gmt":"2025-08-09T17:32:02","slug":"milwaukee-papageienzange-2","status":"publish","type":"product","link":"https:\/\/lucacastelli.com\/de\/produkt\/milwaukee-papageienzange-2\/","title":{"rendered":"Milwaukee Papageienzange"},"content":{"rendered":"<p>PAPPAG ADJUSTMENT 180mm<br \/>\nDoppelt gezahnte Backen f\u00fcr maximalen Grip; Induktionsgeh\u00e4rtete Backen mit selbstsichernder Verriegelung, um ein Abrutschen zu verhindern; Integrierte Nagelhalterung; Design garantiert hohe Festigkeit und Greifkapazit\u00e4t; Druckknopf f\u00fcr schnelle und pr\u00e4zise Einstellungen; Gesch\u00fctzte Finger an jedem Einstellpunkt der Zahnstange<\/p>\n<p>4932492458<br \/>\n4058546418250<\/p>\n","protected":false},"excerpt":{"rendered":"<p>PAPPAG PLIP REGULATOR 180mm<\/p>\n","protected":false},"featured_media":556617,"template":"","meta":{"_seopress_robots_primary_cat":"","_seopress_titles_title":"","_seopress_titles_desc":"","_seopress_robots_index":""},"product_brand":[3407],"product_cat":[5416,33],"product_tag":[3270],"class_list":{"0":"post-621379","1":"product","2":"type-product","3":"status-publish","4":"has-post-thumbnail","6":"product_brand-milwaukee","7":"product_cat-utensili-per-officina","8":"product_cat-attrezzature","9":"product_tag-import-milwau","10":"sws-conto-ricavi-merci-rivendita-macchinari-de","11":"sws-gruppo-iva-iva81-de","13":"first","14":"onbackorder","15":"sale","16":"shipping-taxable","17":"purchasable","18":"product-type-simple"},"_links":{"self":[{"href":"https:\/\/lucacastelli.com\/de\/wp-json\/wp\/v2\/product\/621379","targetHints":{"allow":["GET"]}}],"collection":[{"href":"https:\/\/lucacastelli.com\/de\/wp-json\/wp\/v2\/product"}],"about":[{"href":"https:\/\/lucacastelli.com\/de\/wp-json\/wp\/v2\/types\/product"}],"wp:featuredmedia":[{"embeddable":true,"href":"https:\/\/lucacastelli.com\/de\/wp-json\/wp\/v2\/media\/556617"}],"wp:attachment":[{"href":"https:\/\/lucacastelli.com\/de\/wp-json\/wp\/v2\/media?parent=621379"}],"wp:term":[{"taxonomy":"product_brand","embeddable":true,"href":"https:\/\/lucacastelli.com\/de\/wp-json\/wp\/v2\/product_brand?post=621379"},{"taxonomy":"product_cat","embeddable":true,"href":"https:\/\/lucacastelli.com\/de\/wp-json\/wp\/v2\/product_cat?post=621379"},{"taxonomy":"product_tag","embeddable":true,"href":"https:\/\/lucacastelli.com\/de\/wp-json\/wp\/v2\/product_tag?post=621379"}],"curies":[{"name":"wp","href":"https:\/\/api.w.org\/{rel}","templated":true}]}}