{"id":621373,"date":"2025-08-19T10:31:29","date_gmt":"2025-08-19T08:31:29","guid":{"rendered":"https:\/\/lucacastelli.com\/prodotto\/protos-inuit-teddy-weste-kid-4\/"},"modified":"2026-04-14T04:10:37","modified_gmt":"2026-04-14T02:10:37","slug":"protos-inuit-teddy-weste-kid-4","status":"publish","type":"product","link":"https:\/\/lucacastelli.com\/de\/produkt\/protos-inuit-teddy-weste-kid-4\/","title":{"rendered":"Protos\u00ae Inuit Teddy Weste Kids"},"content":{"rendered":"<p>Die PROTOS\u00ae Inuit Teddy Weste Kids besteht aus glattem Strick mit schmutzabweisender Funktion. Die Innenseite der Weste ist mit einem weichen, hoch atmungsaktiven Thermofell ausgestattet. Beidseitig finden sich das patentierte Zipp2Zipp\u00ae-Taschensystem, Seitentaschen und extra tiefe Innentaschen. Seitlicher Reissverschluss f\u00fcr eine flexible und funktionelle Passform. Der hohe, weiche Kragen und die verl\u00e4ngerte R\u00fcckenpartie sch\u00fctzen den Nacken- und Lendenbereich vor Wind und K\u00e4lte.<br \/>\n-Zipp2Zipp\u00ae-Taschensystem<br \/>\n-Hochelastische und schmutzabweisende Strickweste<br \/>\n-Weiches und flauschiges Thermofell, gef\u00fctterter Stehkragen<br \/>\n-PrimaLoft\u00ae Gold Wattierung im vorderen Schulterbereich<br \/>\n-Reflektierendes 3CON\u00ae auf dem R\u00fccken<br \/>\n-Zipp4Fit\u00ae-System    <\/p>\n<p>Material: 100 % Polyester<br \/>\nGr\u00f6\u00dfen: S (92\/104), M (116\/128), L (140\/152) Flexible Gr\u00f6\u00dfe dank Zipp4Fit\u00ae-System (variabler Umfang)<\/p>\n","protected":false},"excerpt":{"rendered":"<p>Die PROTOS\u00ae Inuit Teddy Weste Kids besteht aus glattem Strick mit schmutzabweisender Funktion. Die Innenseite der Weste ist mit einem<\/p>\n","protected":false},"featured_media":619113,"template":"","meta":{"_seopress_robots_primary_cat":"none","_seopress_titles_title":"","_seopress_titles_desc":"","_seopress_robots_index":""},"product_brand":[3670,4720],"product_cat":[974,1385,82],"product_tag":[],"class_list":{"0":"post-621373","1":"product","2":"type-product","3":"status-publish","4":"has-post-thumbnail","6":"product_brand-pfanner-de","7":"product_brand-protos-de","8":"product_cat-freizeitkleidung","9":"product_cat-kinderbekleidung","10":"product_cat-kleidung","11":"sws-gruppo-no-gruppo-de","12":"sws-categoria-sito-de","13":"sws-conto-ricavi-merci-rivendita-abbigliamento-de","14":"sws-gruppo-iva-iva81-de","16":"first","17":"instock","18":"shipping-taxable","19":"purchasable","20":"product-type-variable","21":"has-default-attributes"},"_links":{"self":[{"href":"https:\/\/lucacastelli.com\/de\/wp-json\/wp\/v2\/product\/621373","targetHints":{"allow":["GET"]}}],"collection":[{"href":"https:\/\/lucacastelli.com\/de\/wp-json\/wp\/v2\/product"}],"about":[{"href":"https:\/\/lucacastelli.com\/de\/wp-json\/wp\/v2\/types\/product"}],"wp:featuredmedia":[{"embeddable":true,"href":"https:\/\/lucacastelli.com\/de\/wp-json\/wp\/v2\/media\/619113"}],"wp:attachment":[{"href":"https:\/\/lucacastelli.com\/de\/wp-json\/wp\/v2\/media?parent=621373"}],"wp:term":[{"taxonomy":"product_brand","embeddable":true,"href":"https:\/\/lucacastelli.com\/de\/wp-json\/wp\/v2\/product_brand?post=621373"},{"taxonomy":"product_cat","embeddable":true,"href":"https:\/\/lucacastelli.com\/de\/wp-json\/wp\/v2\/product_cat?post=621373"},{"taxonomy":"product_tag","embeddable":true,"href":"https:\/\/lucacastelli.com\/de\/wp-json\/wp\/v2\/product_tag?post=621373"}],"curies":[{"name":"wp","href":"https:\/\/api.w.org\/{rel}","templated":true}]}}