{"id":621337,"date":"2025-08-19T10:26:07","date_gmt":"2025-08-19T08:26:07","guid":{"rendered":"https:\/\/lucacastelli.com\/prodotto\/protos-inuit-teddy-weste-kid\/"},"modified":"2026-04-14T04:15:24","modified_gmt":"2026-04-14T02:15:24","slug":"protos-inuit-teddy-weste-kid","status":"publish","type":"product","link":"https:\/\/lucacastelli.com\/de\/produkt\/protos-inuit-teddy-weste-kid\/","title":{"rendered":"Protos\u00ae Inuit Teddy Weste Kid"},"content":{"rendered":"<p>Die PROTOS\u00ae Inuit Teddy Kids Weste ist aus glattem Strick gefertigt und verf\u00fcgt \u00fcber eine schmutzabweisende Funktion. Das Innere der Weste ist mit einem weichen, hochatmungsaktiven und w\u00e4rmenden Teddyfell ausgestattet. Auf beiden Seiten befinden sich das patentierte Zipp2Zipp\u00ae Taschensystem, Seitentaschen und extra tiefe Innentaschen. Seitlicher Rei\u00dfverschluss f\u00fcr flexible und funktionale Passform. Der hohe, weiche Kragen und der verl\u00e4ngerte R\u00fcckenteil sch\u00fctzen Nacken und Lendenbereich vor Wind und K\u00e4lte.<br \/>\n-Zipp2Zipp\u00ae Taschensystem<br \/>\n-Hochelastische und schmutzabweisende Strickweste<br \/>\n-Weiches, flauschiges Teddyfell, gef\u00fctterter hoher Kragen<br \/>\n-PrimaLoft\u00ae Gold Isolierung im vorderen Schulterbereich<br \/>\n-Reflektierendes 3CON\u00ae auf der R\u00fcckseite<br \/>\n-Zipp4Fit\u00ae System    <\/p>\n<p>Material: 100 % Polyester<br \/>\nGr\u00f6\u00dfen: S (92\/104), M (116\/128), L (140\/152) Flexible Gr\u00f6\u00dfe dank Zipp4Fit\u00ae-System (variabler Umfang)<\/p>\n","protected":false},"excerpt":{"rendered":"<p>Die PROTOS\u00ae Inuit Teddy Kids Weste ist aus glattem Strick gefertigt und verf\u00fcgt \u00fcber eine schmutzabweisende Funktion. Das Innere der<\/p>\n","protected":false},"featured_media":619109,"template":"","meta":{"_seopress_robots_primary_cat":"none","_seopress_titles_title":"","_seopress_titles_desc":"","_seopress_robots_index":""},"product_brand":[3670,4720],"product_cat":[974,1385,82],"product_tag":[],"class_list":{"0":"post-621337","1":"product","2":"type-product","3":"status-publish","4":"has-post-thumbnail","6":"product_brand-pfanner-de","7":"product_brand-protos-de","8":"product_cat-freizeitkleidung","9":"product_cat-kinderbekleidung","10":"product_cat-kleidung","11":"sws-gruppo-no-gruppo-de","12":"sws-categoria-sito-de","13":"sws-conto-ricavi-merci-rivendita-abbigliamento-de","14":"sws-gruppo-iva-iva81-de","16":"first","17":"instock","18":"shipping-taxable","19":"purchasable","20":"product-type-variable","21":"has-default-attributes"},"_links":{"self":[{"href":"https:\/\/lucacastelli.com\/de\/wp-json\/wp\/v2\/product\/621337","targetHints":{"allow":["GET"]}}],"collection":[{"href":"https:\/\/lucacastelli.com\/de\/wp-json\/wp\/v2\/product"}],"about":[{"href":"https:\/\/lucacastelli.com\/de\/wp-json\/wp\/v2\/types\/product"}],"wp:featuredmedia":[{"embeddable":true,"href":"https:\/\/lucacastelli.com\/de\/wp-json\/wp\/v2\/media\/619109"}],"wp:attachment":[{"href":"https:\/\/lucacastelli.com\/de\/wp-json\/wp\/v2\/media?parent=621337"}],"wp:term":[{"taxonomy":"product_brand","embeddable":true,"href":"https:\/\/lucacastelli.com\/de\/wp-json\/wp\/v2\/product_brand?post=621337"},{"taxonomy":"product_cat","embeddable":true,"href":"https:\/\/lucacastelli.com\/de\/wp-json\/wp\/v2\/product_cat?post=621337"},{"taxonomy":"product_tag","embeddable":true,"href":"https:\/\/lucacastelli.com\/de\/wp-json\/wp\/v2\/product_tag?post=621337"}],"curies":[{"name":"wp","href":"https:\/\/api.w.org\/{rel}","templated":true}]}}