{"id":621150,"date":"2025-08-20T13:30:02","date_gmt":"2025-08-20T11:30:02","guid":{"rendered":"https:\/\/lucacastelli.com\/?post_type=product&#038;p=621150"},"modified":"2025-10-27T14:43:37","modified_gmt":"2025-10-27T13:43:37","slug":"pfanner-canvas-warnhose-en-20471-neongelb-copia-copia","status":"publish","type":"product","link":"https:\/\/lucacastelli.com\/de\/produkt\/pfanner-canvas-warnhose-en-20471-neongelb-copia-copia\/","title":{"rendered":"PFANNER Canvas Hose"},"content":{"rendered":"<p>Die Stretchzone Canvas Hose ist perfekt f\u00fcr den Arbeitsalltag geeignet. Die StretchZone\u00ae Technologie garantiert eine optimale Passform und maximale Atmungsaktivit\u00e4t bei allen Aktivit\u00e4ten. Die Taschen sind strategisch f\u00fcr den t\u00e4glichen Gebrauch platziert und beinhalten eine spezielle dreifache Zollstocktasche, die Platz f\u00fcr alle Werkzeuge bietet. Die Stretchzone Canvas Hose gibt es auch in einer Shorts-Version.<br \/>\n-Stretchzone Technologie<br \/>\n-Maximale Bewegungsfreiheit<br \/>\n-Gladiator\u00ae Verst\u00e4rkung an den Knien<br \/>\n-Knietasche mit Klettverschluss\u00f6ffnung f\u00fcr Knieschoner<br \/>\n-Dreifachma\u00dfbandtasche<br \/>\n-Rei\u00dffester Zwickel<br \/>\n-Flanellfutter<br \/>\n-Reflektierende Streifen<br \/>\n-Durchgehender elastischer G\u00fcrtel<br \/>\n-Kurzversion auf Anfrage erh\u00e4ltlich   <\/p>\n<p>Material<br \/>\nCanvas: 65% PES, 35% Baumwolle<br \/>\nStretch-Gewebe: 90% Polyamid, 10% Elastan<br \/>\nGr\u00f6\u00dfen<br \/>\nStretchzone Canvas Hosen sind mit einem +5 cm Stretch-System hergestellt<br \/>\nKurze Version auf Anfrage erh\u00e4ltlich<\/p>\n","protected":false},"excerpt":{"rendered":"<p>Die Stretchzone Canvas Hose ist perfekt f\u00fcr den Arbeitsalltag geeignet. Die StretchZone\u00ae Technologie garantiert eine optimale Passform und maximale Atmungsaktivit\u00e4t<\/p>\n","protected":false},"featured_media":620892,"template":"","meta":{"_seopress_robots_primary_cat":"none","_seopress_titles_title":"","_seopress_titles_desc":"","_seopress_robots_index":""},"product_brand":[3670],"product_cat":[1382,82],"product_tag":[],"class_list":{"0":"post-621150","1":"product","2":"type-product","3":"status-publish","4":"has-post-thumbnail","6":"product_brand-pfanner-de","7":"product_cat-arbeitskleidung","8":"product_cat-kleidung","9":"sws-gruppo-no-gruppo","10":"sws-conto-ricavi-merci-rivendita-abbigliamento","11":"sws-gruppo-iva-iva81","13":"first","14":"instock","15":"shipping-taxable","16":"purchasable","17":"product-type-variable","18":"has-default-attributes"},"_links":{"self":[{"href":"https:\/\/lucacastelli.com\/de\/wp-json\/wp\/v2\/product\/621150","targetHints":{"allow":["GET"]}}],"collection":[{"href":"https:\/\/lucacastelli.com\/de\/wp-json\/wp\/v2\/product"}],"about":[{"href":"https:\/\/lucacastelli.com\/de\/wp-json\/wp\/v2\/types\/product"}],"wp:featuredmedia":[{"embeddable":true,"href":"https:\/\/lucacastelli.com\/de\/wp-json\/wp\/v2\/media\/620892"}],"wp:attachment":[{"href":"https:\/\/lucacastelli.com\/de\/wp-json\/wp\/v2\/media?parent=621150"}],"wp:term":[{"taxonomy":"product_brand","embeddable":true,"href":"https:\/\/lucacastelli.com\/de\/wp-json\/wp\/v2\/product_brand?post=621150"},{"taxonomy":"product_cat","embeddable":true,"href":"https:\/\/lucacastelli.com\/de\/wp-json\/wp\/v2\/product_cat?post=621150"},{"taxonomy":"product_tag","embeddable":true,"href":"https:\/\/lucacastelli.com\/de\/wp-json\/wp\/v2\/product_tag?post=621150"}],"curies":[{"name":"wp","href":"https:\/\/api.w.org\/{rel}","templated":true}]}}