{"id":621132,"date":"2025-08-20T13:30:00","date_gmt":"2025-08-20T11:30:00","guid":{"rendered":"https:\/\/lucacastelli.com\/?post_type=product&#038;p=621132"},"modified":"2026-04-14T04:09:09","modified_gmt":"2026-04-14T02:09:09","slug":"pfanner-canvas-warnhose-en-20471-neongelb-copia-copia-3","status":"publish","type":"product","link":"https:\/\/lucacastelli.com\/de\/produkt\/pfanner-canvas-warnhose-en-20471-neongelb-copia-copia-3\/","title":{"rendered":"PFANNER Canvas Hose"},"content":{"rendered":"<p>Die StretchZone\u00ae Canvas Hose ist perfekt f\u00fcr den t\u00e4glichen Arbeitseinsatz. Die StretchZone\u00ae-Technologie garantiert optimalen Halt und maximale Atmungsaktivit\u00e4t bei allen Aktivit\u00e4ten. Die Taschen sind strategisch f\u00fcr den Alltag platziert und enthalten eine spezielle dreifache Meterstabtasche, die Platz f\u00fcr alle Werkzeuge bietet. Die StretchZone\u00ae Canvas Hose ist auch als Shorts erh\u00e4ltlich.<br \/>\n-StretchZone\u00ae-Technologie<br \/>\n-Maximale Bewegungsfreiheit<br \/>\n-Gladiator\u00ae-Verst\u00e4rkung an den Knien<br \/>\n-Knietasche mit Klettverschluss f\u00fcr Kniepolster<br \/>\n-Dreifache Meterstabtasche<br \/>\n-Rei\u00dffester Zwickel<br \/>\n-Flanell-Innenseite<br \/>\n-Reflexstreifen<br \/>\n-Durchgehender elastischer G\u00fcrtel<br \/>\n-Kurzversion auf Anfrage erh\u00e4ltlich   <\/p>\n<p>Material<br \/>\nCanvas: 65 % PES, 35 % Baumwolle<br \/>\nStretchgewebe: 90 % Polyamid, 10 % Elasthan<br \/>\nGr\u00f6\u00dfen<br \/>\nDie StretchZone\u00ae Canvas Hose ist mit einem +5 cm Verl\u00e4ngerungssystem gefertigt<br \/>\nKurzversion auf Anfrage erh\u00e4ltlich<\/p>\n","protected":false},"excerpt":{"rendered":"<p>Die StretchZone\u00ae Canvas Hose ist perfekt f\u00fcr den t\u00e4glichen Arbeitseinsatz. Die StretchZone\u00ae-Technologie garantiert optimalen Halt und maximale Atmungsaktivit\u00e4t bei allen<\/p>\n","protected":false},"featured_media":620900,"template":"","meta":{"_seopress_robots_primary_cat":"none","_seopress_titles_title":"","_seopress_titles_desc":"","_seopress_robots_index":""},"product_brand":[3458],"product_cat":[21,284],"product_tag":[],"class_list":{"0":"post-621132","1":"product","2":"type-product","3":"status-publish","4":"has-post-thumbnail","6":"product_brand-pfanner","7":"product_cat-abbigliamento","8":"product_cat-abbigliamento-da-lavoro","9":"sws-gruppo-no-gruppo-de","10":"sws-conto-ricavi-merci-rivendita-abbigliamento-de","11":"sws-gruppo-iva-iva81-de","13":"first","14":"instock","15":"shipping-taxable","16":"purchasable","17":"product-type-variable","18":"has-default-attributes"},"_links":{"self":[{"href":"https:\/\/lucacastelli.com\/de\/wp-json\/wp\/v2\/product\/621132","targetHints":{"allow":["GET"]}}],"collection":[{"href":"https:\/\/lucacastelli.com\/de\/wp-json\/wp\/v2\/product"}],"about":[{"href":"https:\/\/lucacastelli.com\/de\/wp-json\/wp\/v2\/types\/product"}],"wp:featuredmedia":[{"embeddable":true,"href":"https:\/\/lucacastelli.com\/de\/wp-json\/wp\/v2\/media\/620900"}],"wp:attachment":[{"href":"https:\/\/lucacastelli.com\/de\/wp-json\/wp\/v2\/media?parent=621132"}],"wp:term":[{"taxonomy":"product_brand","embeddable":true,"href":"https:\/\/lucacastelli.com\/de\/wp-json\/wp\/v2\/product_brand?post=621132"},{"taxonomy":"product_cat","embeddable":true,"href":"https:\/\/lucacastelli.com\/de\/wp-json\/wp\/v2\/product_cat?post=621132"},{"taxonomy":"product_tag","embeddable":true,"href":"https:\/\/lucacastelli.com\/de\/wp-json\/wp\/v2\/product_tag?post=621132"}],"curies":[{"name":"wp","href":"https:\/\/api.w.org\/{rel}","templated":true}]}}