{"id":620740,"date":"2025-08-20T01:13:57","date_gmt":"2025-08-19T23:13:57","guid":{"rendered":"https:\/\/lucacastelli.com\/?post_type=product&#038;p=620740"},"modified":"2026-04-14T04:14:38","modified_gmt":"2026-04-14T02:14:38","slug":"protos-thermoweste-copia-copia-copia","status":"publish","type":"product","link":"https:\/\/lucacastelli.com\/de\/produkt\/protos-thermoweste-copia-copia-copia\/","title":{"rendered":"PFANNER Nanoshield\u00ae Regenhose EVO"},"content":{"rendered":"<p>Die Nanoshield\u00ae Regenhose EVO ist mit einer Wassers\u00e4ule von \u00fcber 20.000 mm absolut wasserdicht. Mit Meterstab- und Handytasche sowie Rei\u00dfverschluss- und Bundverschluss ist sie eine vollwertige Arbeitshose. Seitliche Rei\u00dfverschl\u00fcsse bis \u00fcber das Knie erleichtern das Anziehen mit Schuhen. Bei der Nanoshield\u00ae Regenhose EVO haben wir nicht auf G\u00fcrtelschlaufen und Hosentr\u00e4gerlaschen verzichtet. Die Modelle in Neongelb und Orange entsprechen zudem der Norm EN 20471 \/ Klasse 2.<br \/>\nF\u00fcr bessere Sichtbarkeit wurde 3CON\u00ae Reflex auf das Bein gedruckt.<br \/>\nHinweis:<br \/>\nNicht f\u00fcr Arbeiten mit Dornen geeignet. Bei Kontakt mit Dornen wird die Membran perforiert und die Hose verliert ihre Wasserdichtigkeit.<br \/>\n-Sympatex-Membran<br \/>\n-Wasserdichter Rei\u00dfverschluss<br \/>\n-Wasserdichte Seitentaschen<br \/>\n-Cordura-Knieverst\u00e4rkung<br \/>\n-G\u00fcrtel- und Hosentr\u00e4gerschlaufen<br \/>\n-Wassers\u00e4ule 20.000 mm<br \/>\n-Meterstab- und Handytasche<br \/>\n-Bundverschluss<br \/>\n-3CON\u00ae Reflex<br \/>\n-Warnfarbe zertifiziert nach EN 20471 Klasse 2<br \/>\n-100 % recycelbar<br \/>\n-Mit verl\u00e4ngertem Seitenrei\u00dfverschluss f\u00fcr leichteres Anziehen    <\/p>\n<p>Material: 100 % Polyester<br \/>\nNormen:<br \/>\nEN 20471 \/ Klasse 2 (Neongelb, Orange mit Reflex)<\/p>\n","protected":false},"excerpt":{"rendered":"<p>Die Nanoshield\u00ae Regenhose EVO ist mit einer Wassers\u00e4ule von \u00fcber 20.000 mm absolut wasserdicht. Mit Meterstab- und Handytasche sowie Rei\u00dfverschluss-<\/p>\n","protected":false},"featured_media":620084,"template":"","meta":{"_seopress_robots_primary_cat":"none","_seopress_titles_title":"","_seopress_titles_desc":"","_seopress_robots_index":""},"product_brand":[3670],"product_cat":[1382,82],"product_tag":[],"class_list":{"0":"post-620740","1":"product","2":"type-product","3":"status-publish","4":"has-post-thumbnail","6":"product_brand-pfanner-de","7":"product_cat-arbeitskleidung","8":"product_cat-kleidung","9":"sws-gruppo-no-gruppo-de","10":"sws-categoria-sito-de","11":"sws-conto-ricavi-merci-rivendita-abbigliamento-de","12":"sws-gruppo-iva-iva81-de","14":"first","15":"instock","16":"shipping-taxable","17":"purchasable","18":"product-type-variable","19":"has-default-attributes"},"_links":{"self":[{"href":"https:\/\/lucacastelli.com\/de\/wp-json\/wp\/v2\/product\/620740","targetHints":{"allow":["GET"]}}],"collection":[{"href":"https:\/\/lucacastelli.com\/de\/wp-json\/wp\/v2\/product"}],"about":[{"href":"https:\/\/lucacastelli.com\/de\/wp-json\/wp\/v2\/types\/product"}],"wp:featuredmedia":[{"embeddable":true,"href":"https:\/\/lucacastelli.com\/de\/wp-json\/wp\/v2\/media\/620084"}],"wp:attachment":[{"href":"https:\/\/lucacastelli.com\/de\/wp-json\/wp\/v2\/media?parent=620740"}],"wp:term":[{"taxonomy":"product_brand","embeddable":true,"href":"https:\/\/lucacastelli.com\/de\/wp-json\/wp\/v2\/product_brand?post=620740"},{"taxonomy":"product_cat","embeddable":true,"href":"https:\/\/lucacastelli.com\/de\/wp-json\/wp\/v2\/product_cat?post=620740"},{"taxonomy":"product_tag","embeddable":true,"href":"https:\/\/lucacastelli.com\/de\/wp-json\/wp\/v2\/product_tag?post=620740"}],"curies":[{"name":"wp","href":"https:\/\/api.w.org\/{rel}","templated":true}]}}