{"id":620332,"date":"2025-08-19T10:16:59","date_gmt":"2025-08-19T08:16:59","guid":{"rendered":"https:\/\/lucacastelli.com\/prodotto\/protos-inuit-jacke-kinder\/"},"modified":"2026-04-14T04:08:16","modified_gmt":"2026-04-14T02:08:16","slug":"protos-inuit-jacke-kinder","status":"publish","type":"product","link":"https:\/\/lucacastelli.com\/de\/produkt\/protos-inuit-jacke-kinder\/","title":{"rendered":"Protos\u00ae Inuit Jacke Kids"},"content":{"rendered":"<p>Die Au\u00dfenseite der Protos\u00ae Inuit Jacke Kids ist glatt gestrickt und dank einer Impr\u00e4gnierung vor Schmutz gesch\u00fctzt. Die Softshell-Verst\u00e4rkungen an Schultern, Ellbogen und am Jackenabschluss sch\u00fctzen diese Bereiche vor Wind und Feuchtigkeit.<br \/>\nDer Kragen ist sehr hoch geschnitten und garantiert so eine optimale W\u00e4rmeisolation im Halsbereich. Durch die besonders dicke Webart schlie\u00dft der Stoff Luft im Material ein und sorgt so f\u00fcr eine hervorragende W\u00e4rmed\u00e4mmung.<br \/>\n-Gr\u00f6\u00dfen: S (92\/104), M (116\/128), L (140\/152)<br \/>\n-Robustes und schmutzabweisendes Strickgewebe<br \/>\n-Innenseite aus weichem Flanell<br \/>\n-Wasserabweisende Schulterverst\u00e4rkungen<br \/>\n-Abriebfeste Ellbogen<br \/>\n-Hoher Kragen und verl\u00e4ngerte R\u00fcckenpartie<br \/>\n-3CON\u00ae Reflex auf dem R\u00fccken<br \/>\n-Extra tiefe Innentaschen<br \/>\n-Zipp4Fit\u00ae-System <\/p>\n<p>Material: 100 % Polyester<br \/>\nGr\u00f6\u00dfen: S (92\/104), M (116\/128), L (140\/152) Flexible Gr\u00f6\u00dfe dank Zipp4Fit\u00ae-System (variabler Umfang)<\/p>\n","protected":false},"excerpt":{"rendered":"<p>Die Au\u00dfenseite der Protos\u00ae Inuit Jacke Kids ist glatt gestrickt und dank einer Impr\u00e4gnierung vor Schmutz gesch\u00fctzt. Die Softshell-Verst\u00e4rkungen an<\/p>\n","protected":false},"featured_media":619086,"template":"","meta":{"_seopress_robots_primary_cat":"none","_seopress_titles_title":"","_seopress_titles_desc":"","_seopress_robots_index":""},"product_brand":[3458,4381],"product_cat":[21,189,685],"product_tag":[],"class_list":{"0":"post-620332","1":"product","2":"type-product","3":"status-publish","4":"has-post-thumbnail","6":"product_brand-pfanner","7":"product_brand-protos","8":"product_cat-abbigliamento","9":"product_cat-abbigliamento-per-il-tempo-libero","10":"product_cat-abbigliamento-da-bambino","11":"sws-gruppo-no-gruppo-de","12":"sws-conto-ricavi-merci-rivendita-abbigliamento-de","13":"sws-gruppo-iva-iva81-de","15":"first","16":"instock","17":"shipping-taxable","18":"purchasable","19":"product-type-variable","20":"has-default-attributes"},"_links":{"self":[{"href":"https:\/\/lucacastelli.com\/de\/wp-json\/wp\/v2\/product\/620332","targetHints":{"allow":["GET"]}}],"collection":[{"href":"https:\/\/lucacastelli.com\/de\/wp-json\/wp\/v2\/product"}],"about":[{"href":"https:\/\/lucacastelli.com\/de\/wp-json\/wp\/v2\/types\/product"}],"wp:featuredmedia":[{"embeddable":true,"href":"https:\/\/lucacastelli.com\/de\/wp-json\/wp\/v2\/media\/619086"}],"wp:attachment":[{"href":"https:\/\/lucacastelli.com\/de\/wp-json\/wp\/v2\/media?parent=620332"}],"wp:term":[{"taxonomy":"product_brand","embeddable":true,"href":"https:\/\/lucacastelli.com\/de\/wp-json\/wp\/v2\/product_brand?post=620332"},{"taxonomy":"product_cat","embeddable":true,"href":"https:\/\/lucacastelli.com\/de\/wp-json\/wp\/v2\/product_cat?post=620332"},{"taxonomy":"product_tag","embeddable":true,"href":"https:\/\/lucacastelli.com\/de\/wp-json\/wp\/v2\/product_tag?post=620332"}],"curies":[{"name":"wp","href":"https:\/\/api.w.org\/{rel}","templated":true}]}}