{"id":620054,"date":"2025-08-19T19:50:19","date_gmt":"2025-08-19T17:50:19","guid":{"rendered":"https:\/\/lucacastelli.com\/?post_type=product&#038;p=620054"},"modified":"2025-08-20T21:34:02","modified_gmt":"2025-08-20T19:34:02","slug":"protos-thermoweste-copia","status":"publish","type":"product","link":"https:\/\/lucacastelli.com\/de\/produkt\/protos-thermoweste-copia\/","title":{"rendered":"PFANNER Nanoshield\u00ae Regenhose EVO"},"content":{"rendered":"<p>Die Nanoshield EVO Regenhose ist absolut wasserdicht mit einer Wassers\u00e4ule von mehr als 20.000 mm. Mit Meter- und Handytaschen, einem Rei\u00dfverschluss und einem Bund ist sie eine komplette Arbeitshose. Seitliche Rei\u00dfverschl\u00fcsse bis oberhalb des Knies erleichtern das Anziehen mit Schuhen. Bei der Nanoshield EVO Regenhose haben wir nicht auf G\u00fcrtelschlaufen und Hosentr\u00e4ger verzichtet. Die neongelben und orangefarbenen Modelle entsprechen ebenfalls der EN 20471 \/ Klasse 2.<br \/>\nDas Bein ist zur besseren Sichtbarkeit mit 3CON\u00ae Reflex bedruckt.<br \/>\nHinweis:<br \/>\nnicht f\u00fcr Arbeiten mit Dornen geeignet. Bei der Verwendung mit Dornen wird die Membran perforiert und die Hose verliert ihre wasserdichten Eigenschaften.<br \/>\n-Sympatex-Membran<br \/>\n-Wasserdichter Rei\u00dfverschluss<br \/>\n-Wasserdichte Seitentaschen<br \/>\n-Cordura-Verst\u00e4rkung an den Knien<br \/>\n-G\u00fcrtel- und Hosentr\u00e4gerschlaufen<br \/>\n-Wassers\u00e4ule 20.000 mm<br \/>\n-Meter- und Handytasche<br \/>\n-Verschluss an der Taille<br \/>\n-3CON\u00ae Reflex<br \/>\n-Reflektierend zertifiziert EN 20471 Klasse 2<br \/>\n-100% recycelbar<br \/>\n-Mit verl\u00e4ngertem Seitenrei\u00dfverschluss f\u00fcr eine einfache Anpassung    <\/p>\n<p>Material: 100% Polyester<br \/>\nNormen:<br \/>\nEN 20471 \/ Klasse 2 (neongelb, orange mit Reflektoren)<\/p>\n","protected":false},"excerpt":{"rendered":"<p>Die Nanoshield EVO Regenhose ist absolut wasserdicht mit einer Wassers\u00e4ule von mehr als 20.000 mm. Mit Meter- und Handytaschen, einem<\/p>\n","protected":false},"featured_media":620075,"template":"","meta":{"_seopress_robots_primary_cat":"none","_seopress_titles_title":"","_seopress_titles_desc":"","_seopress_robots_index":""},"product_brand":[3670],"product_cat":[1382,82],"product_tag":[],"class_list":{"0":"post-620054","1":"product","2":"type-product","3":"status-publish","4":"has-post-thumbnail","6":"product_brand-pfanner-de","7":"product_cat-arbeitskleidung","8":"product_cat-kleidung","9":"sws-gruppo-no-gruppo","10":"sws-categoria-sito","11":"sws-conto-ricavi-merci-rivendita-abbigliamento","12":"sws-gruppo-iva-iva81","14":"first","15":"instock","16":"shipping-taxable","17":"purchasable","18":"product-type-variable","19":"has-default-attributes"},"_links":{"self":[{"href":"https:\/\/lucacastelli.com\/de\/wp-json\/wp\/v2\/product\/620054","targetHints":{"allow":["GET"]}}],"collection":[{"href":"https:\/\/lucacastelli.com\/de\/wp-json\/wp\/v2\/product"}],"about":[{"href":"https:\/\/lucacastelli.com\/de\/wp-json\/wp\/v2\/types\/product"}],"wp:featuredmedia":[{"embeddable":true,"href":"https:\/\/lucacastelli.com\/de\/wp-json\/wp\/v2\/media\/620075"}],"wp:attachment":[{"href":"https:\/\/lucacastelli.com\/de\/wp-json\/wp\/v2\/media?parent=620054"}],"wp:term":[{"taxonomy":"product_brand","embeddable":true,"href":"https:\/\/lucacastelli.com\/de\/wp-json\/wp\/v2\/product_brand?post=620054"},{"taxonomy":"product_cat","embeddable":true,"href":"https:\/\/lucacastelli.com\/de\/wp-json\/wp\/v2\/product_cat?post=620054"},{"taxonomy":"product_tag","embeddable":true,"href":"https:\/\/lucacastelli.com\/de\/wp-json\/wp\/v2\/product_tag?post=620054"}],"curies":[{"name":"wp","href":"https:\/\/api.w.org\/{rel}","templated":true}]}}