{"id":618968,"date":"2025-08-19T09:58:51","date_gmt":"2025-08-19T07:58:51","guid":{"rendered":"https:\/\/lucacastelli.com\/?post_type=product&#038;p=618968"},"modified":"2026-04-14T04:15:52","modified_gmt":"2026-04-14T02:15:52","slug":"protos-inuit-teddy-jacke-copia-copia-copia-copia-copia-copia-copia-copia-copia-copia-copia","status":"publish","type":"product","link":"https:\/\/lucacastelli.com\/de\/produkt\/protos-inuit-teddy-jacke-copia-copia-copia-copia-copia-copia-copia-copia-copia-copia-copia\/","title":{"rendered":"PFANNER Husky Shirt"},"content":{"rendered":"<p>Die hervorragenden Isoliereigenschaften und das weiche Mikrofleece machen dieses Shirt perfekt zum Tragen zwischen Haut und Jacke. Die Elastizit\u00e4t des Materials erm\u00f6glicht extreme Bewegungen ohne jegliche Einschr\u00e4nkung. Es ist zudem sehr leicht und mit einem hohen Kragen mit Kinnschutz ausgestattet. Geeignet sowohl f\u00fcr Sport als auch f\u00fcr die Arbeit.<br \/>\nDer hohe Kragen sch\u00fctzt nicht nur Hals und Nacken vor K\u00e4lte, sondern verhindert auch das Eindringen von Schmutz und kleinen Gegenst\u00e4nden. Das Husky Shirt wurde zus\u00e4tzlich mit der 37.5 Cocona-Technologie verbessert. 37.5 steht f\u00fcr die konstante K\u00f6rpertemperatur von 37,5\u00b0 bei intensiver k\u00f6rperlicher Leistung. Dieses Funktionsshirt ist perfekt f\u00fcr Jagd, Forstwirtschaft und Outdoor-Aktivit\u00e4ten.<br \/>\n-StretchAIR\u00ae-Technologie<br \/>\n-37.5 Cocona-Technologie<br \/>\n-Hoher Kragen mit Kinnschutz<br \/>\n-Hohe Farbechtheit<br \/>\n-Kratzt nicht, sehr hautfreundlich<br \/>\n-Weich und angenehm im Griff<br \/>\n-Pflegeleicht<br \/>\n-Sehr leicht<br \/>\n-Brusttasche mit Zipp2Zipp\u00ae-Reissverschluss in der rot\/gelben Ausf\u00fchrung      <\/p>\n<p>&nbsp;<\/p>\n<p>Material: 100 % Polyester<\/p>\n<p>&nbsp;<\/p>\n","protected":false},"excerpt":{"rendered":"<p>Die hervorragenden Isoliereigenschaften und das weiche Mikrofleece machen dieses Shirt perfekt zum Tragen zwischen Haut und Jacke. Die Elastizit\u00e4t des<\/p>\n","protected":false},"featured_media":618794,"template":"","meta":{"_seopress_robots_primary_cat":"none","_seopress_titles_title":"","_seopress_titles_desc":"","_seopress_robots_index":""},"product_brand":[3458],"product_cat":[21,284,189,190],"product_tag":[],"class_list":{"0":"post-618968","1":"product","2":"type-product","3":"status-publish","4":"has-post-thumbnail","6":"product_brand-pfanner","7":"product_cat-abbigliamento","8":"product_cat-abbigliamento-da-lavoro","9":"product_cat-abbigliamento-per-il-tempo-libero","10":"product_cat-abbigliamento-da-uomo","11":"sws-gruppo-no-gruppo-de","12":"sws-conto-ricavi-merci-rivendita-abbigliamento-de","13":"sws-gruppo-iva-iva81-de","15":"first","16":"instock","17":"shipping-taxable","18":"purchasable","19":"product-type-variable","20":"has-default-attributes"},"_links":{"self":[{"href":"https:\/\/lucacastelli.com\/de\/wp-json\/wp\/v2\/product\/618968","targetHints":{"allow":["GET"]}}],"collection":[{"href":"https:\/\/lucacastelli.com\/de\/wp-json\/wp\/v2\/product"}],"about":[{"href":"https:\/\/lucacastelli.com\/de\/wp-json\/wp\/v2\/types\/product"}],"wp:featuredmedia":[{"embeddable":true,"href":"https:\/\/lucacastelli.com\/de\/wp-json\/wp\/v2\/media\/618794"}],"wp:attachment":[{"href":"https:\/\/lucacastelli.com\/de\/wp-json\/wp\/v2\/media?parent=618968"}],"wp:term":[{"taxonomy":"product_brand","embeddable":true,"href":"https:\/\/lucacastelli.com\/de\/wp-json\/wp\/v2\/product_brand?post=618968"},{"taxonomy":"product_cat","embeddable":true,"href":"https:\/\/lucacastelli.com\/de\/wp-json\/wp\/v2\/product_cat?post=618968"},{"taxonomy":"product_tag","embeddable":true,"href":"https:\/\/lucacastelli.com\/de\/wp-json\/wp\/v2\/product_tag?post=618968"}],"curies":[{"name":"wp","href":"https:\/\/api.w.org\/{rel}","templated":true}]}}