{"id":618569,"date":"2025-08-19T09:25:18","date_gmt":"2025-08-19T07:25:18","guid":{"rendered":"https:\/\/lucacastelli.com\/?post_type=product&#038;p=618569"},"modified":"2026-04-14T04:16:44","modified_gmt":"2026-04-14T02:16:44","slug":"protos-inuit-teddy-jacke-copia-copia-copia-copia-copia-copia-copia-copia-2","status":"publish","type":"product","link":"https:\/\/lucacastelli.com\/de\/produkt\/protos-inuit-teddy-jacke-copia-copia-copia-copia-copia-copia-copia-copia-2\/","title":{"rendered":"PFANNER Zipp-Neck Langarmshirt"},"content":{"rendered":"<p>Das Zipp-Neck Langarmshirt bietet uneingeschr\u00e4nkte Bewegungsfreiheit und Atmungsaktivit\u00e4t dank StretchAIR\u00ae Technologie f\u00fcr maximalen Komfort. 37.5 steht f\u00fcr die konstante K\u00f6rpertemperatur von 37,5 \u00b0C, selbst bei intensivster k\u00f6rperlicher Anstrengung. Das Gewebe leitet Feuchtigkeit und \u00fcbersch\u00fcssige W\u00e4rme sofort ab und h\u00e4lt die K\u00f6rpertemperatur konstant. Geruchspartikel werden eingeschlossen und erst beim Waschen wieder abgegeben. Das Material ist geruchsneutral und sehr pflegeleicht. Die rot\/neongelbe Version ist mit einer Zipp2Zipp\u00ae Brusttasche ausgestattet. Das Zipp-Neck Shirt ist auch in den Sicherheitsfarben Orange und Orange\/Gelb erh\u00e4ltlich. Dieses Funktionsshirt ist perfekt f\u00fcr Jagd, Forstwirtschaft und Outdoor-Aktivit\u00e4ten.<br \/>\n&#8211; Cocona-37,5-Technologie<br \/>\n&#8211; StretchAIR\u00ae Technologie<br \/>\n&#8211; Geruchs- und Feuchtigkeitsmanagement<br \/>\n&#8211; Geringes Gewicht<br \/>\n&#8211; Hochelastisch<br \/>\n&#8211; Geruchsneutral<br \/>\n&#8211; 100 % Farbechtheit<br \/>\n&#8211; Sehr strapazierf\u00e4hig f\u00fcr den t\u00e4glichen Einsatz<br \/>\n&#8211; Zipp2Zipp\u00ae Brusttasche (nur Version Rot\/Neongelb)       <\/p>\n<p>Material: 100 % Cocona-Polyester<\/p>\n","protected":false},"excerpt":{"rendered":"<p>Das Zipp-Neck Langarmshirt bietet uneingeschr\u00e4nkte Bewegungsfreiheit und Atmungsaktivit\u00e4t dank StretchAIR\u00ae Technologie f\u00fcr maximalen Komfort. 37.5 steht f\u00fcr die konstante K\u00f6rpertemperatur<\/p>\n","protected":false},"featured_media":618583,"template":"","meta":{"_seopress_robots_primary_cat":"none","_seopress_titles_title":"","_seopress_titles_desc":"","_seopress_robots_index":""},"product_brand":[3458],"product_cat":[21,284,189,190],"product_tag":[],"class_list":{"0":"post-618569","1":"product","2":"type-product","3":"status-publish","4":"has-post-thumbnail","6":"product_brand-pfanner","7":"product_cat-abbigliamento","8":"product_cat-abbigliamento-da-lavoro","9":"product_cat-abbigliamento-per-il-tempo-libero","10":"product_cat-abbigliamento-da-uomo","11":"sws-gruppo-no-gruppo-de","12":"sws-conto-ricavi-merci-rivendita-abbigliamento-de","13":"sws-gruppo-iva-iva81-de","15":"first","16":"instock","17":"shipping-taxable","18":"purchasable","19":"product-type-variable","20":"has-default-attributes"},"_links":{"self":[{"href":"https:\/\/lucacastelli.com\/de\/wp-json\/wp\/v2\/product\/618569","targetHints":{"allow":["GET"]}}],"collection":[{"href":"https:\/\/lucacastelli.com\/de\/wp-json\/wp\/v2\/product"}],"about":[{"href":"https:\/\/lucacastelli.com\/de\/wp-json\/wp\/v2\/types\/product"}],"wp:featuredmedia":[{"embeddable":true,"href":"https:\/\/lucacastelli.com\/de\/wp-json\/wp\/v2\/media\/618583"}],"wp:attachment":[{"href":"https:\/\/lucacastelli.com\/de\/wp-json\/wp\/v2\/media?parent=618569"}],"wp:term":[{"taxonomy":"product_brand","embeddable":true,"href":"https:\/\/lucacastelli.com\/de\/wp-json\/wp\/v2\/product_brand?post=618569"},{"taxonomy":"product_cat","embeddable":true,"href":"https:\/\/lucacastelli.com\/de\/wp-json\/wp\/v2\/product_cat?post=618569"},{"taxonomy":"product_tag","embeddable":true,"href":"https:\/\/lucacastelli.com\/de\/wp-json\/wp\/v2\/product_tag?post=618569"}],"curies":[{"name":"wp","href":"https:\/\/api.w.org\/{rel}","templated":true}]}}