{"id":618293,"date":"2025-08-18T22:04:42","date_gmt":"2025-08-18T20:04:42","guid":{"rendered":"https:\/\/lucacastelli.com\/?post_type=product&#038;p=618293"},"modified":"2026-04-14T04:10:15","modified_gmt":"2026-04-14T02:10:15","slug":"pfanner-merino-airsoft-mutze-copia-copia-copia-copia-copia","status":"publish","type":"product","link":"https:\/\/lucacastelli.com\/de\/produkt\/pfanner-merino-airsoft-mutze-copia-copia-copia-copia-copia\/","title":{"rendered":"PFANNER Merino Strickm\u00fctze Falcon"},"content":{"rendered":"<p>Strickm\u00fctze aus Merinowolle mit Microfleece-Innenband f\u00fcr kalte Tage. Das innen eingen\u00e4hte Microfleece-Band sorgt f\u00fcr zus\u00e4tzliche W\u00e4rme sowie Isolierung und verhindert ein Verrutschen der M\u00fctze. Diese M\u00fctze ist in Rechts-Links-Strick und 1\/1-Rippe gefertigt.<br \/>\n&#8211; Microfleece-Innenband<br \/>\n&#8211; H\u00e4lt den Kopf warm<br \/>\n&#8211; Merinowolle f\u00fcr optimales Klima  <\/p>\n<p>Material:<br \/>\nAu\u00dfen: 50 % Merinowolle, 50 % Acryl<br \/>\nInnen: 100 % Polyester<br \/>\nGr\u00f6\u00dfe: Einheitsgr\u00f6\u00dfe<\/p>\n","protected":false},"excerpt":{"rendered":"<p>Strickm\u00fctze aus Merinowolle mit Microfleece-Innenband f\u00fcr kalte Tage. Das innen eingen\u00e4hte Microfleece-Band sorgt f\u00fcr zus\u00e4tzliche W\u00e4rme sowie Isolierung und verhindert<\/p>\n","protected":false},"featured_media":618297,"template":"","meta":{"_seopress_robots_primary_cat":"none","_seopress_titles_title":"","_seopress_titles_desc":"","_seopress_robots_index":""},"product_brand":[3458],"product_cat":[21,186],"product_tag":[],"class_list":{"0":"post-618293","1":"product","2":"type-product","3":"status-publish","4":"has-post-thumbnail","6":"product_brand-pfanner","7":"product_cat-abbigliamento","8":"product_cat-accessori-per-labbigliamento","9":"sws-gruppo-no-gruppo-de","10":"sws-conto-ricavi-merci-rivendita-abbigliamento-de","11":"sws-gruppo-iva-iva81-de","13":"first","14":"onbackorder","15":"shipping-taxable","16":"purchasable","17":"product-type-simple"},"_links":{"self":[{"href":"https:\/\/lucacastelli.com\/de\/wp-json\/wp\/v2\/product\/618293","targetHints":{"allow":["GET"]}}],"collection":[{"href":"https:\/\/lucacastelli.com\/de\/wp-json\/wp\/v2\/product"}],"about":[{"href":"https:\/\/lucacastelli.com\/de\/wp-json\/wp\/v2\/types\/product"}],"wp:featuredmedia":[{"embeddable":true,"href":"https:\/\/lucacastelli.com\/de\/wp-json\/wp\/v2\/media\/618297"}],"wp:attachment":[{"href":"https:\/\/lucacastelli.com\/de\/wp-json\/wp\/v2\/media?parent=618293"}],"wp:term":[{"taxonomy":"product_brand","embeddable":true,"href":"https:\/\/lucacastelli.com\/de\/wp-json\/wp\/v2\/product_brand?post=618293"},{"taxonomy":"product_cat","embeddable":true,"href":"https:\/\/lucacastelli.com\/de\/wp-json\/wp\/v2\/product_cat?post=618293"},{"taxonomy":"product_tag","embeddable":true,"href":"https:\/\/lucacastelli.com\/de\/wp-json\/wp\/v2\/product_tag?post=618293"}],"curies":[{"name":"wp","href":"https:\/\/api.w.org\/{rel}","templated":true}]}}