{"id":618285,"date":"2025-08-18T22:02:27","date_gmt":"2025-08-18T20:02:27","guid":{"rendered":"https:\/\/lucacastelli.com\/?post_type=product&#038;p=618285"},"modified":"2026-04-14T04:10:20","modified_gmt":"2026-04-14T02:10:20","slug":"pfanner-merino-airsoft-mutze-copia-copia-copia-copia-2","status":"publish","type":"product","link":"https:\/\/lucacastelli.com\/de\/produkt\/pfanner-merino-airsoft-mutze-copia-copia-copia-copia-2\/","title":{"rendered":"PFANNER Spirit Flex-Air Cap"},"content":{"rendered":"<p>Das Spirit Flex-Air Cap \u00fcberzeugt durch das verstellbare Schwei\u00dfband und das hochelastische OneSize-Gummiband am Hinterkopf, das f\u00fcr maximalen Halt und h\u00f6chsten Tragekomfort sorgt. Hygienisches Mikrofaser-Schwei\u00dfband mit elastischem Netz f\u00fcr maximale Atmungsaktivit\u00e4t. <\/p>\n<p>Material: 100 % Polyester<br \/>\nGr\u00f6\u00dfen: OneSize-Gummiband<\/p>\n","protected":false},"excerpt":{"rendered":"<p>Das Spirit Flex-Air Cap \u00fcberzeugt durch das verstellbare Schwei\u00dfband und das hochelastische OneSize-Gummiband am Hinterkopf, das f\u00fcr maximalen Halt und<\/p>\n","protected":false},"featured_media":618289,"template":"","meta":{"_seopress_robots_primary_cat":"none","_seopress_titles_title":"","_seopress_titles_desc":"","_seopress_robots_index":""},"product_brand":[3458],"product_cat":[21,186],"product_tag":[],"class_list":{"0":"post-618285","1":"product","2":"type-product","3":"status-publish","4":"has-post-thumbnail","6":"product_brand-pfanner","7":"product_cat-abbigliamento","8":"product_cat-accessori-per-labbigliamento","9":"sws-gruppo-no-gruppo-de","10":"sws-conto-ricavi-merci-rivendita-abbigliamento-de","11":"sws-gruppo-iva-iva81-de","13":"first","14":"onbackorder","15":"shipping-taxable","16":"purchasable","17":"product-type-simple"},"_links":{"self":[{"href":"https:\/\/lucacastelli.com\/de\/wp-json\/wp\/v2\/product\/618285","targetHints":{"allow":["GET"]}}],"collection":[{"href":"https:\/\/lucacastelli.com\/de\/wp-json\/wp\/v2\/product"}],"about":[{"href":"https:\/\/lucacastelli.com\/de\/wp-json\/wp\/v2\/types\/product"}],"wp:featuredmedia":[{"embeddable":true,"href":"https:\/\/lucacastelli.com\/de\/wp-json\/wp\/v2\/media\/618289"}],"wp:attachment":[{"href":"https:\/\/lucacastelli.com\/de\/wp-json\/wp\/v2\/media?parent=618285"}],"wp:term":[{"taxonomy":"product_brand","embeddable":true,"href":"https:\/\/lucacastelli.com\/de\/wp-json\/wp\/v2\/product_brand?post=618285"},{"taxonomy":"product_cat","embeddable":true,"href":"https:\/\/lucacastelli.com\/de\/wp-json\/wp\/v2\/product_cat?post=618285"},{"taxonomy":"product_tag","embeddable":true,"href":"https:\/\/lucacastelli.com\/de\/wp-json\/wp\/v2\/product_tag?post=618285"}],"curies":[{"name":"wp","href":"https:\/\/api.w.org\/{rel}","templated":true}]}}