{"id":618258,"date":"2025-08-18T21:56:58","date_gmt":"2025-08-18T19:56:58","guid":{"rendered":"https:\/\/lucacastelli.com\/?post_type=product&#038;p=618258"},"modified":"2026-04-14T11:10:22","modified_gmt":"2026-04-14T09:10:22","slug":"pfanner-merino-airsoft-mutze-copia-copia-2","status":"publish","type":"product","link":"https:\/\/lucacastelli.com\/de\/produkt\/pfanner-merino-airsoft-mutze-copia-copia-2\/","title":{"rendered":"PFANNER Merino Strickm\u00fctze Lana"},"content":{"rendered":"<p>Diese M\u00fctze wird wie eine Schirmm\u00fctze getragen, aber ohne Schirm. Der Vorteil ohne Schirm ist, dass die Sicht nach oben nicht eingeschr\u00e4nkt wird, was bei der Baumpflege \u00e4usserst n\u00fctzlich ist. Der offene Rand gew\u00e4hrleistet zudem einen sicheren Halt der M\u00fctze auf dem Kopf. Ausserdem befindet sich wie bei normalen Schirmm\u00fctzen hinten ein Klettverschluss (47\u201366 cm), um die Gr\u00f6sse perfekt an den Kopfumfang anzupassen.   <\/p>\n<p>Material: 100% Baumwolle<br \/>\nGr\u00f6\u00dfe: verstellbarer Klettverschluss<\/p>\n<p>&nbsp;<\/p>\n<p>Material: 60% Wolle, 40% Polyester<\/p>\n<p>Gr\u00f6\u00dfe: Einheitsgr\u00f6sse<\/p>\n<p>47\u201366 cm<\/p>\n","protected":false},"excerpt":{"rendered":"<p>Diese M\u00fctze wird wie eine Schirmm\u00fctze getragen, aber ohne Schirm. Der Vorteil ohne Schirm ist, dass die Sicht nach oben<\/p>\n","protected":false},"featured_media":618267,"template":"","meta":{"_seopress_robots_primary_cat":"none","_seopress_titles_title":"","_seopress_titles_desc":"","_seopress_robots_index":""},"product_brand":[3458],"product_cat":[21,186],"product_tag":[],"class_list":{"0":"post-618258","1":"product","2":"type-product","3":"status-publish","4":"has-post-thumbnail","6":"product_brand-pfanner","7":"product_cat-abbigliamento","8":"product_cat-accessori-per-labbigliamento","9":"sws-gruppo-no-gruppo-de","10":"sws-conto-ricavi-merci-rivendita-abbigliamento-de","11":"sws-gruppo-iva-iva81-de","13":"first","14":"onbackorder","15":"shipping-taxable","16":"purchasable","17":"product-type-variable","18":"has-default-attributes"},"_links":{"self":[{"href":"https:\/\/lucacastelli.com\/de\/wp-json\/wp\/v2\/product\/618258","targetHints":{"allow":["GET"]}}],"collection":[{"href":"https:\/\/lucacastelli.com\/de\/wp-json\/wp\/v2\/product"}],"about":[{"href":"https:\/\/lucacastelli.com\/de\/wp-json\/wp\/v2\/types\/product"}],"wp:featuredmedia":[{"embeddable":true,"href":"https:\/\/lucacastelli.com\/de\/wp-json\/wp\/v2\/media\/618267"}],"wp:attachment":[{"href":"https:\/\/lucacastelli.com\/de\/wp-json\/wp\/v2\/media?parent=618258"}],"wp:term":[{"taxonomy":"product_brand","embeddable":true,"href":"https:\/\/lucacastelli.com\/de\/wp-json\/wp\/v2\/product_brand?post=618258"},{"taxonomy":"product_cat","embeddable":true,"href":"https:\/\/lucacastelli.com\/de\/wp-json\/wp\/v2\/product_cat?post=618258"},{"taxonomy":"product_tag","embeddable":true,"href":"https:\/\/lucacastelli.com\/de\/wp-json\/wp\/v2\/product_tag?post=618258"}],"curies":[{"name":"wp","href":"https:\/\/api.w.org\/{rel}","templated":true}]}}