{"id":618239,"date":"2025-08-18T21:39:52","date_gmt":"2025-08-18T19:39:52","guid":{"rendered":"https:\/\/lucacastelli.com\/?post_type=product&#038;p=618239"},"modified":"2026-04-14T11:10:00","modified_gmt":"2026-04-14T09:10:00","slug":"pfanner-merino-airsoft-mutze-copia-copia-copia","status":"publish","type":"product","link":"https:\/\/lucacastelli.com\/de\/produkt\/pfanner-merino-airsoft-mutze-copia-copia-copia\/","title":{"rendered":"PFANNER Hockey Cap"},"content":{"rendered":"<p>Die funktionelle Pfanner Cap mit Pfanner- und Holzer-Stickerei ist ein echter Blickfang. Dank des Schwei\u00dfbandes schmiegt sich die Cap harmonisch und weich an den Kopf an wie keine andere. Die sechs Bel\u00fcftungsl\u00f6cher garantieren einen optimalen Luftaustausch.  <\/p>\n<p>Material: 100 % Polyester-Mikrofaser<br \/>\nGr\u00f6\u00dfen: verstellbar mit Metallclip von 50 bis 62 cm Kopfumfang<\/p>\n","protected":false},"excerpt":{"rendered":"<p>Die funktionelle Pfanner Cap mit Pfanner- und Holzer-Stickerei ist ein echter Blickfang. Dank des Schwei\u00dfbandes schmiegt sich die Cap harmonisch<\/p>\n","protected":false},"featured_media":618243,"template":"","meta":{"_seopress_robots_primary_cat":"none","_seopress_titles_title":"","_seopress_titles_desc":"","_seopress_robots_index":""},"product_brand":[3670],"product_cat":[82,1391],"product_tag":[],"class_list":{"0":"post-618239","1":"product","2":"type-product","3":"status-publish","4":"has-post-thumbnail","6":"product_brand-pfanner-de","7":"product_cat-kleidung","8":"product_cat-bekleidungs-accessoires","9":"sws-gruppo-no-gruppo-de","10":"sws-conto-ricavi-merci-rivendita-abbigliamento-de","11":"sws-gruppo-iva-iva81-de","13":"first","14":"onbackorder","15":"shipping-taxable","16":"purchasable","17":"product-type-simple"},"_links":{"self":[{"href":"https:\/\/lucacastelli.com\/de\/wp-json\/wp\/v2\/product\/618239","targetHints":{"allow":["GET"]}}],"collection":[{"href":"https:\/\/lucacastelli.com\/de\/wp-json\/wp\/v2\/product"}],"about":[{"href":"https:\/\/lucacastelli.com\/de\/wp-json\/wp\/v2\/types\/product"}],"wp:featuredmedia":[{"embeddable":true,"href":"https:\/\/lucacastelli.com\/de\/wp-json\/wp\/v2\/media\/618243"}],"wp:attachment":[{"href":"https:\/\/lucacastelli.com\/de\/wp-json\/wp\/v2\/media?parent=618239"}],"wp:term":[{"taxonomy":"product_brand","embeddable":true,"href":"https:\/\/lucacastelli.com\/de\/wp-json\/wp\/v2\/product_brand?post=618239"},{"taxonomy":"product_cat","embeddable":true,"href":"https:\/\/lucacastelli.com\/de\/wp-json\/wp\/v2\/product_cat?post=618239"},{"taxonomy":"product_tag","embeddable":true,"href":"https:\/\/lucacastelli.com\/de\/wp-json\/wp\/v2\/product_tag?post=618239"}],"curies":[{"name":"wp","href":"https:\/\/api.w.org\/{rel}","templated":true}]}}