{"id":618226,"date":"2025-08-18T21:35:29","date_gmt":"2025-08-18T19:35:29","guid":{"rendered":"https:\/\/lucacastelli.com\/?post_type=product&#038;p=618226"},"modified":"2026-04-14T11:12:34","modified_gmt":"2026-04-14T09:12:34","slug":"pfanner-merino-airsoft-mutze-copia-copia","status":"publish","type":"product","link":"https:\/\/lucacastelli.com\/de\/produkt\/pfanner-merino-airsoft-mutze-copia-copia\/","title":{"rendered":"Pfanner Alcantara M\u00fctze"},"content":{"rendered":"<p>Pfanner Alcantara Cap in Vintage-Lederoptik, optimale Passform dank stufenloser Gr\u00f6\u00dfenverstellung. Das Alcantara-Material ist extrem robust, strapazierf\u00e4hig und pflegeleicht. <\/p>\n<p>Material: 100 % Polyester<br \/>\nGr\u00f6\u00dfen: Gr\u00f6\u00dfenverstellung mittels Metallclip von 50 bis 62 cm Kopfumfang<\/p>\n","protected":false},"excerpt":{"rendered":"<p>Pfanner Alcantara Cap in Vintage-Lederoptik, optimale Passform dank stufenloser Gr\u00f6\u00dfenverstellung. Das Alcantara-Material ist extrem robust, strapazierf\u00e4hig und pflegeleicht. Material: 100<\/p>\n","protected":false},"featured_media":618231,"template":"","meta":{"_seopress_robots_primary_cat":"none","_seopress_titles_title":"","_seopress_titles_desc":"","_seopress_robots_index":""},"product_brand":[3670],"product_cat":[1391,82],"product_tag":[],"class_list":{"0":"post-618226","1":"product","2":"type-product","3":"status-publish","4":"has-post-thumbnail","6":"product_brand-pfanner-de","7":"product_cat-bekleidungs-accessoires","8":"product_cat-kleidung","9":"sws-gruppo-no-gruppo-de","10":"sws-conto-ricavi-merci-rivendita-abbigliamento-de","11":"sws-gruppo-iva-iva81-de","13":"first","14":"onbackorder","15":"shipping-taxable","16":"purchasable","17":"product-type-simple"},"_links":{"self":[{"href":"https:\/\/lucacastelli.com\/de\/wp-json\/wp\/v2\/product\/618226","targetHints":{"allow":["GET"]}}],"collection":[{"href":"https:\/\/lucacastelli.com\/de\/wp-json\/wp\/v2\/product"}],"about":[{"href":"https:\/\/lucacastelli.com\/de\/wp-json\/wp\/v2\/types\/product"}],"wp:featuredmedia":[{"embeddable":true,"href":"https:\/\/lucacastelli.com\/de\/wp-json\/wp\/v2\/media\/618231"}],"wp:attachment":[{"href":"https:\/\/lucacastelli.com\/de\/wp-json\/wp\/v2\/media?parent=618226"}],"wp:term":[{"taxonomy":"product_brand","embeddable":true,"href":"https:\/\/lucacastelli.com\/de\/wp-json\/wp\/v2\/product_brand?post=618226"},{"taxonomy":"product_cat","embeddable":true,"href":"https:\/\/lucacastelli.com\/de\/wp-json\/wp\/v2\/product_cat?post=618226"},{"taxonomy":"product_tag","embeddable":true,"href":"https:\/\/lucacastelli.com\/de\/wp-json\/wp\/v2\/product_tag?post=618226"}],"curies":[{"name":"wp","href":"https:\/\/api.w.org\/{rel}","templated":true}]}}