{"id":618189,"date":"2025-08-18T21:27:02","date_gmt":"2025-08-18T19:27:02","guid":{"rendered":"https:\/\/lucacastelli.com\/?post_type=product&#038;p=618189"},"modified":"2026-04-14T11:10:00","modified_gmt":"2026-04-14T09:10:00","slug":"pfanner-merino-airsoft-mutze-copia","status":"publish","type":"product","link":"https:\/\/lucacastelli.com\/de\/produkt\/pfanner-merino-airsoft-mutze-copia\/","title":{"rendered":"PFANNER Merino AirSoft M\u00fctze"},"content":{"rendered":"<p>Funktionelle M\u00fctze aus Merinowolle, w\u00e4rmt bei niedrigen Temperaturen, sorgt f\u00fcr nat\u00fcrliche Feuchtigkeitsregulierung, kratzt nicht, mit Teflon beschichtet f\u00fcr wasserabweisende, geruchshemmende und antibakterielle Funktion, selbstreinigend, perforiert f\u00fcr bessere Bel\u00fcftung, flache N\u00e4hte ohne Druckstellen.<\/p>\n<p>Material: 99% Merinowolle \/ 1% Nylon<\/p>\n","protected":false},"excerpt":{"rendered":"<p>Funktionelle M\u00fctze aus Merinowolle, w\u00e4rmt bei niedrigen Temperaturen, sorgt f\u00fcr nat\u00fcrliche Feuchtigkeitsregulierung, kratzt nicht, mit Teflon beschichtet f\u00fcr wasserabweisende, geruchshemmende<\/p>\n","protected":false},"featured_media":618198,"template":"","meta":{"_seopress_robots_primary_cat":"none","_seopress_titles_title":"","_seopress_titles_desc":"","_seopress_robots_index":""},"product_brand":[3670],"product_cat":[82,1391],"product_tag":[],"class_list":{"0":"post-618189","1":"product","2":"type-product","3":"status-publish","4":"has-post-thumbnail","6":"product_brand-pfanner-de","7":"product_cat-kleidung","8":"product_cat-bekleidungs-accessoires","9":"sws-gruppo-no-gruppo-de","10":"sws-conto-ricavi-merci-rivendita-abbigliamento-de","11":"sws-gruppo-iva-iva81-de","13":"first","14":"onbackorder","15":"shipping-taxable","16":"purchasable","17":"product-type-variable","18":"has-default-attributes"},"_links":{"self":[{"href":"https:\/\/lucacastelli.com\/de\/wp-json\/wp\/v2\/product\/618189","targetHints":{"allow":["GET"]}}],"collection":[{"href":"https:\/\/lucacastelli.com\/de\/wp-json\/wp\/v2\/product"}],"about":[{"href":"https:\/\/lucacastelli.com\/de\/wp-json\/wp\/v2\/types\/product"}],"wp:featuredmedia":[{"embeddable":true,"href":"https:\/\/lucacastelli.com\/de\/wp-json\/wp\/v2\/media\/618198"}],"wp:attachment":[{"href":"https:\/\/lucacastelli.com\/de\/wp-json\/wp\/v2\/media?parent=618189"}],"wp:term":[{"taxonomy":"product_brand","embeddable":true,"href":"https:\/\/lucacastelli.com\/de\/wp-json\/wp\/v2\/product_brand?post=618189"},{"taxonomy":"product_cat","embeddable":true,"href":"https:\/\/lucacastelli.com\/de\/wp-json\/wp\/v2\/product_cat?post=618189"},{"taxonomy":"product_tag","embeddable":true,"href":"https:\/\/lucacastelli.com\/de\/wp-json\/wp\/v2\/product_tag?post=618189"}],"curies":[{"name":"wp","href":"https:\/\/api.w.org\/{rel}","templated":true}]}}