{"id":617994,"date":"2025-08-18T20:56:07","date_gmt":"2025-08-18T18:56:07","guid":{"rendered":"https:\/\/lucacastelli.com\/?post_type=product&#038;p=617994"},"modified":"2025-08-20T17:53:51","modified_gmt":"2025-08-20T15:53:51","slug":"protos-inuit-teddy-jacke-copia-copia-copia-copia-copia-copia-copia-copia","status":"publish","type":"product","link":"https:\/\/lucacastelli.com\/de\/produkt\/protos-inuit-teddy-jacke-copia-copia-copia-copia-copia-copia-copia-copia\/","title":{"rendered":"Pfanner Zipp-Neck Trikot mit kurzen \u00c4rmeln"},"content":{"rendered":"<p>Dank der StretchAIR\u00ae Technologie bietet das Zipp-Neck Trikot unbegrenzte Bewegungsfreiheit und Atmungsaktivit\u00e4t f\u00fcr maximalen Komfort. 37,5 steht f\u00fcr eine konstante K\u00f6rpertemperatur von 37,5 \u00b0C, auch bei intensiver k\u00f6rperlicher Leistung. Der Stoff leitet Feuchtigkeit und \u00fcbersch\u00fcssige W\u00e4rme sofort ab und h\u00e4lt die K\u00f6rpertemperatur konstant. Geruchspartikel werden eingeschlossen und erst beim Waschen freigesetzt. Das Material ist geruchsneutral und sehr leicht zu waschen. Die rot\/neongelbe Version ist mit einer Zipp2Zipp\u00ae Brusttasche ausgestattet. Das Zipp-Neck Trikot ist auch in den Sicherheitsfarben orange und orange\/gelb erh\u00e4ltlich. Dieses funktionelle Trikot ist perfekt f\u00fcr die Jagd, die Forstwirtschaft und Outdoor-Aktivit\u00e4ten.<br \/>\n&#8211; Cocona-Technologie -37.5<br \/>\n&#8211; StretchAIR\u00ae-Technologie<br \/>\n&#8211; Geruchs- und Feuchtigkeitsmanagement<br \/>\n&#8211; Geringes Gewicht<br \/>\n&#8211; Hochelastisch<br \/>\n&#8211; Geruchsneutral<br \/>\n&#8211; 100%ige Farbechtheit<br \/>\n&#8211; Sehr strapazierf\u00e4hig f\u00fcr den t\u00e4glichen Gebrauch<br \/>\n&#8211; Zipp2Zipp\u00ae-Brusttasche (nur in der Version rot\/neongelb)       <\/p>\n<p>Material: 100 % Polyester Cocona<\/p>\n","protected":false},"excerpt":{"rendered":"<p>Dank der StretchAIR\u00ae Technologie bietet das Zipp-Neck Trikot unbegrenzte Bewegungsfreiheit und Atmungsaktivit\u00e4t f\u00fcr maximalen Komfort. 37,5 steht f\u00fcr eine konstante<\/p>\n","protected":false},"featured_media":617941,"template":"","meta":{"_seopress_robots_primary_cat":"none","_seopress_titles_title":"","_seopress_titles_desc":"","_seopress_robots_index":""},"product_brand":[3670],"product_cat":[82,1382,974,975],"product_tag":[],"class_list":{"0":"post-617994","1":"product","2":"type-product","3":"status-publish","4":"has-post-thumbnail","6":"product_brand-pfanner-de","7":"product_cat-kleidung","8":"product_cat-arbeitskleidung","9":"product_cat-freizeitkleidung","10":"product_cat-herrenbekleidung","11":"sws-gruppo-no-gruppo","12":"sws-conto-ricavi-merci-rivendita-abbigliamento","13":"sws-gruppo-iva-iva81","15":"first","16":"instock","17":"shipping-taxable","18":"purchasable","19":"product-type-variable","20":"has-default-attributes"},"_links":{"self":[{"href":"https:\/\/lucacastelli.com\/de\/wp-json\/wp\/v2\/product\/617994","targetHints":{"allow":["GET"]}}],"collection":[{"href":"https:\/\/lucacastelli.com\/de\/wp-json\/wp\/v2\/product"}],"about":[{"href":"https:\/\/lucacastelli.com\/de\/wp-json\/wp\/v2\/types\/product"}],"wp:featuredmedia":[{"embeddable":true,"href":"https:\/\/lucacastelli.com\/de\/wp-json\/wp\/v2\/media\/617941"}],"wp:attachment":[{"href":"https:\/\/lucacastelli.com\/de\/wp-json\/wp\/v2\/media?parent=617994"}],"wp:term":[{"taxonomy":"product_brand","embeddable":true,"href":"https:\/\/lucacastelli.com\/de\/wp-json\/wp\/v2\/product_brand?post=617994"},{"taxonomy":"product_cat","embeddable":true,"href":"https:\/\/lucacastelli.com\/de\/wp-json\/wp\/v2\/product_cat?post=617994"},{"taxonomy":"product_tag","embeddable":true,"href":"https:\/\/lucacastelli.com\/de\/wp-json\/wp\/v2\/product_tag?post=617994"}],"curies":[{"name":"wp","href":"https:\/\/api.w.org\/{rel}","templated":true}]}}