{"id":617737,"date":"2025-08-18T20:30:06","date_gmt":"2025-08-18T18:30:06","guid":{"rendered":"https:\/\/lucacastelli.com\/?post_type=product&#038;p=617737"},"modified":"2026-04-14T11:11:37","modified_gmt":"2026-04-14T09:11:37","slug":"protos-inuit-teddy-jacke-copia-copia-copia-copia-copia-2","status":"publish","type":"product","link":"https:\/\/lucacastelli.com\/de\/produkt\/protos-inuit-teddy-jacke-copia-copia-copia-copia-copia-2\/","title":{"rendered":"PFANNER Jacke ARBORIST"},"content":{"rendered":"<p>Die Arborist-Jacke ist die Jacke f\u00fcr Baumprofis. Der Silikondruck im unteren R\u00fcckenbereich sorgt daf\u00fcr, dass die Jacke unter dem Klettergurt bleibt. Die durchdachte Taschenanordnung erm\u00f6glicht es, alle Gegenst\u00e4nde so zu verstauen, dass sie auch beim Tragen der Kletterausr\u00fcstung schnell zug\u00e4nglich sind. Die KlimaAIR\u00ae- und StretchAIR\u00ae-Technologie garantiert maximale Bewegungsfreiheit zwischen den \u00c4sten und h\u00f6chsten Komfort. Der hohe Kragen verhindert das Eindringen von \u00c4sten und Fremdk\u00f6rpern in den Halsbereich.<br \/>\n-Silikondruck gegen Verrutschen des Gurtes<br \/>\n-StretchAIR\u00ae- und KlimaAIR\u00ae-Technologie<br \/>\n-Maximale Bewegungsfreiheit<br \/>\n-100% ohne Membran<br \/>\n-Wasserabweisendes und schmutzabweisendes Au\u00dfengewebe<br \/>\n-50 cm lange Achselbel\u00fcftung<br \/>\n-Elastische B\u00fcndchen<br \/>\n-Reflektierende Streifen    <\/p>\n<p>Material:<br \/>\nStretchgewebe: 92% Polyamid, 8% Elastan<br \/>\nFutter: 100% Polyester<\/p>\n","protected":false},"excerpt":{"rendered":"<p>Die Arborist-Jacke ist die Jacke f\u00fcr Baumprofis. Der Silikondruck im unteren R\u00fcckenbereich sorgt daf\u00fcr, dass die Jacke unter dem Klettergurt<\/p>\n","protected":false},"featured_media":617684,"template":"","meta":{"_seopress_robots_primary_cat":"none","_seopress_titles_title":"","_seopress_titles_desc":"","_seopress_robots_index":""},"product_brand":[3458],"product_cat":[21,284,189,190],"product_tag":[],"class_list":{"0":"post-617737","1":"product","2":"type-product","3":"status-publish","4":"has-post-thumbnail","6":"product_brand-pfanner","7":"product_cat-abbigliamento","8":"product_cat-abbigliamento-da-lavoro","9":"product_cat-abbigliamento-per-il-tempo-libero","10":"product_cat-abbigliamento-da-uomo","11":"sws-gruppo-no-gruppo-de","12":"sws-conto-ricavi-merci-rivendita-abbigliamento-de","13":"sws-gruppo-iva-iva81-de","15":"first","16":"instock","17":"shipping-taxable","18":"purchasable","19":"product-type-variable","20":"has-default-attributes"},"_links":{"self":[{"href":"https:\/\/lucacastelli.com\/de\/wp-json\/wp\/v2\/product\/617737","targetHints":{"allow":["GET"]}}],"collection":[{"href":"https:\/\/lucacastelli.com\/de\/wp-json\/wp\/v2\/product"}],"about":[{"href":"https:\/\/lucacastelli.com\/de\/wp-json\/wp\/v2\/types\/product"}],"wp:featuredmedia":[{"embeddable":true,"href":"https:\/\/lucacastelli.com\/de\/wp-json\/wp\/v2\/media\/617684"}],"wp:attachment":[{"href":"https:\/\/lucacastelli.com\/de\/wp-json\/wp\/v2\/media?parent=617737"}],"wp:term":[{"taxonomy":"product_brand","embeddable":true,"href":"https:\/\/lucacastelli.com\/de\/wp-json\/wp\/v2\/product_brand?post=617737"},{"taxonomy":"product_cat","embeddable":true,"href":"https:\/\/lucacastelli.com\/de\/wp-json\/wp\/v2\/product_cat?post=617737"},{"taxonomy":"product_tag","embeddable":true,"href":"https:\/\/lucacastelli.com\/de\/wp-json\/wp\/v2\/product_tag?post=617737"}],"curies":[{"name":"wp","href":"https:\/\/api.w.org\/{rel}","templated":true}]}}