{"id":617525,"date":"2025-08-18T19:52:44","date_gmt":"2025-08-18T17:52:44","guid":{"rendered":"https:\/\/lucacastelli.com\/?post_type=product&#038;p=617525"},"modified":"2026-04-14T11:11:37","modified_gmt":"2026-04-14T09:11:37","slug":"protos-inuit-teddy-jacke-copia-copia-copia-copia","status":"publish","type":"product","link":"https:\/\/lucacastelli.com\/de\/produkt\/protos-inuit-teddy-jacke-copia-copia-copia-copia\/","title":{"rendered":"PFANNER Polar Jacke"},"content":{"rendered":"<p>Die Polar Jacke, ganz ohne Membran, garantiert maximale Atmungsaktivit\u00e4t. Dank der perfekten Passform und dem Stretch-Fleece ist die Polar Jacke ideal als Erg\u00e4nzung zur technischen Bekleidung bei niedrigen Temperaturen oder um den K\u00f6rper nach sportlichen Aktivit\u00e4ten vor dem Ausk\u00fchlen zu sch\u00fctzen. Das robuste und pflegeleichte Fleece ist zudem mit einem hohen Kragen und einem Kinnschutz ausgestattet. Die PolarTec Jacke ist auch als Damenversion mit sportlichem Schnitt erh\u00e4ltlich.<br \/>\n-Komfort<br \/>\n-Hochwertiges PolarTec-Fleece<br \/>\n-Bewegungsfreiheit durch Stretch-Fleece<br \/>\n-Hoher Kragen gegen kalten Wind<br \/>\n-Kinnschutz<br \/>\n-Pflegeleicht<br \/>\n-100 % membranfrei<br \/>\n-Brusttasche mit Zipp2Zipp\u00ae-Rei\u00dfverschluss   <\/p>\n<p>Material: 57 % Polyester, 33 % Nylon, 10 % Lycra<\/p>\n","protected":false},"excerpt":{"rendered":"<p>Die Polar Jacke, ganz ohne Membran, garantiert maximale Atmungsaktivit\u00e4t. Dank der perfekten Passform und dem Stretch-Fleece ist die Polar Jacke<\/p>\n","protected":false},"featured_media":617537,"template":"","meta":{"_seopress_robots_primary_cat":"none","_seopress_titles_title":"","_seopress_titles_desc":"","_seopress_robots_index":""},"product_brand":[3458],"product_cat":[21,284,189,190],"product_tag":[],"class_list":{"0":"post-617525","1":"product","2":"type-product","3":"status-publish","4":"has-post-thumbnail","6":"product_brand-pfanner","7":"product_cat-abbigliamento","8":"product_cat-abbigliamento-da-lavoro","9":"product_cat-abbigliamento-per-il-tempo-libero","10":"product_cat-abbigliamento-da-uomo","11":"sws-gruppo-no-gruppo-de","12":"sws-conto-ricavi-merci-rivendita-abbigliamento-de","13":"sws-gruppo-iva-iva81-de","15":"first","16":"instock","17":"shipping-taxable","18":"purchasable","19":"product-type-variable","20":"has-default-attributes"},"_links":{"self":[{"href":"https:\/\/lucacastelli.com\/de\/wp-json\/wp\/v2\/product\/617525","targetHints":{"allow":["GET"]}}],"collection":[{"href":"https:\/\/lucacastelli.com\/de\/wp-json\/wp\/v2\/product"}],"about":[{"href":"https:\/\/lucacastelli.com\/de\/wp-json\/wp\/v2\/types\/product"}],"wp:featuredmedia":[{"embeddable":true,"href":"https:\/\/lucacastelli.com\/de\/wp-json\/wp\/v2\/media\/617537"}],"wp:attachment":[{"href":"https:\/\/lucacastelli.com\/de\/wp-json\/wp\/v2\/media?parent=617525"}],"wp:term":[{"taxonomy":"product_brand","embeddable":true,"href":"https:\/\/lucacastelli.com\/de\/wp-json\/wp\/v2\/product_brand?post=617525"},{"taxonomy":"product_cat","embeddable":true,"href":"https:\/\/lucacastelli.com\/de\/wp-json\/wp\/v2\/product_cat?post=617525"},{"taxonomy":"product_tag","embeddable":true,"href":"https:\/\/lucacastelli.com\/de\/wp-json\/wp\/v2\/product_tag?post=617525"}],"curies":[{"name":"wp","href":"https:\/\/api.w.org\/{rel}","templated":true}]}}