{"id":617452,"date":"2025-08-18T19:42:44","date_gmt":"2025-08-18T17:42:44","guid":{"rendered":"https:\/\/lucacastelli.com\/?post_type=product&#038;p=617452"},"modified":"2026-04-14T11:16:50","modified_gmt":"2026-04-14T09:16:50","slug":"protos-inuit-teddy-jacke-copia-copia-copia","status":"publish","type":"product","link":"https:\/\/lucacastelli.com\/de\/produkt\/protos-inuit-teddy-jacke-copia-copia-copia\/","title":{"rendered":"PFANNER Faserpelzjacke Midland"},"content":{"rendered":"<p>Die Midland Faserpelzjacke ist aus hochwertigem Faserpelz gefertigt. Die pl\u00fcschartige Faserpelzoberfl\u00e4che garantiert eine nat\u00fcrliche wasserabweisende Funktion ohne Membran. Der verl\u00e4ngerte R\u00fccken sch\u00fctzt die Nierenpartie wirksam vor Ausk\u00fchlung. Die StretchFlex\u00ae-Technologie und der Kinnschutz runden den Tragekomfort der Jacke ab.<br \/>\n-Strapazierf\u00e4higer Faserpelz<br \/>\n-Verl\u00e4ngerter R\u00fccken<br \/>\n-StretchFlex\u00ae-Technologie<br \/>\n-Wasserabweisend und schmutzabweisend<br \/>\n-Kinnschutz<br \/>\n-100% ohne Membran<br \/>\n-Hochelastische B\u00fcndchen und Vorderkante in 2\u00d72-Ripp<br \/>\n-Auch in Kindergr\u00f6ssen erh\u00e4ltlich   <\/p>\n<p>Material: 70% Polyester, 30% Polyacryl<\/p>\n","protected":false},"excerpt":{"rendered":"<p>Die Midland Faserpelzjacke ist aus hochwertigem Faserpelz gefertigt. Die pl\u00fcschartige Faserpelzoberfl\u00e4che garantiert eine nat\u00fcrliche wasserabweisende Funktion ohne Membran. Der verl\u00e4ngerte<\/p>\n","protected":false},"featured_media":617464,"template":"","meta":{"_seopress_robots_primary_cat":"none","_seopress_titles_title":"","_seopress_titles_desc":"","_seopress_robots_index":""},"product_brand":[3458],"product_cat":[21,284,189,190],"product_tag":[],"class_list":{"0":"post-617452","1":"product","2":"type-product","3":"status-publish","4":"has-post-thumbnail","6":"product_brand-pfanner","7":"product_cat-abbigliamento","8":"product_cat-abbigliamento-da-lavoro","9":"product_cat-abbigliamento-per-il-tempo-libero","10":"product_cat-abbigliamento-da-uomo","11":"sws-gruppo-no-gruppo-de","12":"sws-categoria-sito-de","13":"sws-conto-ricavi-merci-rivendita-abbigliamento-de","14":"sws-gruppo-iva-iva81-de","16":"first","17":"instock","18":"shipping-taxable","19":"purchasable","20":"product-type-variable","21":"has-default-attributes"},"_links":{"self":[{"href":"https:\/\/lucacastelli.com\/de\/wp-json\/wp\/v2\/product\/617452","targetHints":{"allow":["GET"]}}],"collection":[{"href":"https:\/\/lucacastelli.com\/de\/wp-json\/wp\/v2\/product"}],"about":[{"href":"https:\/\/lucacastelli.com\/de\/wp-json\/wp\/v2\/types\/product"}],"wp:featuredmedia":[{"embeddable":true,"href":"https:\/\/lucacastelli.com\/de\/wp-json\/wp\/v2\/media\/617464"}],"wp:attachment":[{"href":"https:\/\/lucacastelli.com\/de\/wp-json\/wp\/v2\/media?parent=617452"}],"wp:term":[{"taxonomy":"product_brand","embeddable":true,"href":"https:\/\/lucacastelli.com\/de\/wp-json\/wp\/v2\/product_brand?post=617452"},{"taxonomy":"product_cat","embeddable":true,"href":"https:\/\/lucacastelli.com\/de\/wp-json\/wp\/v2\/product_cat?post=617452"},{"taxonomy":"product_tag","embeddable":true,"href":"https:\/\/lucacastelli.com\/de\/wp-json\/wp\/v2\/product_tag?post=617452"}],"curies":[{"name":"wp","href":"https:\/\/api.w.org\/{rel}","templated":true}]}}