{"id":617319,"date":"2025-08-18T19:21:46","date_gmt":"2025-08-18T17:21:46","guid":{"rendered":"https:\/\/lucacastelli.com\/?post_type=product&#038;p=617319"},"modified":"2026-04-14T11:17:46","modified_gmt":"2026-04-14T09:17:46","slug":"protos-inuit-teddy-jacke-copia-2","status":"publish","type":"product","link":"https:\/\/lucacastelli.com\/de\/produkt\/protos-inuit-teddy-jacke-copia-2\/","title":{"rendered":"PFANNER Faserpelzjacke Highland"},"content":{"rendered":"<p>Die Highland Faserpelzjacken sind aus hochwertigem Synthetikstrick gefertigt. Die pl\u00fcsch\u00e4hnliche Faserpelzoberfl\u00e4che garantiert eine nat\u00fcrliche wasserabweisende Funktion ohne Membran.<br \/>\nDas verl\u00e4ngerte R\u00fcckenteil sch\u00fctzt den Nierenbereich effektiv vor Ausk\u00fchlung und der Kinnschutz rundet den Tragekomfort der Jacke ab. Die Highland Faserpelzjacke ist an Brust und R\u00fccken mit wasserdichtem Cordura ausgestattet. Reflexstreifen sorgen f\u00fcr erh\u00f6hte Sichtbarkeit. Dies macht die Highland Faserpelzjacke zur perfekten Bekleidung f\u00fcr st\u00fcrmische Tage.<br \/>\nDank der abnehmbaren \u00c4rmel l\u00e4sst sich die Jacke jederzeit in eine Weste verwandeln.<br \/>\n-Strapazierf\u00e4higer Faserpelz<br \/>\n-Cordura-Verst\u00e4rkungen an den Schultern<br \/>\n-Wasserdichter Schulterbereich<br \/>\n-Abnehmbare \u00c4rmel<br \/>\n-Verl\u00e4ngerter R\u00fccken<br \/>\n-Rei\u00dfverschlussgarage<br \/>\n-Winddicht gef\u00fctterter R\u00fccken<br \/>\n-Reflexstreifen<br \/>\n-Elastische 2\u00d72 \u00c4rmelb\u00fcndchen und Vorderkante<br \/>\n-StretchFlex\u00ae Technologie    <\/p>\n<p>Material:<br \/>\nObermaterial: 100 % Polyester<br \/>\nObermaterial 2: 97 % Polyester, 3 % Elasthan<br \/>\nFutter: 100 % Polyester<\/p>\n","protected":false},"excerpt":{"rendered":"<p>Die Highland Faserpelzjacken sind aus hochwertigem Synthetikstrick gefertigt. Die pl\u00fcsch\u00e4hnliche Faserpelzoberfl\u00e4che garantiert eine nat\u00fcrliche wasserabweisende Funktion ohne Membran. Das verl\u00e4ngerte<\/p>\n","protected":false},"featured_media":617331,"template":"","meta":{"_seopress_robots_primary_cat":"none","_seopress_titles_title":"","_seopress_titles_desc":"","_seopress_robots_index":""},"product_brand":[3458],"product_cat":[21,284,189,190],"product_tag":[],"class_list":{"0":"post-617319","1":"product","2":"type-product","3":"status-publish","4":"has-post-thumbnail","6":"product_brand-pfanner","7":"product_cat-abbigliamento","8":"product_cat-abbigliamento-da-lavoro","9":"product_cat-abbigliamento-per-il-tempo-libero","10":"product_cat-abbigliamento-da-uomo","11":"sws-gruppo-no-gruppo-de","12":"sws-categoria-sito-de","13":"sws-conto-ricavi-merci-rivendita-abbigliamento-de","14":"sws-gruppo-iva-iva81-de","16":"first","17":"instock","18":"shipping-taxable","19":"purchasable","20":"product-type-variable","21":"has-default-attributes"},"_links":{"self":[{"href":"https:\/\/lucacastelli.com\/de\/wp-json\/wp\/v2\/product\/617319","targetHints":{"allow":["GET"]}}],"collection":[{"href":"https:\/\/lucacastelli.com\/de\/wp-json\/wp\/v2\/product"}],"about":[{"href":"https:\/\/lucacastelli.com\/de\/wp-json\/wp\/v2\/types\/product"}],"wp:featuredmedia":[{"embeddable":true,"href":"https:\/\/lucacastelli.com\/de\/wp-json\/wp\/v2\/media\/617331"}],"wp:attachment":[{"href":"https:\/\/lucacastelli.com\/de\/wp-json\/wp\/v2\/media?parent=617319"}],"wp:term":[{"taxonomy":"product_brand","embeddable":true,"href":"https:\/\/lucacastelli.com\/de\/wp-json\/wp\/v2\/product_brand?post=617319"},{"taxonomy":"product_cat","embeddable":true,"href":"https:\/\/lucacastelli.com\/de\/wp-json\/wp\/v2\/product_cat?post=617319"},{"taxonomy":"product_tag","embeddable":true,"href":"https:\/\/lucacastelli.com\/de\/wp-json\/wp\/v2\/product_tag?post=617319"}],"curies":[{"name":"wp","href":"https:\/\/api.w.org\/{rel}","templated":true}]}}