{"id":616977,"date":"2025-08-18T18:10:23","date_gmt":"2025-08-18T16:10:23","guid":{"rendered":"https:\/\/lucacastelli.com\/?post_type=product&#038;p=616977"},"modified":"2026-04-14T11:19:05","modified_gmt":"2026-04-14T09:19:05","slug":"pfanner-wooltec-weste-copia-copia","status":"publish","type":"product","link":"https:\/\/lucacastelli.com\/de\/produkt\/pfanner-wooltec-weste-copia-copia\/","title":{"rendered":"PFANNER Canvas Arbeitsjacke"},"content":{"rendered":"<p>Die Canvas Arbeitsjacke ist aus extrem strapazierf\u00e4higem Canvas-Gewebe gefertigt, um eine hohe Abriebfestigkeit und lange Lebensdauer zu gew\u00e4hrleisten. Die Seitentaschen sind mit einem verdeckten Rei\u00dfverschluss geschlossen, der das Eindringen von Schmutz verhindert. Reflexstreifen sorgen f\u00fcr bessere Sichtbarkeit bei schlechten Lichtverh\u00e4ltnissen. Die StretchZone\u00ae-Technologie am R\u00fccken bietet unvergleichliche Bewegungsfreiheit. Die Norm DIN EN ISO 20471 regelt die Anforderungen an erh\u00f6hte Sichtbarkeit f\u00fcr Schutzkleidung. Die Versionen in Orange, Gelb und Leuchtrot erf\u00fcllen diese Norm (mit angezippten \u00c4rmeln) in der Schutzklasse EN 20471 Klasse 2 ab Gr\u00f6\u00dfe XS.<br \/>\n-StretchZone\u00ae-Technologie<br \/>\n-Extrem strapazierf\u00e4higer Oberstoff<br \/>\n-Abnehmbare \u00c4rmel<br \/>\n-Extra langer Nierenschutz<br \/>\n-Reflexstreifen<br \/>\n-Version Orange, Gelb, Leuchtrot: EN 20471 Klasse 2 (mit \u00c4rmeln)     <\/p>\n<p>&nbsp;<\/p>\n<p>Material:<br \/>\nObermaterial: 65 % Polyamid Cordura, 35 % Baumwolle<br \/>\nStretchgewebe: 90 % Polyamid, 10 % Elasthan<br \/>\nNormen:<br \/>\nEN 20471 Klasse 2 (nur Version Orange, Gelb und Leuchtrot)<\/p>\n","protected":false},"excerpt":{"rendered":"<p>Die Canvas Arbeitsjacke ist aus extrem strapazierf\u00e4higem Canvas-Gewebe gefertigt, um eine hohe Abriebfestigkeit und lange Lebensdauer zu gew\u00e4hrleisten. Die Seitentaschen<\/p>\n","protected":false},"featured_media":617170,"template":"","meta":{"_seopress_robots_primary_cat":"none","_seopress_titles_title":"","_seopress_titles_desc":"","_seopress_robots_index":""},"product_brand":[3458],"product_cat":[21,284],"product_tag":[],"class_list":{"0":"post-616977","1":"product","2":"type-product","3":"status-publish","4":"has-post-thumbnail","6":"product_brand-pfanner","7":"product_cat-abbigliamento","8":"product_cat-abbigliamento-da-lavoro","9":"sws-gruppo-no-gruppo-de","10":"sws-conto-ricavi-merci-rivendita-abbigliamento-de","11":"sws-gruppo-iva-iva81-de","13":"first","14":"instock","15":"shipping-taxable","16":"purchasable","17":"product-type-variable","18":"has-default-attributes"},"_links":{"self":[{"href":"https:\/\/lucacastelli.com\/de\/wp-json\/wp\/v2\/product\/616977","targetHints":{"allow":["GET"]}}],"collection":[{"href":"https:\/\/lucacastelli.com\/de\/wp-json\/wp\/v2\/product"}],"about":[{"href":"https:\/\/lucacastelli.com\/de\/wp-json\/wp\/v2\/types\/product"}],"wp:featuredmedia":[{"embeddable":true,"href":"https:\/\/lucacastelli.com\/de\/wp-json\/wp\/v2\/media\/617170"}],"wp:attachment":[{"href":"https:\/\/lucacastelli.com\/de\/wp-json\/wp\/v2\/media?parent=616977"}],"wp:term":[{"taxonomy":"product_brand","embeddable":true,"href":"https:\/\/lucacastelli.com\/de\/wp-json\/wp\/v2\/product_brand?post=616977"},{"taxonomy":"product_cat","embeddable":true,"href":"https:\/\/lucacastelli.com\/de\/wp-json\/wp\/v2\/product_cat?post=616977"},{"taxonomy":"product_tag","embeddable":true,"href":"https:\/\/lucacastelli.com\/de\/wp-json\/wp\/v2\/product_tag?post=616977"}],"curies":[{"name":"wp","href":"https:\/\/api.w.org\/{rel}","templated":true}]}}