{"id":616780,"date":"2025-08-18T17:59:44","date_gmt":"2025-08-18T15:59:44","guid":{"rendered":"https:\/\/lucacastelli.com\/?post_type=product&#038;p=616780"},"modified":"2025-08-20T17:53:04","modified_gmt":"2025-08-20T15:53:04","slug":"pfanner-wooltec-weste-copia","status":"publish","type":"product","link":"https:\/\/lucacastelli.com\/de\/produkt\/pfanner-wooltec-weste-copia\/","title":{"rendered":"PFANNER Canvas Arbeitsjacke"},"content":{"rendered":"<p>Die Canvas Jacke besteht aus extrem strapazierf\u00e4higem Canvas-Gewebe f\u00fcr hohe Abriebfestigkeit und lange Lebensdauer. Die Seitentaschen werden mit einem abgedeckten Rei\u00dfverschluss geschlossen, der verhindert, dass Schmutz eindringt. Reflektierende Streifen sorgen f\u00fcr bessere Sichtbarkeit bei schlechten Lichtverh\u00e4ltnissen. Die Stretchzone Technologie auf dem R\u00fccken bietet eine unvergleichliche Bewegungsfreiheit. Die DIN EN ISO 20471 regelt die Anforderungen an erh\u00f6hte Sichtbarkeit von Schutzkleidung. Die orange, gelbe und leuchtend rote Version erf\u00fcllt diese Norm (mit angesetzten \u00c4rmeln) in der Schutzklasse 20471 Klasse 2 ab Gr\u00f6\u00dfe XS.<br \/>\n-StretchZone\u00ae Technologie<br \/>\n-Extrem strapazierf\u00e4higes Au\u00dfenmaterial<br \/>\n-Abnehmbare \u00c4rmel<br \/>\n-Extra langer Lendenschutz<br \/>\n-Reflektierende Streifen<br \/>\n-Orange, gelbe, leuchtend rote Version: EN 20471 Klasse 2 (mit \u00c4rmeln)     <\/p>\n<p>&nbsp;<\/p>\n<p>Material:<br \/>\nAu\u00dfenmaterial: 65% Polyamid Cordura, 35% Baumwolle<br \/>\nStretchmaterial: 90% Polyamid, 10% Elastan<br \/>\nNormen:<br \/>\nEN 20471 Klasse 2 (nur orange, gelbe und leuchtend rote Version)<\/p>\n","protected":false},"excerpt":{"rendered":"<p>Die Canvas Jacke besteht aus extrem strapazierf\u00e4higem Canvas-Gewebe f\u00fcr hohe Abriebfestigkeit und lange Lebensdauer. Die Seitentaschen werden mit einem abgedeckten<\/p>\n","protected":false},"featured_media":616790,"template":"","meta":{"_seopress_robots_primary_cat":"none","_seopress_titles_title":"","_seopress_titles_desc":"","_seopress_robots_index":""},"product_brand":[3458],"product_cat":[21,284],"product_tag":[],"class_list":{"0":"post-616780","1":"product","2":"type-product","3":"status-publish","4":"has-post-thumbnail","6":"product_brand-pfanner","7":"product_cat-abbigliamento","8":"product_cat-abbigliamento-da-lavoro","9":"sws-gruppo-no-gruppo-de","10":"sws-conto-ricavi-merci-rivendita-abbigliamento-de","11":"sws-gruppo-iva-iva81-de","13":"first","14":"instock","15":"shipping-taxable","16":"purchasable","17":"product-type-variable","18":"has-default-attributes"},"_links":{"self":[{"href":"https:\/\/lucacastelli.com\/de\/wp-json\/wp\/v2\/product\/616780","targetHints":{"allow":["GET"]}}],"collection":[{"href":"https:\/\/lucacastelli.com\/de\/wp-json\/wp\/v2\/product"}],"about":[{"href":"https:\/\/lucacastelli.com\/de\/wp-json\/wp\/v2\/types\/product"}],"wp:featuredmedia":[{"embeddable":true,"href":"https:\/\/lucacastelli.com\/de\/wp-json\/wp\/v2\/media\/616790"}],"wp:attachment":[{"href":"https:\/\/lucacastelli.com\/de\/wp-json\/wp\/v2\/media?parent=616780"}],"wp:term":[{"taxonomy":"product_brand","embeddable":true,"href":"https:\/\/lucacastelli.com\/de\/wp-json\/wp\/v2\/product_brand?post=616780"},{"taxonomy":"product_cat","embeddable":true,"href":"https:\/\/lucacastelli.com\/de\/wp-json\/wp\/v2\/product_cat?post=616780"},{"taxonomy":"product_tag","embeddable":true,"href":"https:\/\/lucacastelli.com\/de\/wp-json\/wp\/v2\/product_tag?post=616780"}],"curies":[{"name":"wp","href":"https:\/\/api.w.org\/{rel}","templated":true}]}}