{"id":616743,"date":"2025-08-18T14:51:15","date_gmt":"2025-08-18T12:51:15","guid":{"rendered":"https:\/\/lucacastelli.com\/prodotto\/pfanner-wooltec-weste-2\/"},"modified":"2026-04-14T12:56:48","modified_gmt":"2026-04-14T10:56:48","slug":"pfanner-wooltec-weste-2","status":"publish","type":"product","link":"https:\/\/lucacastelli.com\/de\/produkt\/pfanner-wooltec-weste-2\/","title":{"rendered":"PFANNER Wooltec Weste"},"content":{"rendered":"<p>Die \u00e4rmellose Alternative zur Jacke aus 100 % Merinowolle. Die Weste bietet hervorragende Isoliereigenschaften, wasserabweisende Verst\u00e4rkungen an den Schultern und einen integrierten E-Blocker im Brustbereich, um Mobilfunkstrahlung vom K\u00f6rper abzulenken. Diese Wolle nimmt keine Ger\u00fcche an und kratzt nicht auf der Haut. Der Rei\u00dfverschluss ist zudem mit einem Kinnschutz ausgestattet, um Reibung zu vermeiden.<br \/>\n&#8211; Hochwertige Merinowolle<br \/>\n&#8211; Geruchsneutral<br \/>\n&#8211; Wasserabweisende Verst\u00e4rkungen an Schultern und Ellbogen, ger\u00e4uscharm<br \/>\n&#8211; 100 % membranfrei<br \/>\n&#8211; Brusttasche mit E-Blocker   <\/p>\n<p>&nbsp;<\/p>\n<p>&nbsp;<\/p>\n<p>Material:<br \/>\nObermaterial: 100 % Merinowolle<br \/>\nBesatz: 100 % Polyamid<\/p>\n","protected":false},"excerpt":{"rendered":"<p>Die \u00e4rmellose Alternative zur Jacke aus 100 % Merinowolle. Die Weste bietet hervorragende Isoliereigenschaften, wasserabweisende Verst\u00e4rkungen an den Schultern und<\/p>\n","protected":false},"featured_media":616076,"template":"","meta":{"_seopress_robots_primary_cat":"none","_seopress_titles_title":"","_seopress_titles_desc":"","_seopress_robots_index":""},"product_brand":[3458],"product_cat":[21,189,190],"product_tag":[],"class_list":{"0":"post-616743","1":"product","2":"type-product","3":"status-publish","4":"has-post-thumbnail","6":"product_brand-pfanner","7":"product_cat-abbigliamento","8":"product_cat-abbigliamento-per-il-tempo-libero","9":"product_cat-abbigliamento-da-uomo","10":"sws-gruppo-no-gruppo-de","11":"sws-conto-ricavi-merci-rivendita-abbigliamento-de","12":"sws-gruppo-iva-iva81-de","14":"first","15":"instock","16":"shipping-taxable","17":"purchasable","18":"product-type-variable","19":"has-default-attributes"},"_links":{"self":[{"href":"https:\/\/lucacastelli.com\/de\/wp-json\/wp\/v2\/product\/616743","targetHints":{"allow":["GET"]}}],"collection":[{"href":"https:\/\/lucacastelli.com\/de\/wp-json\/wp\/v2\/product"}],"about":[{"href":"https:\/\/lucacastelli.com\/de\/wp-json\/wp\/v2\/types\/product"}],"wp:featuredmedia":[{"embeddable":true,"href":"https:\/\/lucacastelli.com\/de\/wp-json\/wp\/v2\/media\/616076"}],"wp:attachment":[{"href":"https:\/\/lucacastelli.com\/de\/wp-json\/wp\/v2\/media?parent=616743"}],"wp:term":[{"taxonomy":"product_brand","embeddable":true,"href":"https:\/\/lucacastelli.com\/de\/wp-json\/wp\/v2\/product_brand?post=616743"},{"taxonomy":"product_cat","embeddable":true,"href":"https:\/\/lucacastelli.com\/de\/wp-json\/wp\/v2\/product_cat?post=616743"},{"taxonomy":"product_tag","embeddable":true,"href":"https:\/\/lucacastelli.com\/de\/wp-json\/wp\/v2\/product_tag?post=616743"}],"curies":[{"name":"wp","href":"https:\/\/api.w.org\/{rel}","templated":true}]}}