{"id":616738,"date":"2025-12-03T02:00:16","date_gmt":"2025-12-03T01:00:16","guid":{"rendered":"https:\/\/lucacastelli.com\/prodotto\/stihl-bra-600-mit-2-x-ap-500-s-batterien-und-al-501-ladegeraet\/"},"modified":"2026-01-02T18:54:06","modified_gmt":"2026-01-02T17:54:06","slug":"stihl-bra-600-mit-2-x-ap-500-s-batterien-und-al-501-ladegeraet","status":"publish","type":"product","link":"https:\/\/lucacastelli.com\/de\/produkt\/stihl-bra-600-mit-2-x-ap-500-s-batterien-und-al-501-ladegeraet\/","title":{"rendered":"STIHL BRA 600 mit 2 x AP 500 S Batterien und AL 501 Ladeger\u00e4t"},"content":{"rendered":"<h2 class=\"product-details__title\">Au\u00dfergew\u00f6hnliche Blaskraft f\u00fcr leise und effiziente Reinigung<\/h2>\n<div class=\"product-details__description richtexteditor\">\n<p>Das <strong>leistungsstarke STIHL Akku-Handgebl\u00e4se BRA 600<\/strong> ist ideal f\u00fcr professionelle Greenkeeper, Landschaftsg\u00e4rtner und Kommunen, um <strong>gro\u00dfe Fl\u00e4chen<\/strong> wie Parks, Rasenfl\u00e4chen, Wege und Stra\u00dfen effizient zu reinigen. Dank seiner <strong>extrem starken Blaskraft von bis zu 35 N<\/strong> kann er auch <strong>nasses und schweres Laub<\/strong>, Gras- und Heckenschnitt oder M\u00fcll schnell beseitigen. Au\u00dferdem <strong>bleibt<\/strong> die Blasleistung des BRA 600 <strong>w\u00e4hrend seiner gesamten Lebensdauer konstant<\/strong>, ohne dass sie w\u00e4hrend des Einsatzes nachl\u00e4sst.  <\/p>\n<p>Dank der <strong>STIHL Ger\u00e4uschreduzierung<\/strong> l\u00e4uft der BRA 600 besonders <strong>leise<\/strong> und ist damit ideal f\u00fcr den Einsatz in <strong>l\u00e4rmempfindlichen Umgebungen<\/strong>. Die Reduzierung der hohen Frequenzen tr\u00e4gt au\u00dferdem zu einem angenehmeren Klang bei. <\/p>\n<p>Der nahezu verschlei\u00dffreie <strong>EC-Hochleistungsmotor<\/strong> sorgt f\u00fcr einen ruhigen Lauf und geringe Vibrationen. Die Energie f\u00fcr seine hohe Leistung liefern <strong>2 STIHL Akkus AP<\/strong>. F\u00fcr ein optimales Energiemanagement k\u00f6nnen Sie die Leistung \u00fcber die <strong>digitale Bedieneinheit<\/strong> am Multifunktionsgriff mit einer Hand in <strong>4 vordefinierten Stufen<\/strong> (Stufen 1\u20133 und kontinuierlicher Boost-Modus) einstellen. Das Display zeigt Ihnen zudem n\u00fctzliche Informationen wie den <strong>Akkuladestand<\/strong>.<\/p>\n<p>Der BRA 600 ist serienm\u00e4\u00dfig mit dem <strong>STIHL Connected<\/strong> System ausgestattet, mit dem sich zum Beispiel der <strong>Energiesparmodus<\/strong> f\u00fcr weniger anstrengende Arbeiten \u00fcber eine App aktivieren l\u00e4sst und so die Reichweite deutlich erh\u00f6ht.<\/p>\n<p>Das <strong>schnell verstellbare Gebl\u00e4serohr<\/strong> l\u00e4sst sich f\u00fcr die Arbeit in engen R\u00e4umen in Sekundenschnelle verk\u00fcrzen und ebenso einfach wieder ausfahren. Das Gewicht des Profi-Gebl\u00e4ses wird dank des <strong>ergonomischen Tragesystems<\/strong> mit <strong>S-f\u00f6rmigen<\/strong> <strong>Schultergurten<\/strong> und <strong>H\u00fcftgurt<\/strong> gleichm\u00e4\u00dfig und bequem auf dem R\u00fccken verteilt. <\/p>\n<p>F\u00fcr <strong>maximale Leistung<\/strong> empfehlen wir die Verwendung von <strong>2 STIHL AP 500 S<\/strong>. F\u00fcr weniger anspruchsvolle Arbeiten kannst du auch <strong>2 STIHL AP 200 \/ AP 200 S Batterien<\/strong> oder <strong>2 STIHL AP 300 \/ AP 300 S Batterien<\/strong> verwenden. <\/p>\n<p>In unserer <strong>\u00dcbersicht \u00fcber die STIHL Akku-Lauf- und Ladezeiten<\/strong> kannst du sehen, wie <strong>lange du mit deinem STIHL BRA 600 Akku-Blasger\u00e4t arbeiten kannst<\/strong> und <strong>wie lange die Akkus zum Aufladen brauchen<\/strong>.<\/p>\n<p>Alle <strong>STIHL AP<\/strong> Akkuger\u00e4te sind f\u00fcr den regelm\u00e4\u00dfigen professionellen Einsatz auch unter harten Wetterbedingungen konzipiert. Aus diesem Grund sind sie mit einem <strong>Spritzwasserschutz<\/strong> ausgestattet, der nach strengen internen Standards getestet wurde. Der Test basiert unter anderem auf dem <strong>IPX4-Standard<\/strong>. F\u00fcr den BRA 600 wurde dieser Schutz <strong>offiziell nach IPX4 zertifiziert<\/strong>.   <\/p>\n<\/div>\n<p>&nbsp;<\/p>\n<p>Set bestehend aus:<\/p>\n<p>1 STIHL BR 600 Rucksackgebl\u00e4se<\/p>\n<p>2 Batterien AP 500 S<\/p>\n<p>AL 1 501 Schnellladeger\u00e4t<\/p>\n","protected":false},"excerpt":{"rendered":"<p>Au\u00dfergew\u00f6hnliche Blaskraft f\u00fcr leise und effiziente Reinigung Das leistungsstarke STIHL Akku-Handgebl\u00e4se BRA 600 ist ideal f\u00fcr professionelle Greenkeeper, Landschaftsg\u00e4rtner und<\/p>\n","protected":false},"featured_media":616257,"template":"","meta":{"_seopress_robots_primary_cat":"none","_seopress_titles_title":"","_seopress_titles_desc":"","_seopress_robots_index":""},"product_brand":[3554],"product_cat":[1654,1641,169],"product_tag":[],"class_list":{"0":"post-616738","1":"product","2":"type-product","3":"status-publish","4":"has-post-thumbnail","6":"product_brand-stihl-de","7":"product_cat-akku-geblase","8":"product_cat-geblase-und-staubsauger","9":"product_cat-maschinen","11":"first","12":"instock","13":"sale","14":"shipping-taxable","15":"purchasable","16":"product-type-simple"},"_links":{"self":[{"href":"https:\/\/lucacastelli.com\/de\/wp-json\/wp\/v2\/product\/616738","targetHints":{"allow":["GET"]}}],"collection":[{"href":"https:\/\/lucacastelli.com\/de\/wp-json\/wp\/v2\/product"}],"about":[{"href":"https:\/\/lucacastelli.com\/de\/wp-json\/wp\/v2\/types\/product"}],"wp:featuredmedia":[{"embeddable":true,"href":"https:\/\/lucacastelli.com\/de\/wp-json\/wp\/v2\/media\/616257"}],"wp:attachment":[{"href":"https:\/\/lucacastelli.com\/de\/wp-json\/wp\/v2\/media?parent=616738"}],"wp:term":[{"taxonomy":"product_brand","embeddable":true,"href":"https:\/\/lucacastelli.com\/de\/wp-json\/wp\/v2\/product_brand?post=616738"},{"taxonomy":"product_cat","embeddable":true,"href":"https:\/\/lucacastelli.com\/de\/wp-json\/wp\/v2\/product_cat?post=616738"},{"taxonomy":"product_tag","embeddable":true,"href":"https:\/\/lucacastelli.com\/de\/wp-json\/wp\/v2\/product_tag?post=616738"}],"curies":[{"name":"wp","href":"https:\/\/api.w.org\/{rel}","templated":true}]}}