{"id":616695,"date":"2025-08-18T15:16:32","date_gmt":"2025-08-18T13:16:32","guid":{"rendered":"https:\/\/lucacastelli.com\/prodotto\/pfanner-wooltec-weste\/"},"modified":"2025-08-18T15:16:32","modified_gmt":"2025-08-18T13:16:32","slug":"pfanner-wooltec-weste","status":"publish","type":"product","link":"https:\/\/lucacastelli.com\/de\/produkt\/pfanner-wooltec-weste\/","title":{"rendered":"PFANNER Wooltec Weste"},"content":{"rendered":"<p>Die \u00e4rmellose Alternative zur Jacke, hergestellt aus 100% Merinowolle. Die Weste bietet hervorragende Isolationseigenschaften, wasserabweisende Verst\u00e4rkungen an den Schultern und einen integrierten E-Blocker im Brustbereich, der Handystrahlung vom K\u00f6rper ablenkt. Diese Wolle nimmt keine Ger\u00fcche auf und kratzt nicht auf der Haut. Der Rei\u00dfverschluss hat au\u00dferdem einen Kinnschutz, um Kratzer zu vermeiden.<br \/>\n&#8211; Hochwertige Merinowolle<br \/>\n&#8211; Nimmt keine Ger\u00fcche auf<br \/>\n&#8211; Wasserabweisende Verst\u00e4rkungen an den Schultern und Ellbogen Ger\u00e4uschlos<br \/>\n&#8211; 100% membranfrei<br \/>\n&#8211; Brusttasche mit E-Blocker   <\/p>\n<p>&nbsp;<\/p>\n<p>&nbsp;<\/p>\n<p>Material:<br \/>\nAu\u00dfenmaterial: 100% Merinowolle<br \/>\nFutter: 100% Polyamid<\/p>\n","protected":false},"excerpt":{"rendered":"<p>Die \u00e4rmellose Alternative zur Jacke, hergestellt aus 100% Merinowolle. Die Weste bietet hervorragende Isolationseigenschaften, wasserabweisende Verst\u00e4rkungen an den Schultern und<\/p>\n","protected":false},"featured_media":616087,"template":"","meta":{"_seopress_robots_primary_cat":"none","_seopress_titles_title":"","_seopress_titles_desc":"","_seopress_robots_index":""},"product_brand":[3458],"product_cat":[21,189,190],"product_tag":[],"class_list":{"0":"post-616695","1":"product","2":"type-product","3":"status-publish","4":"has-post-thumbnail","6":"product_brand-pfanner","7":"product_cat-abbigliamento","8":"product_cat-abbigliamento-per-il-tempo-libero","9":"product_cat-abbigliamento-da-uomo","10":"sws-gruppo-no-gruppo-de","11":"sws-conto-ricavi-merci-rivendita-abbigliamento-de","12":"sws-gruppo-iva-iva81-de","14":"first","15":"instock","16":"shipping-taxable","17":"purchasable","18":"product-type-variable","19":"has-default-attributes"},"_links":{"self":[{"href":"https:\/\/lucacastelli.com\/de\/wp-json\/wp\/v2\/product\/616695","targetHints":{"allow":["GET"]}}],"collection":[{"href":"https:\/\/lucacastelli.com\/de\/wp-json\/wp\/v2\/product"}],"about":[{"href":"https:\/\/lucacastelli.com\/de\/wp-json\/wp\/v2\/types\/product"}],"wp:featuredmedia":[{"embeddable":true,"href":"https:\/\/lucacastelli.com\/de\/wp-json\/wp\/v2\/media\/616087"}],"wp:attachment":[{"href":"https:\/\/lucacastelli.com\/de\/wp-json\/wp\/v2\/media?parent=616695"}],"wp:term":[{"taxonomy":"product_brand","embeddable":true,"href":"https:\/\/lucacastelli.com\/de\/wp-json\/wp\/v2\/product_brand?post=616695"},{"taxonomy":"product_cat","embeddable":true,"href":"https:\/\/lucacastelli.com\/de\/wp-json\/wp\/v2\/product_cat?post=616695"},{"taxonomy":"product_tag","embeddable":true,"href":"https:\/\/lucacastelli.com\/de\/wp-json\/wp\/v2\/product_tag?post=616695"}],"curies":[{"name":"wp","href":"https:\/\/api.w.org\/{rel}","templated":true}]}}