{"id":616668,"date":"2025-08-18T14:01:18","date_gmt":"2025-08-18T12:01:18","guid":{"rendered":"https:\/\/lucacastelli.com\/prodotto\/pfanner-ueberwurfweste-6\/"},"modified":"2025-08-18T14:01:18","modified_gmt":"2025-08-18T12:01:18","slug":"pfanner-ueberwurfweste-6","status":"publish","type":"product","link":"https:\/\/lucacastelli.com\/de\/produkt\/pfanner-ueberwurfweste-6\/","title":{"rendered":"Pfanner \u00dcberwurfweste"},"content":{"rendered":"<p>Die Zipp2Zipp\u00ae Signalweste ist der ideale Begleiter f\u00fcr Einsatzorganisationen, die auf Funktionalit\u00e4t und Komfort setzen. Brusttaschen und Schlaufen f\u00fcr \u00dcbertragungskn\u00f6pfe rechts und links garantieren praktische Nutzbarkeit von beiden Seiten. Mit dem neuen Zipp4Fit\u00ae-System l\u00e4sst sich die Jacke problemlos auf fast jede Gr\u00f6\u00dfe erweitern. Drei Rei\u00dfverschl\u00fcsse erm\u00f6glichen die Einstellung auf 20 verschiedene Weiten. Die Zipp2Zipp\u00ae-Brusttasche bietet Platz f\u00fcr alle tragbaren Funkger\u00e4te. Schnelle Zuordnung der Funktionen dank des durchdachten Kennzeichnungswesten-Systems. Auf der Vorder- und R\u00fcckseite befinden sich Klettstreifen zum Anbringen der gestickten Namens- und Funktionsetiketten. Du kannst die Funktionsetiketten mit Schriftz\u00fcgen in verschiedenen Farben individuell gestalten. Extra tiefer Halsausschnitt, wodurch die Weste problemlos \u00fcber allen Helmen (insbesondere Feuerwehrhelmen) getragen werden kann.<br \/>\n&#8211; Zipp2Zipp\u00ae-Brusttaschen<br \/>\n&#8211; Klettband f\u00fcr gesticktes Namensemblem<br \/>\n&#8211; Klettband vorne\/hinten f\u00fcr Namensschilder<br \/>\n&#8211; Weiter Halsausschnitt, passend f\u00fcr alle Schutzhelme<br \/>\n&#8211; Seitliche Gr\u00f6\u00dfenanpassung \u00fcber Zipp4Fit\u00ae-Rei\u00dfverschluss S bis 8XL<br \/>\n&#8211; Unisex        <\/p>\n<p>Material: 100 % Polyester<\/p>\n","protected":false},"excerpt":{"rendered":"<p>Die Zipp2Zipp\u00ae Signalweste ist der ideale Begleiter f\u00fcr Einsatzorganisationen, die auf Funktionalit\u00e4t und Komfort setzen. Brusttaschen und Schlaufen f\u00fcr \u00dcbertragungskn\u00f6pfe<\/p>\n","protected":false},"featured_media":616019,"template":"","meta":{"_seopress_robots_primary_cat":"none","_seopress_titles_title":"","_seopress_titles_desc":"","_seopress_robots_index":""},"product_brand":[3458],"product_cat":[21,284],"product_tag":[],"class_list":{"0":"post-616668","1":"product","2":"type-product","3":"status-publish","4":"has-post-thumbnail","6":"product_brand-pfanner","7":"product_cat-abbigliamento","8":"product_cat-abbigliamento-da-lavoro","9":"sws-gruppo-no-gruppo","10":"sws-conto-ricavi-merci-rivendita-abbigliamento","11":"sws-gruppo-iva-iva81","13":"first","14":"instock","15":"shipping-taxable","16":"purchasable","17":"product-type-variable","18":"has-default-attributes"},"_links":{"self":[{"href":"https:\/\/lucacastelli.com\/de\/wp-json\/wp\/v2\/product\/616668","targetHints":{"allow":["GET"]}}],"collection":[{"href":"https:\/\/lucacastelli.com\/de\/wp-json\/wp\/v2\/product"}],"about":[{"href":"https:\/\/lucacastelli.com\/de\/wp-json\/wp\/v2\/types\/product"}],"wp:featuredmedia":[{"embeddable":true,"href":"https:\/\/lucacastelli.com\/de\/wp-json\/wp\/v2\/media\/616019"}],"wp:attachment":[{"href":"https:\/\/lucacastelli.com\/de\/wp-json\/wp\/v2\/media?parent=616668"}],"wp:term":[{"taxonomy":"product_brand","embeddable":true,"href":"https:\/\/lucacastelli.com\/de\/wp-json\/wp\/v2\/product_brand?post=616668"},{"taxonomy":"product_cat","embeddable":true,"href":"https:\/\/lucacastelli.com\/de\/wp-json\/wp\/v2\/product_cat?post=616668"},{"taxonomy":"product_tag","embeddable":true,"href":"https:\/\/lucacastelli.com\/de\/wp-json\/wp\/v2\/product_tag?post=616668"}],"curies":[{"name":"wp","href":"https:\/\/api.w.org\/{rel}","templated":true}]}}