{"id":616654,"date":"2025-08-18T14:12:24","date_gmt":"2025-08-18T12:12:24","guid":{"rendered":"https:\/\/lucacastelli.com\/prodotto\/pfanner-nachsuchejacke-gladiator\/"},"modified":"2026-04-14T13:13:38","modified_gmt":"2026-04-14T11:13:38","slug":"pfanner-nachsuchejacke-gladiator","status":"publish","type":"product","link":"https:\/\/lucacastelli.com\/de\/produkt\/pfanner-nachsuchejacke-gladiator\/","title":{"rendered":"PFANNER Nachsuchejacke Gladiator\u00ae"},"content":{"rendered":"<p>Bei der Nachsuche muss es oft schnell gehen und eine Jacke muss alles mitmachen. Die Gladiator\u00ae Nachsuchejacke ist mit einem extrem rei\u00dffesten Oberstoff ausgestattet, der Dornen nicht sp\u00fcrbar macht. Die StretchAIR\u00ae und Klima AIR\u00ae Technologien garantieren Atmungsaktivit\u00e4t und maximale Bewegungsfreiheit bei hohem Tragekomfort.<br \/>\nDie zus\u00e4tzliche Bel\u00fcftung im R\u00fcckenbereich verhindert einen Hitzestau. Der hochschlie\u00dfende Kragen verhindert das Eindringen von Tannennadeln und anderem Schmutz. Das Zipp2Zipp\u00ae-Taschensystem mit \u00d6se zum Herausziehen des Markierungsbandes und die Reflexstreifen sorgen f\u00fcr Sichtbarkeit im Unterholz.<br \/>\n&#8211; Zipp2Zipp\u00ae-Taschensystem<br \/>\n&#8211; Seitlicher Rei\u00dfverschluss f\u00fcr schnellen Zugriff auf die Waffe<br \/>\n&#8211; Extrem dornen- und rei\u00dffester Oberstoff<br \/>\n&#8211; Sympatex-Membran f\u00fcr wasserdichten Brust- und Schulterbereich<br \/>\n&#8211; 50 cm lange Bel\u00fcftungsschlitze im Achselbereich<br \/>\n&#8211; Ger\u00e4umige Hasentasche<br \/>\n&#8211; Hochschlie\u00dfender Kragen<br \/>\n&#8211; Regulierbare Bel\u00fcftung im R\u00fcckenbereich    <\/p>\n<p>&nbsp;<\/p>\n<p>Material:<br \/>\nObermaterial 1: 83 % EME-Lycra, 17 % Polyester T-400<br \/>\nStretchstoff: 92 % Polyamid, 8 % Elasthan<br \/>\nObermaterial 2: 100 % Polyamid Cordura<br \/>\nFutter: 100 % Polyester (Volumen: 95 % Luft und 5 % Polyester)<\/p>\n","protected":false},"excerpt":{"rendered":"<p>Bei der Nachsuche muss es oft schnell gehen und eine Jacke muss alles mitmachen. Die Gladiator\u00ae Nachsuchejacke ist mit einem<\/p>\n","protected":false},"featured_media":616040,"template":"","meta":{"_seopress_robots_primary_cat":"none","_seopress_titles_title":"","_seopress_titles_desc":"","_seopress_robots_index":""},"product_brand":[3458],"product_cat":[21,189,190],"product_tag":[],"class_list":{"0":"post-616654","1":"product","2":"type-product","3":"status-publish","4":"has-post-thumbnail","6":"product_brand-pfanner","7":"product_cat-abbigliamento","8":"product_cat-abbigliamento-per-il-tempo-libero","9":"product_cat-abbigliamento-da-uomo","10":"sws-gruppo-no-gruppo-de","11":"sws-categoria-sito-de","12":"sws-conto-ricavi-merci-rivendita-abbigliamento-de","13":"sws-gruppo-iva-iva81-de","15":"first","16":"instock","17":"shipping-taxable","18":"purchasable","19":"product-type-variable","20":"has-default-attributes"},"_links":{"self":[{"href":"https:\/\/lucacastelli.com\/de\/wp-json\/wp\/v2\/product\/616654","targetHints":{"allow":["GET"]}}],"collection":[{"href":"https:\/\/lucacastelli.com\/de\/wp-json\/wp\/v2\/product"}],"about":[{"href":"https:\/\/lucacastelli.com\/de\/wp-json\/wp\/v2\/types\/product"}],"wp:featuredmedia":[{"embeddable":true,"href":"https:\/\/lucacastelli.com\/de\/wp-json\/wp\/v2\/media\/616040"}],"wp:attachment":[{"href":"https:\/\/lucacastelli.com\/de\/wp-json\/wp\/v2\/media?parent=616654"}],"wp:term":[{"taxonomy":"product_brand","embeddable":true,"href":"https:\/\/lucacastelli.com\/de\/wp-json\/wp\/v2\/product_brand?post=616654"},{"taxonomy":"product_cat","embeddable":true,"href":"https:\/\/lucacastelli.com\/de\/wp-json\/wp\/v2\/product_cat?post=616654"},{"taxonomy":"product_tag","embeddable":true,"href":"https:\/\/lucacastelli.com\/de\/wp-json\/wp\/v2\/product_tag?post=616654"}],"curies":[{"name":"wp","href":"https:\/\/api.w.org\/{rel}","templated":true}]}}