{"id":616635,"date":"2025-08-18T14:01:01","date_gmt":"2025-08-18T12:01:01","guid":{"rendered":"https:\/\/lucacastelli.com\/prodotto\/pfanner-ueberwurfweste-3\/"},"modified":"2026-04-14T13:14:22","modified_gmt":"2026-04-14T11:14:22","slug":"pfanner-ueberwurfweste-3","status":"publish","type":"product","link":"https:\/\/lucacastelli.com\/de\/produkt\/pfanner-ueberwurfweste-3\/","title":{"rendered":"PFANNER \u00dcberwurfweste"},"content":{"rendered":"<p>Die Zipp2Zipp\u00ae Signalweste ist der ideale Begleiter f\u00fcr Einsatzorganisationen, die auf Funktionalit\u00e4t und Komfort setzen. Brusttaschen und Schlaufen f\u00fcr Sendetasten rechts und links garantieren eine praktische Nutzbarkeit von beiden Seiten. Mit dem neuen Zipp4Fit\u00ae-System l\u00e4sst sich die Weste einfach auf fast alle Gr\u00f6ssen erweitern. Drei Reissverschl\u00fcsse erm\u00f6glichen die Einstellung von 20 verschiedenen Weiten. Die Zipp2Zipp\u00ae Brusttasche bietet Platz f\u00fcr alle g\u00e4ngigen Funkger\u00e4te. Schnelle Funktionszuweisung dank des durchdachten Systems der Kennzeichnungsweste. Auf der Vorder- und R\u00fcckseite befinden sich Klettstreifen zur Befestigung von Namensstreifen und Funktionsschildern. Die Funktionsschilder k\u00f6nnen mit verschiedenen Schriftfarben personalisiert werden. Extra tiefer Ausschnitt, der das problemlose Tragen der Weste \u00fcber allen Helmen (insbesondere Feuerwehrhelmen) erm\u00f6glicht.<br \/>\n&#8211; Zipp2Zipp\u00ae Brusttaschen<br \/>\n&#8211; Klettstreifen f\u00fcr Namensemblem<br \/>\n&#8211; Klettstreifen vorne\/hinten f\u00fcr Funktionsschilder<br \/>\n&#8211; Weiter Ausschnitt, passend f\u00fcr alle Schutzhelme<br \/>\n&#8211; Seitliche Gr\u00f6ssenverstellung mittels Zipp4Fit\u00ae-Reissverschluss von S bis 8XL<br \/>\n&#8211; Unisex        <\/p>\n<p>Material: 100 % Polyester<\/p>\n","protected":false},"excerpt":{"rendered":"<p>Die Zipp2Zipp\u00ae Signalweste ist der ideale Begleiter f\u00fcr Einsatzorganisationen, die auf Funktionalit\u00e4t und Komfort setzen. Brusttaschen und Schlaufen f\u00fcr Sendetasten<\/p>\n","protected":false},"featured_media":615999,"template":"","meta":{"_seopress_robots_primary_cat":"none","_seopress_titles_title":"","_seopress_titles_desc":"","_seopress_robots_index":""},"product_brand":[3458],"product_cat":[21,284],"product_tag":[],"class_list":{"0":"post-616635","1":"product","2":"type-product","3":"status-publish","4":"has-post-thumbnail","6":"product_brand-pfanner","7":"product_cat-abbigliamento","8":"product_cat-abbigliamento-da-lavoro","9":"sws-gruppo-no-gruppo-de","10":"sws-conto-ricavi-merci-rivendita-abbigliamento-de","11":"sws-gruppo-iva-iva81-de","13":"first","14":"instock","15":"shipping-taxable","16":"purchasable","17":"product-type-variable","18":"has-default-attributes"},"_links":{"self":[{"href":"https:\/\/lucacastelli.com\/de\/wp-json\/wp\/v2\/product\/616635","targetHints":{"allow":["GET"]}}],"collection":[{"href":"https:\/\/lucacastelli.com\/de\/wp-json\/wp\/v2\/product"}],"about":[{"href":"https:\/\/lucacastelli.com\/de\/wp-json\/wp\/v2\/types\/product"}],"wp:featuredmedia":[{"embeddable":true,"href":"https:\/\/lucacastelli.com\/de\/wp-json\/wp\/v2\/media\/615999"}],"wp:attachment":[{"href":"https:\/\/lucacastelli.com\/de\/wp-json\/wp\/v2\/media?parent=616635"}],"wp:term":[{"taxonomy":"product_brand","embeddable":true,"href":"https:\/\/lucacastelli.com\/de\/wp-json\/wp\/v2\/product_brand?post=616635"},{"taxonomy":"product_cat","embeddable":true,"href":"https:\/\/lucacastelli.com\/de\/wp-json\/wp\/v2\/product_cat?post=616635"},{"taxonomy":"product_tag","embeddable":true,"href":"https:\/\/lucacastelli.com\/de\/wp-json\/wp\/v2\/product_tag?post=616635"}],"curies":[{"name":"wp","href":"https:\/\/api.w.org\/{rel}","templated":true}]}}