{"id":616627,"date":"2025-08-18T14:01:05","date_gmt":"2025-08-18T12:01:05","guid":{"rendered":"https:\/\/lucacastelli.com\/prodotto\/pfanner-ueberwurfweste-2\/"},"modified":"2026-04-14T13:23:50","modified_gmt":"2026-04-14T11:23:50","slug":"pfanner-ueberwurfweste-2","status":"publish","type":"product","link":"https:\/\/lucacastelli.com\/de\/produkt\/pfanner-ueberwurfweste-2\/","title":{"rendered":"PFANNER \u00dcberwurfweste"},"content":{"rendered":"<p>Die Zipp2Zipp\u00ae Signalweste ist der ideale Begleiter f\u00fcr Einsatzorganisationen, die auf Funktionalit\u00e4t und Komfort setzen. Brusttaschen und Durchgriffe f\u00fcr Funkger\u00e4te rechts und links gew\u00e4hrleisten eine praktische Nutzbarkeit von beiden Seiten. Mit dem neuen Zipp4Fit\u00ae-System l\u00e4sst sich die Weste in nahezu allen Gr\u00f6\u00dfen einfach erweitern. Drei Rei\u00dfverschl\u00fcsse erm\u00f6glichen die Einstellung von 20 verschiedenen Weiten. Die Zipp2Zipp\u00ae Brusttasche bietet Platz f\u00fcr alle g\u00e4ngigen Handfunkger\u00e4te. Schnelle Funktionszuordnung dank durchdachtem System der Kennzeichnungsweste. An Vorder- und R\u00fcckseite befinden sich Klettb\u00e4nder zur Befestigung von gesticktem Namen und Funktionskennzeichnungen. Die Funktionskennzeichnungen k\u00f6nnen mit Schriftz\u00fcgen in verschiedenen Farben individualisiert werden. Extra tiefer Halsausschnitt, der das \u00dcberziehen der Weste \u00fcber alle Helme (insbesondere Feuerwehrhelme) erm\u00f6glicht.<br \/>\n&#8211; Zipp2Zipp\u00ae Brusttaschen<br \/>\n&#8211; Klettband f\u00fcr Namensemblem gestickt<br \/>\n&#8211; Klettband vorne\/hinten f\u00fcr Kennzeichnungsschilder<br \/>\n&#8211; Weiter Halsausschnitt, passt \u00fcber alle Schutzhelme<br \/>\n&#8211; Seitliche Gr\u00f6\u00dfenverstellung durch Zipp4Fit\u00ae Rei\u00dfverschluss von S bis 8XL<br \/>\n&#8211; Unisex        <\/p>\n<p>Material: 100 % Polyester<\/p>\n","protected":false},"excerpt":{"rendered":"<p>Die Zipp2Zipp\u00ae Signalweste ist der ideale Begleiter f\u00fcr Einsatzorganisationen, die auf Funktionalit\u00e4t und Komfort setzen. Brusttaschen und Durchgriffe f\u00fcr Funkger\u00e4te<\/p>\n","protected":false},"featured_media":616003,"template":"","meta":{"_seopress_robots_primary_cat":"none","_seopress_titles_title":"","_seopress_titles_desc":"","_seopress_robots_index":""},"product_brand":[3458],"product_cat":[21,284],"product_tag":[],"class_list":{"0":"post-616627","1":"product","2":"type-product","3":"status-publish","4":"has-post-thumbnail","6":"product_brand-pfanner","7":"product_cat-abbigliamento","8":"product_cat-abbigliamento-da-lavoro","9":"sws-gruppo-no-gruppo-de","10":"sws-conto-ricavi-merci-rivendita-abbigliamento-de","11":"sws-gruppo-iva-iva81-de","13":"first","14":"instock","15":"shipping-taxable","16":"purchasable","17":"product-type-variable","18":"has-default-attributes"},"_links":{"self":[{"href":"https:\/\/lucacastelli.com\/de\/wp-json\/wp\/v2\/product\/616627","targetHints":{"allow":["GET"]}}],"collection":[{"href":"https:\/\/lucacastelli.com\/de\/wp-json\/wp\/v2\/product"}],"about":[{"href":"https:\/\/lucacastelli.com\/de\/wp-json\/wp\/v2\/types\/product"}],"wp:featuredmedia":[{"embeddable":true,"href":"https:\/\/lucacastelli.com\/de\/wp-json\/wp\/v2\/media\/616003"}],"wp:attachment":[{"href":"https:\/\/lucacastelli.com\/de\/wp-json\/wp\/v2\/media?parent=616627"}],"wp:term":[{"taxonomy":"product_brand","embeddable":true,"href":"https:\/\/lucacastelli.com\/de\/wp-json\/wp\/v2\/product_brand?post=616627"},{"taxonomy":"product_cat","embeddable":true,"href":"https:\/\/lucacastelli.com\/de\/wp-json\/wp\/v2\/product_cat?post=616627"},{"taxonomy":"product_tag","embeddable":true,"href":"https:\/\/lucacastelli.com\/de\/wp-json\/wp\/v2\/product_tag?post=616627"}],"curies":[{"name":"wp","href":"https:\/\/api.w.org\/{rel}","templated":true}]}}