{"id":616586,"date":"2025-08-18T07:27:35","date_gmt":"2025-08-18T05:27:35","guid":{"rendered":"https:\/\/lucacastelli.com\/prodotto\/tapio-protect-hose-mit-schnittschutz\/"},"modified":"2025-09-07T00:09:35","modified_gmt":"2025-09-06T22:09:35","slug":"tapio-protect-hose-mit-schnittschutz","status":"publish","type":"product","link":"https:\/\/lucacastelli.com\/de\/produkt\/tapio-protect-hose-mit-schnittschutz\/","title":{"rendered":"Tapio Protect Hose mit Schnittschutz"},"content":{"rendered":"<p>-Materialien: 68% Polyester \/ 32% Polyamid, ca. 345 g\/m\u00b2; 89% Polyester \/ 11% Elasthan, ca. 250 g\/m\u00b2<br \/>\n-Segmentierte, elastische Reflexstreifen f\u00fcr erh\u00f6hten Tragekomfort<br \/>\n-Angenehmer Tragekomfort durch atmungsaktives Stretchgewebe im R\u00fcckenbereich<br \/>\n-Kevlar\u00ae-Eins\u00e4tze im Kniebereich<br \/>\n-Bel\u00fcftungsrei\u00dfverschl\u00fcsse<br \/>\n-2 Vordertaschen, 1 Ges\u00e4\u00dftasche<br \/>\n-Seitentasche und Ma\u00dfstabtasche mit Stiftf\u00e4chern<br \/>\n-P\u00e4sse f\u00fcr Hosentr\u00e4ger<br \/>\n-Zertifiziert nach EN ISO 11393-2:2019, Klasse 1<br \/>\n-Sichtbarkeit Klasse 2<\/p>\n","protected":false},"excerpt":{"rendered":"<p>-Materialien: 68% Polyester \/ 32% Polyamid, ca. 345 g\/m\u00b2; 89% Polyester \/ 11% Elasthan, ca. 250 g\/m\u00b2 -Segmentierte, elastische Reflexstreifen<\/p>\n","protected":false},"featured_media":615481,"template":"","meta":{"_seopress_robots_primary_cat":"","_seopress_titles_title":"","_seopress_titles_desc":"","_seopress_robots_index":""},"product_brand":[4394],"product_cat":[21,284],"product_tag":[5803],"class_list":{"0":"post-616586","1":"product","2":"type-product","3":"status-publish","4":"has-post-thumbnail","6":"product_brand-tapio","7":"product_cat-abbigliamento","8":"product_cat-abbigliamento-da-lavoro","9":"product_tag-lucerna2025","10":"sws-gruppo-abb-libero-de","11":"sws-conto-ricavi-merci-rivendita-abbigliamento-de","12":"sws-gruppo-iva-iva81-de","14":"first","15":"instock","16":"shipping-taxable","17":"purchasable","18":"product-type-variable","19":"has-default-attributes"},"_links":{"self":[{"href":"https:\/\/lucacastelli.com\/de\/wp-json\/wp\/v2\/product\/616586","targetHints":{"allow":["GET"]}}],"collection":[{"href":"https:\/\/lucacastelli.com\/de\/wp-json\/wp\/v2\/product"}],"about":[{"href":"https:\/\/lucacastelli.com\/de\/wp-json\/wp\/v2\/types\/product"}],"wp:featuredmedia":[{"embeddable":true,"href":"https:\/\/lucacastelli.com\/de\/wp-json\/wp\/v2\/media\/615481"}],"wp:attachment":[{"href":"https:\/\/lucacastelli.com\/de\/wp-json\/wp\/v2\/media?parent=616586"}],"wp:term":[{"taxonomy":"product_brand","embeddable":true,"href":"https:\/\/lucacastelli.com\/de\/wp-json\/wp\/v2\/product_brand?post=616586"},{"taxonomy":"product_cat","embeddable":true,"href":"https:\/\/lucacastelli.com\/de\/wp-json\/wp\/v2\/product_cat?post=616586"},{"taxonomy":"product_tag","embeddable":true,"href":"https:\/\/lucacastelli.com\/de\/wp-json\/wp\/v2\/product_tag?post=616586"}],"curies":[{"name":"wp","href":"https:\/\/api.w.org\/{rel}","templated":true}]}}