{"id":616411,"date":"2025-08-18T04:25:28","date_gmt":"2025-08-18T02:25:28","guid":{"rendered":"https:\/\/lucacastelli.com\/prodotto\/tapio-expert-2in1-arbeitsjacke\/"},"modified":"2025-09-07T00:09:33","modified_gmt":"2025-09-06T22:09:33","slug":"tapio-expert-2in1-arbeitsjacke","status":"publish","type":"product","link":"https:\/\/lucacastelli.com\/de\/produkt\/tapio-expert-2in1-arbeitsjacke\/","title":{"rendered":"Tapio Expert 2in1 Arbeitsjacke"},"content":{"rendered":"<p>Angenehmer Tragekomfort dank Stretchmaterial, abnehmbare \u00c4rmel, Abstandsgewirke an den Schultern f\u00fcr bessere Durchl\u00fcftung, schmutz- und wasserabweisend, 1 Brusttasche und 2 Seitentaschen, verstellbare \u00c4rmelb\u00fcndchen mit Klettverschluss.<\/p>\n<p>Material: 90% Polyester, 10% Elastan, ca. 210 g\/m\u00b2<\/p>\n","protected":false},"excerpt":{"rendered":"<p>Angenehmer Tragekomfort dank Stretchmaterial, abnehmbare \u00c4rmel, Abstandsgewirke an den Schultern f\u00fcr bessere Durchl\u00fcftung, schmutz- und wasserabweisend, 1 Brusttasche und 2<\/p>\n","protected":false},"featured_media":615210,"template":"","meta":{"_seopress_robots_primary_cat":"none","_seopress_titles_title":"","_seopress_titles_desc":"","_seopress_robots_index":""},"product_brand":[4394],"product_cat":[21,284],"product_tag":[5803],"class_list":{"0":"post-616411","1":"product","2":"type-product","3":"status-publish","4":"has-post-thumbnail","6":"product_brand-tapio","7":"product_cat-abbigliamento","8":"product_cat-abbigliamento-da-lavoro","9":"product_tag-lucerna2025","10":"sws-gruppo-abb-libero-de","11":"sws-conto-ricavi-merci-rivendita-abbigliamento-de","12":"sws-gruppo-iva-iva81-de","14":"first","15":"instock","16":"shipping-taxable","17":"purchasable","18":"product-type-variable","19":"has-default-attributes"},"_links":{"self":[{"href":"https:\/\/lucacastelli.com\/de\/wp-json\/wp\/v2\/product\/616411","targetHints":{"allow":["GET"]}}],"collection":[{"href":"https:\/\/lucacastelli.com\/de\/wp-json\/wp\/v2\/product"}],"about":[{"href":"https:\/\/lucacastelli.com\/de\/wp-json\/wp\/v2\/types\/product"}],"wp:featuredmedia":[{"embeddable":true,"href":"https:\/\/lucacastelli.com\/de\/wp-json\/wp\/v2\/media\/615210"}],"wp:attachment":[{"href":"https:\/\/lucacastelli.com\/de\/wp-json\/wp\/v2\/media?parent=616411"}],"wp:term":[{"taxonomy":"product_brand","embeddable":true,"href":"https:\/\/lucacastelli.com\/de\/wp-json\/wp\/v2\/product_brand?post=616411"},{"taxonomy":"product_cat","embeddable":true,"href":"https:\/\/lucacastelli.com\/de\/wp-json\/wp\/v2\/product_cat?post=616411"},{"taxonomy":"product_tag","embeddable":true,"href":"https:\/\/lucacastelli.com\/de\/wp-json\/wp\/v2\/product_tag?post=616411"}],"curies":[{"name":"wp","href":"https:\/\/api.w.org\/{rel}","templated":true}]}}