{"id":616359,"date":"2025-08-18T06:40:32","date_gmt":"2025-08-18T04:40:32","guid":{"rendered":"https:\/\/lucacastelli.com\/prodotto\/tapio-expert-hose-mit-schnittschutz\/"},"modified":"2025-09-07T00:09:32","modified_gmt":"2025-09-06T22:09:32","slug":"tapio-expert-hose-mit-schnittschutz","status":"publish","type":"product","link":"https:\/\/lucacastelli.com\/de\/produkt\/tapio-expert-hose-mit-schnittschutz\/","title":{"rendered":"Tapio Expert Hose mit Schnittschutz"},"content":{"rendered":"<p>Segmentierte, dehnbare Reflexstreifen f\u00fcr zus\u00e4tzlichen Komfort<br \/>\nAngenehmer Tragekomfort durch atmungsaktives Stretchgewebe im R\u00fccken<br \/>\nKevlar\u00ae-Eins\u00e4tze im Kniebereich<br \/>\nBel\u00fcftungsrei\u00dfverschl\u00fcsse<br \/>\n2 Hand- und 1 Ges\u00e4\u00dftasche<br \/>\nSeitentasche und Zollstocktasche mit Stiftf\u00e4chern<br \/>\nGurtschlaufen zertifiziert nach EN381-5, Klasse 1<br \/>\nWarnschutzklasse 2<\/p>\n<p>Material 89% Polyester \/ 11% Elastan, ca. 250 g\/m\u00b2<\/p>\n","protected":false},"excerpt":{"rendered":"<p>Segmentierte, dehnbare Reflexstreifen f\u00fcr zus\u00e4tzlichen Komfort Angenehmer Tragekomfort durch atmungsaktives Stretchgewebe im R\u00fccken Kevlar\u00ae-Eins\u00e4tze im Kniebereich Bel\u00fcftungsrei\u00dfverschl\u00fcsse 2 Hand- und<\/p>\n","protected":false},"featured_media":615317,"template":"","meta":{"_seopress_robots_primary_cat":"none","_seopress_titles_title":"","_seopress_titles_desc":"","_seopress_robots_index":""},"product_brand":[4394],"product_cat":[21,284],"product_tag":[5803],"class_list":{"0":"post-616359","1":"product","2":"type-product","3":"status-publish","4":"has-post-thumbnail","6":"product_brand-tapio","7":"product_cat-abbigliamento","8":"product_cat-abbigliamento-da-lavoro","9":"product_tag-lucerna2025","10":"sws-gruppo-abb-libero-de","11":"sws-conto-ricavi-merci-rivendita-abbigliamento-de","12":"sws-gruppo-iva-iva81-de","14":"first","15":"instock","16":"shipping-taxable","17":"purchasable","18":"product-type-variable","19":"has-default-attributes"},"_links":{"self":[{"href":"https:\/\/lucacastelli.com\/de\/wp-json\/wp\/v2\/product\/616359","targetHints":{"allow":["GET"]}}],"collection":[{"href":"https:\/\/lucacastelli.com\/de\/wp-json\/wp\/v2\/product"}],"about":[{"href":"https:\/\/lucacastelli.com\/de\/wp-json\/wp\/v2\/types\/product"}],"wp:featuredmedia":[{"embeddable":true,"href":"https:\/\/lucacastelli.com\/de\/wp-json\/wp\/v2\/media\/615317"}],"wp:attachment":[{"href":"https:\/\/lucacastelli.com\/de\/wp-json\/wp\/v2\/media?parent=616359"}],"wp:term":[{"taxonomy":"product_brand","embeddable":true,"href":"https:\/\/lucacastelli.com\/de\/wp-json\/wp\/v2\/product_brand?post=616359"},{"taxonomy":"product_cat","embeddable":true,"href":"https:\/\/lucacastelli.com\/de\/wp-json\/wp\/v2\/product_cat?post=616359"},{"taxonomy":"product_tag","embeddable":true,"href":"https:\/\/lucacastelli.com\/de\/wp-json\/wp\/v2\/product_tag?post=616359"}],"curies":[{"name":"wp","href":"https:\/\/api.w.org\/{rel}","templated":true}]}}