{"id":616188,"date":"2025-08-17T16:54:23","date_gmt":"2025-08-17T14:54:23","guid":{"rendered":"https:\/\/lucacastelli.com\/prodotto\/protos-inuit-teddy-jacke-3\/"},"modified":"2026-04-14T13:19:27","modified_gmt":"2026-04-14T11:19:27","slug":"protos-inuit-teddy-jacke-3","status":"publish","type":"product","link":"https:\/\/lucacastelli.com\/de\/produkt\/protos-inuit-teddy-jacke-3\/","title":{"rendered":"Protos\u00ae Inuit Teddy Jacke"},"content":{"rendered":"<p>Die PROTOS\u00ae Inuit Teddy Jacke ist aus glattem Strick gefertigt und mit einer schmutzabweisenden Funktion ausgestattet. Das Innere der Jacke ist mit einem weichen, hochatmungsaktiven und feuchtigkeitsableitenden Thermofell ausgekleidet. Das patentierte Zipp2Zipp\u00ae Taschensystem ist auf beiden Seiten vorhanden, ebenso wie Seitentaschen und extra tiefe Innentaschen. Der hohe, weiche Kragen und der verl\u00e4ngerte R\u00fcckenteil sch\u00fctzen Nacken und Lendenbereich vor Wind und K\u00e4lte. Die PROTOS\u00ae Inuit Teddy Jacke ist auch als passende Weste erh\u00e4ltlich.<br \/>\n&#8211; Zipp2Zipp\u00ae Taschensystem<br \/>\n&#8211; Hochelastisches, schmutzabweisendes Strickgewebe<br \/>\n&#8211; Weiches, flauschiges Thermofell, gef\u00fctterter hoher Kragen<br \/>\n&#8211; PrimaLoft\u00ae Gold Wattierung im vorderen Schulterbereich<br \/>\n&#8211; Extra tiefe Innentaschen<br \/>\n&#8211; Reflektierendes 3CON\u00ae auf der R\u00fcckseite<br \/>\n&#8211; Abriebfeste Ellbogen    <\/p>\n<p>Material:<br \/>\nAu\u00dfenmaterial und Futter: 100% Polyester<br \/>\nVorderer Schulterbereich: 100% PrimaLoft\u00ae Gold Wattierung<\/p>\n","protected":false},"excerpt":{"rendered":"<p>Die PROTOS\u00ae Inuit Teddy Jacke ist aus glattem Strick gefertigt und mit einer schmutzabweisenden Funktion ausgestattet. Das Innere der Jacke<\/p>\n","protected":false},"featured_media":614981,"template":"","meta":{"_seopress_robots_primary_cat":"none","_seopress_titles_title":"","_seopress_titles_desc":"","_seopress_robots_index":""},"product_brand":[3458,4381],"product_cat":[21,284,189,190],"product_tag":[],"class_list":{"0":"post-616188","1":"product","2":"type-product","3":"status-publish","4":"has-post-thumbnail","6":"product_brand-pfanner","7":"product_brand-protos","8":"product_cat-abbigliamento","9":"product_cat-abbigliamento-da-lavoro","10":"product_cat-abbigliamento-per-il-tempo-libero","11":"product_cat-abbigliamento-da-uomo","12":"sws-gruppo-no-gruppo-de","13":"sws-categoria-sito-de","14":"sws-conto-ricavi-merci-rivendita-abbigliamento-de","15":"sws-gruppo-iva-iva81-de","17":"first","18":"instock","19":"shipping-taxable","20":"purchasable","21":"product-type-variable","22":"has-default-attributes"},"_links":{"self":[{"href":"https:\/\/lucacastelli.com\/de\/wp-json\/wp\/v2\/product\/616188","targetHints":{"allow":["GET"]}}],"collection":[{"href":"https:\/\/lucacastelli.com\/de\/wp-json\/wp\/v2\/product"}],"about":[{"href":"https:\/\/lucacastelli.com\/de\/wp-json\/wp\/v2\/types\/product"}],"wp:featuredmedia":[{"embeddable":true,"href":"https:\/\/lucacastelli.com\/de\/wp-json\/wp\/v2\/media\/614981"}],"wp:attachment":[{"href":"https:\/\/lucacastelli.com\/de\/wp-json\/wp\/v2\/media?parent=616188"}],"wp:term":[{"taxonomy":"product_brand","embeddable":true,"href":"https:\/\/lucacastelli.com\/de\/wp-json\/wp\/v2\/product_brand?post=616188"},{"taxonomy":"product_cat","embeddable":true,"href":"https:\/\/lucacastelli.com\/de\/wp-json\/wp\/v2\/product_cat?post=616188"},{"taxonomy":"product_tag","embeddable":true,"href":"https:\/\/lucacastelli.com\/de\/wp-json\/wp\/v2\/product_tag?post=616188"}],"curies":[{"name":"wp","href":"https:\/\/api.w.org\/{rel}","templated":true}]}}