{"id":615943,"date":"2025-08-17T16:29:22","date_gmt":"2025-08-17T14:29:22","guid":{"rendered":"https:\/\/lucacastelli.com\/prodotto\/protos-inuit-jacke-fuer-frauen-4\/"},"modified":"2025-08-17T16:29:22","modified_gmt":"2025-08-17T14:29:22","slug":"protos-inuit-jacke-fuer-frauen-4","status":"publish","type":"product","link":"https:\/\/lucacastelli.com\/de\/produkt\/protos-inuit-jacke-fuer-frauen-4\/","title":{"rendered":"Protos Inuit Jacke f\u00fcr Frauen"},"content":{"rendered":"<p>Die Au\u00dfenseite der Protos Inuit Women Jacke ist glatt gestrickt und daher gut vor Schmutz und Feuchtigkeit gesch\u00fctzt. Die Innenseite ist aus weichem Flanell gefertigt. Die modisch geschnittene Protos\u00ae Inuit Women Jacke hat wasserabweisende Verst\u00e4rkungen an den Schultern, verst\u00e4rkte Ellbogen und eine hauchd\u00fcnne Innenseite f\u00fcr ein angenehmes Tragegef\u00fchl. Der Kragen und der verl\u00e4ngerte Nierenschutz sch\u00fctzen vor K\u00e4lte, w\u00e4hrend der 3CON\u00ae Reflex f\u00fcr bessere Sichtbarkeit sorgt.<br \/>\n-Robustes, schmutzabweisendes Strickgewebe<br \/>\n&#8211; Weiches Fleece in Kontakt mit der Haut<br \/>\n&#8211; Wasserabweisende Verst\u00e4rkungen an den Schultern<br \/>\n&#8211; Abriebfeste Verst\u00e4rkungen an den Ellbogen<br \/>\n&#8211; 3CON\u00ae Reflex verl\u00e4ngerter R\u00fccken<br \/>\n&#8211; Hoher Kragen und verl\u00e4ngerter R\u00fccken<br \/>\n&#8211; Extra tiefe Innentasche<br \/>\n&#8211; Seitlicher Rei\u00dfverschluss f\u00fcr eine flexible und funktionelle Passform   <\/p>\n<p>Material: 100 % Polyester<\/p>\n","protected":false},"excerpt":{"rendered":"<p>Die Au\u00dfenseite der Protos Inuit Women Jacke ist glatt gestrickt und daher gut vor Schmutz und Feuchtigkeit gesch\u00fctzt. Die Innenseite<\/p>\n","protected":false},"featured_media":614871,"template":"","meta":{"_seopress_robots_primary_cat":"","_seopress_titles_title":"","_seopress_titles_desc":"","_seopress_robots_index":""},"product_brand":[3458,4381],"product_cat":[21,284,189,200],"product_tag":[],"class_list":{"0":"post-615943","1":"product","2":"type-product","3":"status-publish","4":"has-post-thumbnail","6":"product_brand-pfanner","7":"product_brand-protos","8":"product_cat-abbigliamento","9":"product_cat-abbigliamento-da-lavoro","10":"product_cat-abbigliamento-per-il-tempo-libero","11":"product_cat-abbigliamento-da-donna","12":"sws-gruppo-no-gruppo","13":"sws-categoria-sito","14":"sws-conto-ricavi-merci-rivendita-abbigliamento","15":"sws-gruppo-iva-iva81","17":"first","18":"instock","19":"shipping-taxable","20":"purchasable","21":"product-type-variable","22":"has-default-attributes"},"_links":{"self":[{"href":"https:\/\/lucacastelli.com\/de\/wp-json\/wp\/v2\/product\/615943","targetHints":{"allow":["GET"]}}],"collection":[{"href":"https:\/\/lucacastelli.com\/de\/wp-json\/wp\/v2\/product"}],"about":[{"href":"https:\/\/lucacastelli.com\/de\/wp-json\/wp\/v2\/types\/product"}],"wp:featuredmedia":[{"embeddable":true,"href":"https:\/\/lucacastelli.com\/de\/wp-json\/wp\/v2\/media\/614871"}],"wp:attachment":[{"href":"https:\/\/lucacastelli.com\/de\/wp-json\/wp\/v2\/media?parent=615943"}],"wp:term":[{"taxonomy":"product_brand","embeddable":true,"href":"https:\/\/lucacastelli.com\/de\/wp-json\/wp\/v2\/product_brand?post=615943"},{"taxonomy":"product_cat","embeddable":true,"href":"https:\/\/lucacastelli.com\/de\/wp-json\/wp\/v2\/product_cat?post=615943"},{"taxonomy":"product_tag","embeddable":true,"href":"https:\/\/lucacastelli.com\/de\/wp-json\/wp\/v2\/product_tag?post=615943"}],"curies":[{"name":"wp","href":"https:\/\/api.w.org\/{rel}","templated":true}]}}