{"id":615884,"date":"2025-08-09T19:57:15","date_gmt":"2025-08-09T17:57:15","guid":{"rendered":"https:\/\/lucacastelli.com\/prodotto\/milwaukee-leere-softmodule-fuer-trolleys-25\/"},"modified":"2025-08-09T19:57:15","modified_gmt":"2025-08-09T17:57:15","slug":"milwaukee-leere-softmodule-fuer-trolleys-25","status":"publish","type":"product","link":"https:\/\/lucacastelli.com\/de\/produkt\/milwaukee-leere-softmodule-fuer-trolleys-25\/","title":{"rendered":"Milwaukee Leere Softmodule f\u00fcr Trolleys"},"content":{"rendered":"<p>LEERE MODULE SET PLIERS<br \/>\nHochwertige, langlebige Schaumstoffeins\u00e4tze f\u00fcr die ordentliche Platzierung von Werkzeugen in den Schubladen des Trolleys;Laservorgestanzt f\u00fcr eine pr\u00e4zise Werkzeugplatzierung.<\/p>\n<p>4932493684<br \/>\n4058546508449<\/p>\n","protected":false},"excerpt":{"rendered":"<p>LEERMODUL SPEZIALZANGENSATZ<\/p>\n","protected":false},"featured_media":563382,"template":"","meta":{"_seopress_robots_primary_cat":"","_seopress_titles_title":"","_seopress_titles_desc":"","_seopress_robots_index":""},"product_brand":[3656],"product_cat":[150,5529],"product_tag":[3272],"class_list":{"0":"post-615884","1":"product","2":"type-product","3":"status-publish","4":"has-post-thumbnail","6":"product_brand-milwaukee-de","7":"product_cat-ausrustung","8":"product_cat-workshop-tools","9":"product_tag-import-milwau-de","10":"sws-conto-ricavi-merci-rivendita-macchinari-de","11":"sws-gruppo-iva-iva81-de","13":"first","14":"onbackorder","15":"sale","16":"shipping-taxable","17":"purchasable","18":"product-type-simple"},"_links":{"self":[{"href":"https:\/\/lucacastelli.com\/de\/wp-json\/wp\/v2\/product\/615884","targetHints":{"allow":["GET"]}}],"collection":[{"href":"https:\/\/lucacastelli.com\/de\/wp-json\/wp\/v2\/product"}],"about":[{"href":"https:\/\/lucacastelli.com\/de\/wp-json\/wp\/v2\/types\/product"}],"wp:featuredmedia":[{"embeddable":true,"href":"https:\/\/lucacastelli.com\/de\/wp-json\/wp\/v2\/media\/563382"}],"wp:attachment":[{"href":"https:\/\/lucacastelli.com\/de\/wp-json\/wp\/v2\/media?parent=615884"}],"wp:term":[{"taxonomy":"product_brand","embeddable":true,"href":"https:\/\/lucacastelli.com\/de\/wp-json\/wp\/v2\/product_brand?post=615884"},{"taxonomy":"product_cat","embeddable":true,"href":"https:\/\/lucacastelli.com\/de\/wp-json\/wp\/v2\/product_cat?post=615884"},{"taxonomy":"product_tag","embeddable":true,"href":"https:\/\/lucacastelli.com\/de\/wp-json\/wp\/v2\/product_tag?post=615884"}],"curies":[{"name":"wp","href":"https:\/\/api.w.org\/{rel}","templated":true}]}}