{"id":615858,"date":"2025-08-09T19:57:08","date_gmt":"2025-08-09T17:57:08","guid":{"rendered":"https:\/\/lucacastelli.com\/prodotto\/milwaukee-leere-softmodule-fuer-trolleys-17\/"},"modified":"2025-08-09T19:57:08","modified_gmt":"2025-08-09T17:57:08","slug":"milwaukee-leere-softmodule-fuer-trolleys-17","status":"publish","type":"product","link":"https:\/\/lucacastelli.com\/de\/produkt\/milwaukee-leere-softmodule-fuer-trolleys-17\/","title":{"rendered":"Milwaukee Leere Softmodule f\u00fcr Trolleys"},"content":{"rendered":"<p>LEERES MODUL-SET GIRAV INSULATED 1000V<br \/>\nHochwertige, langlebige Schaumstoffeins\u00e4tze f\u00fcr die ordentliche Platzierung von Werkzeugen in den Schubladen des Wagens.;Laservorgestanzt f\u00fcr eine pr\u00e4zise Werkzeugplatzierung.<\/p>\n<p>4932493678<br \/>\n4058546508388<\/p>\n","protected":false},"excerpt":{"rendered":"<p>LEERMODULSATZ ISOLIERTE DREHSCHEIBEN 1000V<\/p>\n","protected":false},"featured_media":563332,"template":"","meta":{"_seopress_robots_primary_cat":"","_seopress_titles_title":"","_seopress_titles_desc":"","_seopress_robots_index":""},"product_brand":[3407],"product_cat":[5416,33],"product_tag":[3270],"class_list":{"0":"post-615858","1":"product","2":"type-product","3":"status-publish","4":"has-post-thumbnail","6":"product_brand-milwaukee","7":"product_cat-utensili-per-officina","8":"product_cat-attrezzature","9":"product_tag-import-milwau","10":"sws-conto-ricavi-merci-rivendita-macchinari-de","11":"sws-gruppo-iva-iva81-de","13":"first","14":"onbackorder","15":"sale","16":"shipping-taxable","17":"purchasable","18":"product-type-simple"},"_links":{"self":[{"href":"https:\/\/lucacastelli.com\/de\/wp-json\/wp\/v2\/product\/615858","targetHints":{"allow":["GET"]}}],"collection":[{"href":"https:\/\/lucacastelli.com\/de\/wp-json\/wp\/v2\/product"}],"about":[{"href":"https:\/\/lucacastelli.com\/de\/wp-json\/wp\/v2\/types\/product"}],"wp:featuredmedia":[{"embeddable":true,"href":"https:\/\/lucacastelli.com\/de\/wp-json\/wp\/v2\/media\/563332"}],"wp:attachment":[{"href":"https:\/\/lucacastelli.com\/de\/wp-json\/wp\/v2\/media?parent=615858"}],"wp:term":[{"taxonomy":"product_brand","embeddable":true,"href":"https:\/\/lucacastelli.com\/de\/wp-json\/wp\/v2\/product_brand?post=615858"},{"taxonomy":"product_cat","embeddable":true,"href":"https:\/\/lucacastelli.com\/de\/wp-json\/wp\/v2\/product_cat?post=615858"},{"taxonomy":"product_tag","embeddable":true,"href":"https:\/\/lucacastelli.com\/de\/wp-json\/wp\/v2\/product_tag?post=615858"}],"curies":[{"name":"wp","href":"https:\/\/api.w.org\/{rel}","templated":true}]}}