{"id":615806,"date":"2025-08-17T16:12:18","date_gmt":"2025-08-17T14:12:18","guid":{"rendered":"https:\/\/lucacastelli.com\/prodotto\/protos-inuit-teddy-weste-5\/"},"modified":"2026-04-14T14:00:52","modified_gmt":"2026-04-14T12:00:52","slug":"protos-inuit-teddy-weste-5","status":"publish","type":"product","link":"https:\/\/lucacastelli.com\/de\/produkt\/protos-inuit-teddy-weste-5\/","title":{"rendered":"Protos\u00ae Inuit Teddy Weste"},"content":{"rendered":"<p>Die PROTOS\u00ae Inuit Teddy Weste ist glatt gestrickt und schmutzabweisend ausger\u00fcstet. Die Innenseite der Weste ist mit einem weichen, hochgradig atmungsaktiven Thermofell gef\u00fcttert. Auf beiden Seiten befinden sich das patentierte Zipp2Zipp\u00ae-Taschensystem, Seitentaschen und extra tiefe Innentaschen. Der hohe, weiche Kragen und die verl\u00e4ngerte R\u00fcckenpartie sch\u00fctzen Nacken und Lendenbereich vor Wind und K\u00e4lte. Die PROTOS\u00ae Inuit Teddy Weste ist auch als passende Jacke erh\u00e4ltlich.<br \/>\n-Zipp2Zipp\u00ae-Taschensystem<br \/>\n-Hochelastisches, schmutzabweisendes Strickgewebe<br \/>\n-Weiches, flauschiges Thermofell, gef\u00fctterter Stehkragen<br \/>\n&#8211; PrimaLoft\u00ae Gold F\u00fcllung im vorderen Schulterbereich<br \/>\n&#8211; Extra tiefe Innentaschen<br \/>\n&#8211; 3CON\u00ae Reflex auf der R\u00fcckseite    <\/p>\n<p>Material:<br \/>\nAu\u00dfenmaterial und Futter: 100% Polyester<br \/>\nVorderer Schulterbereich: 100% PrimaLoft\u00ae Gold Wattierung<\/p>\n","protected":false},"excerpt":{"rendered":"<p>Die PROTOS\u00ae Inuit Teddy Weste ist glatt gestrickt und schmutzabweisend ausger\u00fcstet. Die Innenseite der Weste ist mit einem weichen, hochgradig<\/p>\n","protected":false},"featured_media":614729,"template":"","meta":{"_seopress_robots_primary_cat":"none","_seopress_titles_title":"","_seopress_titles_desc":"","_seopress_robots_index":""},"product_brand":[3670,4720],"product_cat":[1382,974,975,82],"product_tag":[],"class_list":{"0":"post-615806","1":"product","2":"type-product","3":"status-publish","4":"has-post-thumbnail","6":"product_brand-pfanner-de","7":"product_brand-protos-de","8":"product_cat-arbeitskleidung","9":"product_cat-freizeitkleidung","10":"product_cat-herrenbekleidung","11":"product_cat-kleidung","12":"sws-gruppo-no-gruppo-de","13":"sws-categoria-sito-de","14":"sws-conto-ricavi-merci-rivendita-abbigliamento-de","15":"sws-gruppo-iva-iva81-de","17":"first","18":"instock","19":"shipping-taxable","20":"purchasable","21":"product-type-variable","22":"has-default-attributes"},"_links":{"self":[{"href":"https:\/\/lucacastelli.com\/de\/wp-json\/wp\/v2\/product\/615806","targetHints":{"allow":["GET"]}}],"collection":[{"href":"https:\/\/lucacastelli.com\/de\/wp-json\/wp\/v2\/product"}],"about":[{"href":"https:\/\/lucacastelli.com\/de\/wp-json\/wp\/v2\/types\/product"}],"wp:featuredmedia":[{"embeddable":true,"href":"https:\/\/lucacastelli.com\/de\/wp-json\/wp\/v2\/media\/614729"}],"wp:attachment":[{"href":"https:\/\/lucacastelli.com\/de\/wp-json\/wp\/v2\/media?parent=615806"}],"wp:term":[{"taxonomy":"product_brand","embeddable":true,"href":"https:\/\/lucacastelli.com\/de\/wp-json\/wp\/v2\/product_brand?post=615806"},{"taxonomy":"product_cat","embeddable":true,"href":"https:\/\/lucacastelli.com\/de\/wp-json\/wp\/v2\/product_cat?post=615806"},{"taxonomy":"product_tag","embeddable":true,"href":"https:\/\/lucacastelli.com\/de\/wp-json\/wp\/v2\/product_tag?post=615806"}],"curies":[{"name":"wp","href":"https:\/\/api.w.org\/{rel}","templated":true}]}}