{"id":615760,"date":"2025-08-17T17:38:48","date_gmt":"2025-08-17T15:38:48","guid":{"rendered":"https:\/\/lucacastelli.com\/prodotto\/protos-thermoweste\/"},"modified":"2025-08-17T17:38:48","modified_gmt":"2025-08-17T15:38:48","slug":"protos-thermoweste","status":"publish","type":"product","link":"https:\/\/lucacastelli.com\/de\/produkt\/protos-thermoweste\/","title":{"rendered":"Protos Thermoweste"},"content":{"rendered":"<p>Die Protos\u00ae Thermoweste ist der ideale Begleiter f\u00fcr alle Outdoor-Aktivit\u00e4ten. Die warme 100% PrimaLoft\u00ae-F\u00fcllung sch\u00fctzt optimal vor K\u00e4lte und Wind und verhindert Feuchtigkeitsansammlungen. Die Wattierung ist leichter als Daunen und bietet daher den gr\u00f6\u00dftm\u00f6glichen Komfort. Dank des elastischen Seitenschutzes f\u00fcr die Nieren ist die Weste auch f\u00fcr Frauen \u00e4u\u00dferst bequem zu tragen.<br \/>\n&#8211; PrimaLoft\u00ae-Wattierung<br \/>\n&#8211; Leichtgewicht<br \/>\n&#8211; Zipp2Zipp\u00ae-Taschensystem<br \/>\n&#8211; Zwei Seitentaschen<br \/>\n&#8211; Gro\u00dfe Innentasche<br \/>\n&#8211; Softshell an den Schultern<br \/>\n&#8211; Elastische \u00c4rmel und Saum<br \/>\n&#8211; Maximale Atmungsaktivit\u00e4t<br \/>\n&#8211; Erh\u00e4ltlich als Jacke und Weste<br \/>\n&#8211; Maschinenwaschbar<br \/>\n&#8211; 3CON\u00ae reflektierend   <\/p>\n<p>Material:<br \/>\nAu\u00dfenmaterial &#8211; waldgr\u00fcn: 100% Nylon,<br \/>\nAu\u00dfenmaterial &#8211; schwarz: 100% Polyester<br \/>\nInnenmaterial: 100% Polyester<br \/>\nFutter: 100% PrimaLoft\u00ae<\/p>\n","protected":false},"excerpt":{"rendered":"<p>Die Protos\u00ae Thermoweste ist der ideale Begleiter f\u00fcr alle Outdoor-Aktivit\u00e4ten. Die warme 100% PrimaLoft\u00ae-F\u00fcllung sch\u00fctzt optimal vor K\u00e4lte und Wind<\/p>\n","protected":false},"featured_media":615077,"template":"","meta":{"_seopress_robots_primary_cat":"none","_seopress_titles_title":"","_seopress_titles_desc":"","_seopress_robots_index":""},"product_brand":[3458,4381],"product_cat":[21,189,190],"product_tag":[],"class_list":{"0":"post-615760","1":"product","2":"type-product","3":"status-publish","4":"has-post-thumbnail","6":"product_brand-pfanner","7":"product_brand-protos","8":"product_cat-abbigliamento","9":"product_cat-abbigliamento-per-il-tempo-libero","10":"product_cat-abbigliamento-da-uomo","11":"sws-gruppo-no-gruppo","12":"sws-conto-ricavi-merci-rivendita-abbigliamento","13":"sws-gruppo-iva-iva81","15":"first","16":"instock","17":"shipping-taxable","18":"purchasable","19":"product-type-variable"},"_links":{"self":[{"href":"https:\/\/lucacastelli.com\/de\/wp-json\/wp\/v2\/product\/615760","targetHints":{"allow":["GET"]}}],"collection":[{"href":"https:\/\/lucacastelli.com\/de\/wp-json\/wp\/v2\/product"}],"about":[{"href":"https:\/\/lucacastelli.com\/de\/wp-json\/wp\/v2\/types\/product"}],"wp:featuredmedia":[{"embeddable":true,"href":"https:\/\/lucacastelli.com\/de\/wp-json\/wp\/v2\/media\/615077"}],"wp:attachment":[{"href":"https:\/\/lucacastelli.com\/de\/wp-json\/wp\/v2\/media?parent=615760"}],"wp:term":[{"taxonomy":"product_brand","embeddable":true,"href":"https:\/\/lucacastelli.com\/de\/wp-json\/wp\/v2\/product_brand?post=615760"},{"taxonomy":"product_cat","embeddable":true,"href":"https:\/\/lucacastelli.com\/de\/wp-json\/wp\/v2\/product_cat?post=615760"},{"taxonomy":"product_tag","embeddable":true,"href":"https:\/\/lucacastelli.com\/de\/wp-json\/wp\/v2\/product_tag?post=615760"}],"curies":[{"name":"wp","href":"https:\/\/api.w.org\/{rel}","templated":true}]}}