{"id":615748,"date":"2025-08-17T17:52:15","date_gmt":"2025-08-17T15:52:15","guid":{"rendered":"https:\/\/lucacastelli.com\/prodotto\/protos-inuit-teddy-weste-fuer-frauen-4\/"},"modified":"2026-04-14T13:14:37","modified_gmt":"2026-04-14T11:14:37","slug":"protos-inuit-teddy-weste-fuer-frauen-4","status":"publish","type":"product","link":"https:\/\/lucacastelli.com\/de\/produkt\/protos-inuit-teddy-weste-fuer-frauen-4\/","title":{"rendered":"Protos\u00ae Inuit Teddy Weste Damen"},"content":{"rendered":"<p>Die PROTOS\u00ae Inuit Teddy Weste Damen ist glatt gestrickt und mit einer schmutzabweisenden Funktion ausgestattet. Die Innenseite der Weste ist mit einem weichen, hoch atmungsaktiven Thermofell gef\u00fcttert. Auf beiden Seiten befinden sich das patentierte Zipp2Zipp\u00ae-Taschensystem, Seitentaschen und extra tiefe Innentaschen. Der hohe, weiche Kragen und der verl\u00e4ngerte R\u00fccken sch\u00fctzen Nacken und Lendenbereich vor Wind und K\u00e4lte. Die PROTOS\u00ae Inuit Teddy Weste ist auch als Jacke erh\u00e4ltlich.<br \/>\n&#8211; Zipp2Zipp\u00ae-Taschensystem<br \/>\n&#8211; Hochelastisches und schmutzabweisendes Strickgewebe<br \/>\n&#8211; Weiches, flauschiges Thermofell, gef\u00fctterter Stehkragen<br \/>\n&#8211; PrimaLoft\u00ae Gold Wattierung im vorderen Schulterbereich<br \/>\n&#8211; Extra tiefe Innentaschen<br \/>\n&#8211; 3CON\u00ae Reflex auf der R\u00fcckseite<br \/>\n&#8211; Seitlicher Rei\u00dfverschluss f\u00fcr flexible Passform    <\/p>\n<p>Material:<br \/>\nObermaterial und Futter: 100 % Polyester<br \/>\nVorderer Schulterbereich: 100 % PrimaLoft\u00ae Gold Wattierung<\/p>\n","protected":false},"excerpt":{"rendered":"<p>Die PROTOS\u00ae Inuit Teddy Weste Damen ist glatt gestrickt und mit einer schmutzabweisenden Funktion ausgestattet. Die Innenseite der Weste ist<\/p>\n","protected":false},"featured_media":615097,"template":"","meta":{"_seopress_robots_primary_cat":"none","_seopress_titles_title":"","_seopress_titles_desc":"","_seopress_robots_index":""},"product_brand":[3458,4381],"product_cat":[21,284,189,200],"product_tag":[],"class_list":{"0":"post-615748","1":"product","2":"type-product","3":"status-publish","4":"has-post-thumbnail","6":"product_brand-pfanner","7":"product_brand-protos","8":"product_cat-abbigliamento","9":"product_cat-abbigliamento-da-lavoro","10":"product_cat-abbigliamento-per-il-tempo-libero","11":"product_cat-abbigliamento-da-donna","12":"sws-gruppo-no-gruppo-de","13":"sws-conto-ricavi-merci-rivendita-abbigliamento-de","14":"sws-gruppo-iva-iva81-de","16":"first","17":"instock","18":"shipping-taxable","19":"purchasable","20":"product-type-variable","21":"has-default-attributes"},"_links":{"self":[{"href":"https:\/\/lucacastelli.com\/de\/wp-json\/wp\/v2\/product\/615748","targetHints":{"allow":["GET"]}}],"collection":[{"href":"https:\/\/lucacastelli.com\/de\/wp-json\/wp\/v2\/product"}],"about":[{"href":"https:\/\/lucacastelli.com\/de\/wp-json\/wp\/v2\/types\/product"}],"wp:featuredmedia":[{"embeddable":true,"href":"https:\/\/lucacastelli.com\/de\/wp-json\/wp\/v2\/media\/615097"}],"wp:attachment":[{"href":"https:\/\/lucacastelli.com\/de\/wp-json\/wp\/v2\/media?parent=615748"}],"wp:term":[{"taxonomy":"product_brand","embeddable":true,"href":"https:\/\/lucacastelli.com\/de\/wp-json\/wp\/v2\/product_brand?post=615748"},{"taxonomy":"product_cat","embeddable":true,"href":"https:\/\/lucacastelli.com\/de\/wp-json\/wp\/v2\/product_cat?post=615748"},{"taxonomy":"product_tag","embeddable":true,"href":"https:\/\/lucacastelli.com\/de\/wp-json\/wp\/v2\/product_tag?post=615748"}],"curies":[{"name":"wp","href":"https:\/\/api.w.org\/{rel}","templated":true}]}}